{"id":5676,"date":"2025-01-09T17:09:35","date_gmt":"2025-01-09T16:09:35","guid":{"rendered":"https:\/\/compraencieza.es\/?post_type=product&#038;p=5676"},"modified":"2025-01-09T17:25:19","modified_gmt":"2025-01-09T16:25:19","slug":"te-con-limon-agua-fria","status":"publish","type":"product","link":"https:\/\/compraencieza.es\/en\/product\/te-con-limon-agua-fria\/","title":{"rendered":"T\u00e9 con Lim\u00f3n &#8211; Agua Fr\u00eda"},"content":{"rendered":"<h3>Cl\u00e1sico y c\u00edtrico. \u00a1Refresco natural y dulce sin az\u00facar!<\/h3>\n<p>T\u00e9 fr\u00edo con Lim\u00f3n, sin az\u00facares a\u00f1adidos, perfecto para quienes buscan una bebida refrescante y cl\u00e1sica. Con su sabor vibrante y aut\u00e9ntico, es ideal para cualquier momento del d\u00eda.<\/p>\n<p>\u00a1An\u00edmate a probarlo y disfruta de su pureza y frescura!<\/p>\n<p><strong>INGREDIENTES<\/strong><\/p>\n<p>T\u00e9 negro (<em>Camellia sinensis<\/em>), Hibisco (<em>Hibiscus sabdariffa<\/em>, flor), ra\u00edz de Regaliz (<em>Glycyrrhizia glabra<\/em>), extracto de T\u00e9 negro (<em>Camellia sinensis<\/em>), hojas de estevia (<em>Stevia rebaudiana<\/em>\u00a0Bertoni), aroma natural de Lim\u00f3n y corteza de Lim\u00f3n (<em>Citrus lim\u00f3n<\/em>) 2%.<\/p>\n<p>Esta infusi\u00f3n no lleva az\u00facar a\u00f1adido; pero tampoco lo requiere por su sabor dulce.<\/p>","protected":false},"excerpt":{"rendered":"<h3>Cl\u00e1sico y c\u00edtrico. \u00a1Refresco natural y dulce sin az\u00facar!<\/h3>\n<p>T\u00e9 fr\u00edo con Lim\u00f3n, sin az\u00facares a\u00f1adidos, perfecto para quienes buscan una bebida refrescante y cl\u00e1sica. Con su sabor vibrante y aut\u00e9ntico, es ideal para cualquier momento del d\u00eda.<\/p>\n<p>\u00a1An\u00edmate a probarlo y disfruta de su pureza y frescura!<\/p>","protected":false},"featured_media":4659,"comment_status":"open","ping_status":"closed","template":"","meta":{"_acf_changed":false,"inline_featured_image":false},"product_cat":[105],"product_tag":[725,726,1209,1339,1859,133,1797,1860,1861,287,1888,1890,346,1891,1863,1240,538,564,767,864,216,1864,1329,740,568,741,1866,1892,1867,1202,1868,642,1336,236,1869,1825,1893,1894],"genre":[],"class_list":{"0":"post-5676","1":"product","2":"type-product","3":"status-publish","4":"has-post-thumbnail","6":"product_cat-salud","7":"product_tag-adelgazante","8":"product_tag-adelgazar","9":"product_tag-agua","10":"product_tag-azucar","11":"product_tag-bajar","12":"product_tag-bio","13":"product_tag-celiacos","14":"product_tag-cortezas","15":"product_tag-diabeticos","16":"product_tag-filtro","17":"product_tag-fria","18":"product_tag-fuego","19":"product_tag-gluten","20":"product_tag-hervir","21":"product_tag-huevo","22":"product_tag-infusion","23":"product_tag-lactosa","24":"product_tag-limon","25":"product_tag-liquidos","26":"product_tag-magnesio","27":"product_tag-natural","28":"product_tag-naturatal","29":"product_tag-naturcid","30":"product_tag-perder","31":"product_tag-perdida","32":"product_tag-peso","33":"product_tag-plameca","34":"product_tag-pompadour","35":"product_tag-raices","36":"product_tag-retencion","37":"product_tag-semillas","38":"product_tag-sport","39":"product_tag-taza","40":"product_tag-te","41":"product_tag-teina","42":"product_tag-vegano","43":"product_tag-veganos","44":"product_tag-vegetariano","46":"first","47":"instock","48":"taxable","49":"shipping-taxable","50":"purchasable","51":"product-type-simple","52":"add-to-wishlist-after_add_to_cart"},"acf":[],"_links":{"self":[{"href":"https:\/\/compraencieza.es\/en\/wp-json\/wp\/v2\/product\/5676","targetHints":{"allow":["GET"]}}],"collection":[{"href":"https:\/\/compraencieza.es\/en\/wp-json\/wp\/v2\/product"}],"about":[{"href":"https:\/\/compraencieza.es\/en\/wp-json\/wp\/v2\/types\/product"}],"replies":[{"embeddable":true,"href":"https:\/\/compraencieza.es\/en\/wp-json\/wp\/v2\/comments?post=5676"}],"wp:featuredmedia":[{"embeddable":true,"href":"https:\/\/compraencieza.es\/en\/wp-json\/wp\/v2\/media\/4659"}],"wp:attachment":[{"href":"https:\/\/compraencieza.es\/en\/wp-json\/wp\/v2\/media?parent=5676"}],"wp:term":[{"taxonomy":"product_cat","embeddable":true,"href":"https:\/\/compraencieza.es\/en\/wp-json\/wp\/v2\/product_cat?post=5676"},{"taxonomy":"product_tag","embeddable":true,"href":"https:\/\/compraencieza.es\/en\/wp-json\/wp\/v2\/product_tag?post=5676"},{"taxonomy":"product_brand","embeddable":true,"href":"https:\/\/compraencieza.es\/en\/wp-json\/wp\/v2\/genre?post=5676"}],"curies":[{"name":"wp","href":"https:\/\/api.w.org\/{rel}","templated":true}]}}