{"id":5677,"date":"2025-01-09T17:09:35","date_gmt":"2025-01-09T16:09:35","guid":{"rendered":"https:\/\/compraencieza.es\/?post_type=product&#038;p=5677"},"modified":"2025-01-09T17:25:19","modified_gmt":"2025-01-09T16:25:19","slug":"te-verde-hierbabuena-agua-fria","status":"publish","type":"product","link":"https:\/\/compraencieza.es\/en\/product\/te-verde-hierbabuena-agua-fria\/","title":{"rendered":"T\u00e9 Verde Hierbabuena &#8211; Agua Fr\u00eda"},"content":{"rendered":"<h3>Delicioso y refrescante. \u00a1Refresco natural y dulce sin az\u00facar!<\/h3>\n<p>T\u00e9 Verde con dos arom\u00e1ticas plantas (hierbabuena y menta), ideal para preparar en un momento una refrescante y apetecible bebida helada \u00a1sin azucares a\u00f1adidos!. En cinco minutos disfrutar\u00e1s del insuperable sabor a hierbabuena.<\/p>\n<p><strong>INGREDIENTES\u00a0<\/strong><\/p>\n<p>T\u00e9 Verde (<em>Camellia sinensis<\/em>), Hierbabuena (<em>Menta spicata<\/em>, hojas) 25%, ra\u00edz de Regaliz (<em>Glycyrrhizia glabra<\/em>), extracto de T\u00e9 Verde (<em>Camellia sinensis<\/em>), aroma natural de Menta, hojas de estevia (<em>Stevia rebaudiana<\/em>\u00a0Bertoni) y aroma natural de Hierbabuena.<\/p>\n<p>Esta infusi\u00f3n no lleva az\u00facar a\u00f1adido; pero tampoco lo requiere por su sabor dulce.<\/p>","protected":false},"excerpt":{"rendered":"<h3>Delicioso y refrescante. \u00a1Refresco natural y dulce sin az\u00facar!<\/h3>\n<p>T\u00e9 Verde con dos arom\u00e1ticas plantas (hierbabuena y menta), ideal para preparar en un momento una refrescante y apetecible bebida helada \u00a1sin azucares a\u00f1adidos!. En cinco minutos disfrutar\u00e1s del insuperable sabor a hierbabuena.<\/p>","protected":false},"featured_media":4660,"comment_status":"open","ping_status":"closed","template":"","meta":{"_acf_changed":false,"inline_featured_image":false},"product_cat":[105],"product_tag":[725,726,1209,1339,1859,133,1895,1797,1860,1861,287,1888,1890,346,1891,1896,1863,1240,538,767,864,216,1864,1329,740,568,741,1866,1892,1867,1202,1868,642,1336,236,1869,1825,1893,1894],"genre":[],"class_list":{"0":"post-5677","1":"product","2":"type-product","3":"status-publish","4":"has-post-thumbnail","6":"product_cat-salud","7":"product_tag-adelgazante","8":"product_tag-adelgazar","9":"product_tag-agua","10":"product_tag-azucar","11":"product_tag-bajar","12":"product_tag-bio","13":"product_tag-buena","14":"product_tag-celiacos","15":"product_tag-cortezas","16":"product_tag-diabeticos","17":"product_tag-filtro","18":"product_tag-fria","19":"product_tag-fuego","20":"product_tag-gluten","21":"product_tag-hervir","22":"product_tag-hierba","23":"product_tag-huevo","24":"product_tag-infusion","25":"product_tag-lactosa","26":"product_tag-liquidos","27":"product_tag-magnesio","28":"product_tag-natural","29":"product_tag-naturatal","30":"product_tag-naturcid","31":"product_tag-perder","32":"product_tag-perdida","33":"product_tag-peso","34":"product_tag-plameca","35":"product_tag-pompadour","36":"product_tag-raices","37":"product_tag-retencion","38":"product_tag-semillas","39":"product_tag-sport","40":"product_tag-taza","41":"product_tag-te","42":"product_tag-teina","43":"product_tag-vegano","44":"product_tag-veganos","45":"product_tag-vegetariano","47":"first","48":"instock","49":"taxable","50":"shipping-taxable","51":"purchasable","52":"product-type-simple","53":"add-to-wishlist-after_add_to_cart"},"acf":[],"_links":{"self":[{"href":"https:\/\/compraencieza.es\/en\/wp-json\/wp\/v2\/product\/5677","targetHints":{"allow":["GET"]}}],"collection":[{"href":"https:\/\/compraencieza.es\/en\/wp-json\/wp\/v2\/product"}],"about":[{"href":"https:\/\/compraencieza.es\/en\/wp-json\/wp\/v2\/types\/product"}],"replies":[{"embeddable":true,"href":"https:\/\/compraencieza.es\/en\/wp-json\/wp\/v2\/comments?post=5677"}],"wp:featuredmedia":[{"embeddable":true,"href":"https:\/\/compraencieza.es\/en\/wp-json\/wp\/v2\/media\/4660"}],"wp:attachment":[{"href":"https:\/\/compraencieza.es\/en\/wp-json\/wp\/v2\/media?parent=5677"}],"wp:term":[{"taxonomy":"product_cat","embeddable":true,"href":"https:\/\/compraencieza.es\/en\/wp-json\/wp\/v2\/product_cat?post=5677"},{"taxonomy":"product_tag","embeddable":true,"href":"https:\/\/compraencieza.es\/en\/wp-json\/wp\/v2\/product_tag?post=5677"},{"taxonomy":"product_brand","embeddable":true,"href":"https:\/\/compraencieza.es\/en\/wp-json\/wp\/v2\/genre?post=5677"}],"curies":[{"name":"wp","href":"https:\/\/api.w.org\/{rel}","templated":true}]}}