{"id":5678,"date":"2025-01-09T17:09:36","date_gmt":"2025-01-09T16:09:36","guid":{"rendered":"https:\/\/compraencieza.es\/?post_type=product&#038;p=5678"},"modified":"2025-01-09T17:25:17","modified_gmt":"2025-01-09T16:25:17","slug":"sport-fuente-de-magnesio-agua-fria","status":"publish","type":"product","link":"https:\/\/compraencieza.es\/en\/product\/sport-fuente-de-magnesio-agua-fria\/","title":{"rendered":"Sport Fuente De Magnesio &#8211; Agua Fr\u00eda"},"content":{"rendered":"<h3>El refresco perfecto para los deportistas. \u00a1Refresco natural y dulce sin az\u00facar!<\/h3>\n<p>Infusi\u00f3n Sport, <strong>sin te\u00edna<\/strong>\u00a0y con un delicioso sabor a manzana, es ideal para deportistas. Para hidratarse durante el ejercicio o en los descansos, fuente de Magnesio que contribuye al funcionamiento normal de los m\u00fasculos.<\/p>\n<p><strong>INGREDIENTES<\/strong><\/p>\n<p>Manzanas (<em>Malus domestica<\/em>) 36%, citrato de magnesio, escaramujo (<em>Rosa canina<\/em>) 10,5%, ra\u00edz de achicoria (<em>Cichorium intybus<\/em>), hojas de estevia (<em>Stevia rebaudiana<\/em>),\u00a0 aroma a manzana,\u00a0 aroma a lim\u00f3n y corteza de lim\u00f3n (<em>Citrus lim\u00f3n<\/em>).<\/p>","protected":false},"excerpt":{"rendered":"<h3>El refresco perfecto para los deportistas. \u00a1Refresco natural y dulce sin az\u00facar!<\/h3>\n<p>Infusi\u00f3n Sport, <strong>sin te\u00edna<\/strong>\u00a0y con un delicioso sabor a manzana, es ideal para deportistas. Para hidratarse durante el ejercicio o en los descansos, fuente de Magnesio que contribuye al funcionamiento normal de los m\u00fasculos.<\/p>","protected":false},"featured_media":4661,"comment_status":"open","ping_status":"closed","template":"","meta":{"_acf_changed":false,"inline_featured_image":false},"product_cat":[105],"product_tag":[725,726,1339,1859,133,1797,1860,1861,287,156,1890,346,1891,1863,1240,538,767,216,1864,1329,740,568,741,1866,1892,1867,1202,1868,1336,236,1869,1825,1893,1894],"genre":[],"class_list":{"0":"post-5678","1":"product","2":"type-product","3":"status-publish","4":"has-post-thumbnail","6":"product_cat-salud","7":"product_tag-adelgazante","8":"product_tag-adelgazar","9":"product_tag-azucar","10":"product_tag-bajar","11":"product_tag-bio","12":"product_tag-celiacos","13":"product_tag-cortezas","14":"product_tag-diabeticos","15":"product_tag-filtro","16":"product_tag-frio","17":"product_tag-fuego","18":"product_tag-gluten","19":"product_tag-hervir","20":"product_tag-huevo","21":"product_tag-infusion","22":"product_tag-lactosa","23":"product_tag-liquidos","24":"product_tag-natural","25":"product_tag-naturatal","26":"product_tag-naturcid","27":"product_tag-perder","28":"product_tag-perdida","29":"product_tag-peso","30":"product_tag-plameca","31":"product_tag-pompadour","32":"product_tag-raices","33":"product_tag-retencion","34":"product_tag-semillas","35":"product_tag-taza","36":"product_tag-te","37":"product_tag-teina","38":"product_tag-vegano","39":"product_tag-veganos","40":"product_tag-vegetariano","42":"first","43":"instock","44":"taxable","45":"shipping-taxable","46":"purchasable","47":"product-type-simple","48":"add-to-wishlist-after_add_to_cart"},"acf":[],"_links":{"self":[{"href":"https:\/\/compraencieza.es\/en\/wp-json\/wp\/v2\/product\/5678","targetHints":{"allow":["GET"]}}],"collection":[{"href":"https:\/\/compraencieza.es\/en\/wp-json\/wp\/v2\/product"}],"about":[{"href":"https:\/\/compraencieza.es\/en\/wp-json\/wp\/v2\/types\/product"}],"replies":[{"embeddable":true,"href":"https:\/\/compraencieza.es\/en\/wp-json\/wp\/v2\/comments?post=5678"}],"wp:featuredmedia":[{"embeddable":true,"href":"https:\/\/compraencieza.es\/en\/wp-json\/wp\/v2\/media\/4661"}],"wp:attachment":[{"href":"https:\/\/compraencieza.es\/en\/wp-json\/wp\/v2\/media?parent=5678"}],"wp:term":[{"taxonomy":"product_cat","embeddable":true,"href":"https:\/\/compraencieza.es\/en\/wp-json\/wp\/v2\/product_cat?post=5678"},{"taxonomy":"product_tag","embeddable":true,"href":"https:\/\/compraencieza.es\/en\/wp-json\/wp\/v2\/product_tag?post=5678"},{"taxonomy":"product_brand","embeddable":true,"href":"https:\/\/compraencieza.es\/en\/wp-json\/wp\/v2\/genre?post=5678"}],"curies":[{"name":"wp","href":"https:\/\/api.w.org\/{rel}","templated":true}]}}