{"id":5692,"date":"2025-01-09T17:09:42","date_gmt":"2025-01-09T16:09:42","guid":{"rendered":"https:\/\/compraencieza.es\/?post_type=product&#038;p=5692"},"modified":"2025-01-09T17:09:44","modified_gmt":"2025-01-09T16:09:44","slug":"beta-caroteno-66-mg-90-perlas","status":"publish","type":"product","link":"https:\/\/compraencieza.es\/en\/product\/beta-caroteno-66-mg-90-perlas\/","title":{"rendered":"Beta-caroteno 6,6 mg. 90 perlas"},"content":{"rendered":"<div class=\"product-precontenido\">\n<ul class=\"listado_caracteristicas-producto\">\n<li class=\"caracteristica-producto\">La vitamina A contribuye al funcionamiento normal del sistema inmunitario.<\/li>\n<li class=\"caracteristica-producto\">La vitamina A contribuye al mantenimiento de la piel en condiciones normales.<\/li>\n<li class=\"caracteristica-producto\">La vitamina A contribuye al mantenimiento de la visi\u00f3n en condiciones normales.<\/li>\n<li class=\"caracteristica-producto\">La vitamina A contribuye al mantenimiento de las mucosas en condiciones normales.<\/li>\n<li class=\"caracteristica-producto\">La vitamina A contribuye al metabolismo normal del hierro.<\/li>\n<\/ul>\n<\/div>\n<div class=\"product-contenido\">\n<h2>Descripci\u00f3n<\/h2>\n<p><strong>Beta-caroteno 6,6 mg perlas<\/strong>\u00a0de Obire est\u00e1 formulado con Beta-caroteno que nos proporciona vitamina A que tiene propiedades beneficiosas para la visi\u00f3n, act\u00faa como antioxidante y nos ayuda al cuidado de la piel.<\/p>\n<p>Los Beta-carotenos son pigmentos precursores de la vitamina A, tienen propiedades antioxidantes, ayudan a mantener un buen funcionamiento de la visi\u00f3n, aumentan las defensas y nos ayuda al cuidado de la piel.<\/p>\n<p><strong>Active nutrients:<\/strong> Beta-caroteno.<\/p>\n<table border=\"1\" cellspacing=\"0\">\n<tbody>\n<tr>\n<td><strong>NUTRIENTS<\/strong><\/td>\n<td><strong>AMOUNT<\/strong><\/td>\n<td><strong>CONTRIBUTE<\/strong><\/td>\n<\/tr>\n<tr>\n<td>Betacaroteno<\/td>\n<td>22 mg<\/td>\n<td>6,6 mg Beta-Caroteno<\/td>\n<\/tr>\n<\/tbody>\n<\/table>\n<p><strong>Instructions for Use:<\/strong>\u00a0Como complemento en la dieta tomar una (1) perla al d\u00eda. En periodos prolongados de tratamiento se recomienda hacer descansos de consumo, para garantizar el efecto deseado.<\/p>\n<p>Caracter\u00edsticas principales de Beta-caroteno 6,6 mg perlas:<\/p>\n<p>&nbsp;<\/p>\n<div class=\"et-custom-list etlist-check\">\n<ul>\n<li>Allergen-free product in accordance with Regulation (EU) No. 1169\/2011.<\/li>\n<li>No contiene gluten ni lactosa.<\/li>\n<li>Complemento alimenticios a base de vitamina.<\/li>\n<li>Envase para 90 d\u00edas de uso.<\/li>\n<li>Formato perla, que protege al aceite de la oxidaci\u00f3n.<\/li>\n<\/ul>\n<\/div>\n<p>&nbsp;<\/p>\n<p>Warnings: Food supplements should not be used as a substitute for a varied and balanced diet. A healthy lifestyle is recommended. Do not exceed the recommended daily amount. Store in a cool, dry place away from sunlight. Keep out of reach of small children. Consult your doctor if you are pregnant or breastfeeding.<\/p>\n<\/div>","protected":false},"excerpt":{"rendered":"<p>Complemento alimentario que entre otras cosas act\u00faa como buen antioxidante, es un precursor de la vitamina A lo cual ayuda al sistema inmunol\u00f3gico, tambi\u00e9n contribuye a la salud de la piel manteni\u00e9ndola hidratada y protegi\u00e9ndola de da\u00f1os de exposici\u00f3n al sol.<\/p>\n<p>Algunos estudios tambi\u00e9n sugieren que puede ayudar a la salud pulmonar.<\/p>","protected":false},"featured_media":4680,"comment_status":"open","ping_status":"closed","template":"","meta":{"_acf_changed":false,"inline_featured_image":false},"product_cat":[105],"product_tag":[823,1011,132,1599,1909,1910,1911,891,1281,1830,874,1912,739,1330,604,876,877,1913,422,358],"genre":[],"class_list":{"0":"post-5692","1":"product","2":"type-product","3":"status-publish","4":"has-post-thumbnail","6":"product_cat-salud","7":"product_tag-a","8":"product_tag-alimenticio","9":"product_tag-anti","10":"product_tag-antioxidante","11":"product_tag-beta","12":"product_tag-cancer","13":"product_tag-caroteno","14":"product_tag-complemento","15":"product_tag-hierro","16":"product_tag-inmune","17":"product_tag-inmunologico","18":"product_tag-mucosas","19":"product_tag-obire","20":"product_tag-oxidante","21":"product_tag-piel","22":"product_tag-sistema","23":"product_tag-suplemento","24":"product_tag-vision","25":"product_tag-vitamina","26":"product_tag-vitaminas","28":"first","29":"instock","30":"taxable","31":"shipping-taxable","32":"purchasable","33":"product-type-simple","34":"add-to-wishlist-after_add_to_cart"},"acf":[],"_links":{"self":[{"href":"https:\/\/compraencieza.es\/en\/wp-json\/wp\/v2\/product\/5692","targetHints":{"allow":["GET"]}}],"collection":[{"href":"https:\/\/compraencieza.es\/en\/wp-json\/wp\/v2\/product"}],"about":[{"href":"https:\/\/compraencieza.es\/en\/wp-json\/wp\/v2\/types\/product"}],"replies":[{"embeddable":true,"href":"https:\/\/compraencieza.es\/en\/wp-json\/wp\/v2\/comments?post=5692"}],"wp:featuredmedia":[{"embeddable":true,"href":"https:\/\/compraencieza.es\/en\/wp-json\/wp\/v2\/media\/4680"}],"wp:attachment":[{"href":"https:\/\/compraencieza.es\/en\/wp-json\/wp\/v2\/media?parent=5692"}],"wp:term":[{"taxonomy":"product_cat","embeddable":true,"href":"https:\/\/compraencieza.es\/en\/wp-json\/wp\/v2\/product_cat?post=5692"},{"taxonomy":"product_tag","embeddable":true,"href":"https:\/\/compraencieza.es\/en\/wp-json\/wp\/v2\/product_tag?post=5692"},{"taxonomy":"product_brand","embeddable":true,"href":"https:\/\/compraencieza.es\/en\/wp-json\/wp\/v2\/genre?post=5692"}],"curies":[{"name":"wp","href":"https:\/\/api.w.org\/{rel}","templated":true}]}}