{"id":5694,"date":"2025-01-09T17:09:42","date_gmt":"2025-01-09T16:09:42","guid":{"rendered":"https:\/\/compraencieza.es\/?post_type=product&#038;p=5694"},"modified":"2025-01-09T17:15:56","modified_gmt":"2025-01-09T16:15:56","slug":"te-verde-150-mg-extracto-seco-60-capsulas","status":"publish","type":"product","link":"https:\/\/compraencieza.es\/en\/product\/te-verde-150-mg-extracto-seco-60-capsulas\/","title":{"rendered":"Green tea 150 mg. (Dry extract) 60 capsules"},"content":{"rendered":"<p><strong>Active nutrients:<\/strong>\u00a0T\u00e9 Verde extracto seco de hojas (<em>Camellia sinensis<\/em>).<\/p>\n<table>\n<tbody>\n<tr>\n<td width=\"192\"><strong>NUTRIENTE<\/strong><\/td>\n<td width=\"192\"><strong>POR 2 C\u00c1PSULAS<\/strong><\/td>\n<td width=\"192\"><strong>EQUIVALENCIA<\/strong><\/td>\n<\/tr>\n<tr>\n<td width=\"192\">T\u00e9 verde Extracto seco<\/td>\n<td width=\"192\">300 mg<\/td>\n<td width=\"192\">4.500 mg de planta polvo<\/td>\n<\/tr>\n<\/tbody>\n<\/table>\n<p><strong>Recommended dosage:<\/strong>\u00a0Como complemento en la dieta tomar dos (2) c\u00e1psulas al d\u00eda. En periodos prolongados de tratamiento se recomienda hacer descansos de consumo, para garantizar el efecto deseado.<\/p>\n<p>Caracter\u00edsticas principales de T\u00e9 verde (ext. seco) 150 mg c\u00e1psulas:<\/p>\n<p>&nbsp;<\/p>\n<div class=\"et-custom-list etlist-check\">\n<ul>\n<li>Allergen-free product in accordance with Regulation (EU) No. 1169\/2011.<\/li>\n<li>It does not contain gluten or lactose.<\/li>\n<li>Extracto seco<\/li>\n<li>Complemento alimenticios a base de planta.<\/li>\n<li>Envase para 30 d\u00edas de uso.<\/li>\n<\/ul>\n<\/div>\n<p>&nbsp;<\/p>\n<p>ADVERTENCIA: No superar la dosis diaria expresamente recomendada. Los complementos alimenticios no deben utilizarse como sustitutos de una dieta equilibrada. Se recomienda un estilo de vida saludable. Mant\u00e9ngase fuera del alcance de los ni\u00f1os m\u00e1s peque\u00f1os. La cantidad de (-) 3-galato de epigalocatequina por c\u00e1psula es de 120 mg. La dosis diaria contiene 240 mg de (-) 3-galato de epigalocatequina. No debe consumirse una cantidad diaria de 800 mg o m\u00e1s de (-) 3-galato de epigalocatequina. No debe consumirse si ya se consumen en el mismo d\u00eda otros productos que contengan t\u00e9 verde. No debe ser consumido por mujeres embarazadas o en periodo de lactancia, ni por menores de 18 a\u00f1os. No debe tomarse con el est\u00f3mago vac\u00edo.Conservar en lugar seco, fresco y no expuesto a la luz solar. Envase a prueba de manipulaciones, no ingerir si el tap\u00f3n est\u00e1 roto.<\/p>","protected":false},"excerpt":{"rendered":"<p>\u00c9ste complemento alimenticio es un potente antioxidante que mejora el metabolismo, el rendimiento f\u00edsico y favorece un buen apoyo a la salud cerebral.<\/p>\n<p>Tambi\u00e9n favorece el riesgo cardiovascular, regula los niveles de az\u00facar en sangre, tiene propiedades antiinflamatorias y es un apoyo a la salud bucal.<\/p>","protected":false},"featured_media":4685,"comment_status":"open","ping_status":"closed","template":"","meta":{"_acf_changed":false,"inline_featured_image":false},"product_cat":[105],"product_tag":[132,578,1599,1925,1339,1926,956,887,1927,1928,1184,1185,346,585,1830,1929,785,1330,1200,352,822,1930,590,700,405,236,208],"genre":[],"class_list":{"0":"post-5694","1":"product","2":"type-product","3":"status-publish","4":"has-post-thumbnail","6":"product_cat-salud","7":"product_tag-anti","8":"product_tag-antiinflamatorio","9":"product_tag-antioxidante","10":"product_tag-apoyo","11":"product_tag-azucar","12":"product_tag-bucal","13":"product_tag-capsula","14":"product_tag-capsulas","15":"product_tag-cardiovascular","16":"product_tag-cerebral","17":"product_tag-extracto","18":"product_tag-fisico","19":"product_tag-gluten","20":"product_tag-inflamatorio","21":"product_tag-inmune","22":"product_tag-lactusa","23":"product_tag-metabolismo","24":"product_tag-oxidante","25":"product_tag-planta","26":"product_tag-plantas","27":"product_tag-rendimiento","28":"product_tag-riesgo","29":"product_tag-salud","30":"product_tag-sangre","31":"product_tag-seco","32":"product_tag-te","33":"product_tag-verde","35":"first","36":"instock","37":"taxable","38":"shipping-taxable","39":"purchasable","40":"product-type-simple","41":"add-to-wishlist-after_add_to_cart"},"acf":[],"_links":{"self":[{"href":"https:\/\/compraencieza.es\/en\/wp-json\/wp\/v2\/product\/5694","targetHints":{"allow":["GET"]}}],"collection":[{"href":"https:\/\/compraencieza.es\/en\/wp-json\/wp\/v2\/product"}],"about":[{"href":"https:\/\/compraencieza.es\/en\/wp-json\/wp\/v2\/types\/product"}],"replies":[{"embeddable":true,"href":"https:\/\/compraencieza.es\/en\/wp-json\/wp\/v2\/comments?post=5694"}],"wp:featuredmedia":[{"embeddable":true,"href":"https:\/\/compraencieza.es\/en\/wp-json\/wp\/v2\/media\/4685"}],"wp:attachment":[{"href":"https:\/\/compraencieza.es\/en\/wp-json\/wp\/v2\/media?parent=5694"}],"wp:term":[{"taxonomy":"product_cat","embeddable":true,"href":"https:\/\/compraencieza.es\/en\/wp-json\/wp\/v2\/product_cat?post=5694"},{"taxonomy":"product_tag","embeddable":true,"href":"https:\/\/compraencieza.es\/en\/wp-json\/wp\/v2\/product_tag?post=5694"},{"taxonomy":"product_brand","embeddable":true,"href":"https:\/\/compraencieza.es\/en\/wp-json\/wp\/v2\/genre?post=5694"}],"curies":[{"name":"wp","href":"https:\/\/api.w.org\/{rel}","templated":true}]}}