{"id":5696,"date":"2025-01-09T17:09:42","date_gmt":"2025-01-09T16:09:42","guid":{"rendered":"https:\/\/compraencieza.es\/?post_type=product&#038;p=5696"},"modified":"2025-01-09T17:09:45","modified_gmt":"2025-01-09T16:09:45","slug":"champu-cabello-sensible-botanics-400ml","status":"publish","type":"product","link":"https:\/\/compraencieza.es\/en\/product\/champu-cabello-sensible-botanics-400ml\/","title":{"rendered":"Champ\u00fa Cabello Sensible Botanics 400ml"},"content":{"rendered":"<p>El\u00a0<b>Champ\u00fa sensible de Mussvital Botanics<\/b>\u00a0contiene una f\u00f3rmula dermatol\u00f3gica espec\u00edfica para la higiene diaria del cabello fr\u00e1gil, desvitalizado y con tendencia a caer. Reduce la ca\u00edda capilar y tiene una acci\u00f3n revitalizante. Su f\u00f3rmula con pH 5.5, limpia en profundidad sin irritar. Respeta la barrera hidrolip\u00eddica.<\/p>\n<div class=\"elementor-tabs-wrapper\" role=\"tablist\">\n<div id=\"elementor-tab-title-1263\" class=\"elementor-tab-title elementor-tab-desktop-title elementor-active\" tabindex=\"0\" role=\"tab\" aria-selected=\"true\" data-tab=\"3\" aria-controls=\"elementor-tab-content-1263\" aria-expanded=\"true\">Beneficios<\/div>\n<\/div>\n<div class=\"elementor-tabs-content-wrapper\" role=\"tablist\" aria-orientation=\"vertical\">\n<div id=\"elementor-tab-content-1263\" class=\"elementor-tab-content elementor-clearfix elementor-active\" tabindex=\"0\" role=\"tabpanel\" data-tab=\"3\" aria-labelledby=\"elementor-tab-title-1263\">\n<ul>\n<li>Ayuda a evitar la deshidrataci\u00f3n del cuero cabelludo.<\/li>\n<li>F\u00f3rmula dermatol\u00f3gica espec\u00edfica para la higiene diaria.<\/li>\n<li>90% de ingredientes de origen natural.<\/li>\n<\/ul>\n<\/div>\n<\/div>","protected":false},"excerpt":{"rendered":"<p>El\u00a0<b>Champ\u00fa sensible de Mussvital Botanics<\/b>\u00a0contiene una f\u00f3rmula dermatol\u00f3gica espec\u00edfica para la higiene diaria del cabello fr\u00e1gil, desvitalizado y con tendencia a caer. Reduce la ca\u00edda capilar y tiene una acci\u00f3n revitalizante. Su f\u00f3rmula con pH 5.5, limpia en profundidad sin irritar. Respeta la barrera hidrolip\u00eddica.<\/p>","protected":false},"featured_media":4687,"comment_status":"open","ping_status":"closed","template":"","meta":{"_acf_changed":false,"inline_featured_image":false},"product_cat":[106],"product_tag":[423,1208,1660,1627,1661,365,220,1662,1110,1663,1664,245,224,144,146,1665,943,1244,417,1001,419,1666,603,216,303,543,919,589,604,657,1667,1332,1668,383],"genre":[],"class_list":{"0":"post-5696","1":"product","2":"type-product","3":"status-publish","4":"has-post-thumbnail","6":"product_cat-belleza","7":"product_tag-423","8":"product_tag-adultos","9":"product_tag-atopica","10":"product_tag-ayuda","11":"product_tag-botanics","12":"product_tag-calma","13":"product_tag-champu","14":"product_tag-corporal","15":"product_tag-emoliente","16":"product_tag-escama","17":"product_tag-escamada","18":"product_tag-fisiologico","19":"product_tag-gel","20":"product_tag-hidrata","21":"product_tag-hidratante","22":"product_tag-hipoalergenico","23":"product_tag-jabon","24":"product_tag-locion","25":"product_tag-masvital","26":"product_tag-mejora","27":"product_tag-mussvital","28":"product_tag-mussvitall","29":"product_tag-musvital","30":"product_tag-natural","31":"product_tag-nino","32":"product_tag-ninos","33":"product_tag-ph","34":"product_tag-picor","35":"product_tag-piel","36":"product_tag-previene","37":"product_tag-problema","38":"product_tag-problemas","39":"product_tag-prurito","40":"product_tag-seca","42":"first","43":"instock","44":"taxable","45":"shipping-taxable","46":"purchasable","47":"product-type-simple","48":"add-to-wishlist-after_add_to_cart"},"acf":[],"_links":{"self":[{"href":"https:\/\/compraencieza.es\/en\/wp-json\/wp\/v2\/product\/5696","targetHints":{"allow":["GET"]}}],"collection":[{"href":"https:\/\/compraencieza.es\/en\/wp-json\/wp\/v2\/product"}],"about":[{"href":"https:\/\/compraencieza.es\/en\/wp-json\/wp\/v2\/types\/product"}],"replies":[{"embeddable":true,"href":"https:\/\/compraencieza.es\/en\/wp-json\/wp\/v2\/comments?post=5696"}],"wp:featuredmedia":[{"embeddable":true,"href":"https:\/\/compraencieza.es\/en\/wp-json\/wp\/v2\/media\/4687"}],"wp:attachment":[{"href":"https:\/\/compraencieza.es\/en\/wp-json\/wp\/v2\/media?parent=5696"}],"wp:term":[{"taxonomy":"product_cat","embeddable":true,"href":"https:\/\/compraencieza.es\/en\/wp-json\/wp\/v2\/product_cat?post=5696"},{"taxonomy":"product_tag","embeddable":true,"href":"https:\/\/compraencieza.es\/en\/wp-json\/wp\/v2\/product_tag?post=5696"},{"taxonomy":"product_brand","embeddable":true,"href":"https:\/\/compraencieza.es\/en\/wp-json\/wp\/v2\/genre?post=5696"}],"curies":[{"name":"wp","href":"https:\/\/api.w.org\/{rel}","templated":true}]}}