{"id":5698,"date":"2025-01-09T17:09:42","date_gmt":"2025-01-09T16:09:42","guid":{"rendered":"https:\/\/compraencieza.es\/?post_type=product&#038;p=5698"},"modified":"2025-01-09T17:25:17","modified_gmt":"2025-01-09T16:25:17","slug":"acondicionador-monoi-botanics-400ml","status":"publish","type":"product","link":"https:\/\/compraencieza.es\/en\/product\/acondicionador-monoi-botanics-400ml\/","title":{"rendered":"Mono\u00ef Botanics Conditioner 400ML"},"content":{"rendered":"<p>El\u00a0<strong>acondicionador nutritivo de Mono\u00ef Mussvital Botanics<\/strong>\u00a0contiene una f\u00f3rmula dermatol\u00f3gica espec\u00edfica para la higiene diaria del cabello normal a seco. Su f\u00f3rmula desenreda, protege, nutre y devuelve el Brillo natural del cabello.<\/p>\n<p><strong>Ingredients:<\/strong><\/p>\n<p>Aqua, Cetearyl alcohol, Cetrimonium chloride, Glycerin, Dimethicone, Isopropyl myristate, Parfum, Polyquaternium-10, Panthenol, Cocos nucifera oil, Gardenia taitensis flower extract, Hydrolyzed wheat protein, Hydrolyzed corn protein, Hydrolyzed soy protein, Sodium benzoate, Magnesium nitrate, Methylchloroisothiazolinone, Citric acid, Magnesium chloride, Methylisothiazolinone, Tocopherol, CI 42090, Amyl cinnamal, Hydroxycitronellal, Linalool, Benzyl salicylate<\/p>\n<div class=\"elementor-tabs-wrapper\" role=\"tablist\">\n<div id=\"elementor-tab-title-1263\" class=\"elementor-tab-title elementor-tab-desktop-title elementor-active\" tabindex=\"0\" role=\"tab\" aria-selected=\"true\" data-tab=\"3\" aria-controls=\"elementor-tab-content-1263\" aria-expanded=\"true\">Beneficios<\/div>\n<\/div>\n<div class=\"elementor-tabs-content-wrapper\" role=\"tablist\" aria-orientation=\"vertical\">\n<div id=\"elementor-tab-content-1263\" class=\"elementor-tab-content elementor-clearfix elementor-active\" tabindex=\"0\" role=\"tabpanel\" data-tab=\"3\" aria-labelledby=\"elementor-tab-title-1263\">\n<ul>\n<li>Desenreda, protege, nutre, brillo<\/li>\n<li>91% de ingredientes de origen natural.<\/li>\n<li>F\u00f3rmula dermatol\u00f3gica espec\u00edfica<\/li>\n<\/ul>\n<\/div>\n<\/div>","protected":false},"excerpt":{"rendered":"<p>El\u00a0<strong>acondicionador nutritivo de Mono\u00ef Mussvital Botanics<\/strong>\u00a0contiene una f\u00f3rmula dermatol\u00f3gica espec\u00edfica para la higiene diaria del cabello normal a seco. Su f\u00f3rmula desenreda, protege, nutre y devuelve el Brillo natural del cabello.<\/p>","protected":false},"featured_media":4689,"comment_status":"open","ping_status":"closed","template":"","meta":{"_acf_changed":false,"inline_featured_image":false},"product_cat":[106],"product_tag":[423,1931,1208,1660,1627,1661,365,220,1662,1110,1663,1664,245,224,144,146,1665,943,1244,417,1001,419,1666,603,216,303,543,919,589,604,657,1667,1332,1668,383],"genre":[],"class_list":{"0":"post-5698","1":"product","2":"type-product","3":"status-publish","4":"has-post-thumbnail","6":"product_cat-belleza","7":"product_tag-423","8":"product_tag-acondicionador","9":"product_tag-adultos","10":"product_tag-atopica","11":"product_tag-ayuda","12":"product_tag-botanics","13":"product_tag-calma","14":"product_tag-champu","15":"product_tag-corporal","16":"product_tag-emoliente","17":"product_tag-escama","18":"product_tag-escamada","19":"product_tag-fisiologico","20":"product_tag-gel","21":"product_tag-hidrata","22":"product_tag-hidratante","23":"product_tag-hipoalergenico","24":"product_tag-jabon","25":"product_tag-locion","26":"product_tag-masvital","27":"product_tag-mejora","28":"product_tag-mussvital","29":"product_tag-mussvitall","30":"product_tag-musvital","31":"product_tag-natural","32":"product_tag-nino","33":"product_tag-ninos","34":"product_tag-ph","35":"product_tag-picor","36":"product_tag-piel","37":"product_tag-previene","38":"product_tag-problema","39":"product_tag-problemas","40":"product_tag-prurito","41":"product_tag-seca","43":"first","44":"instock","45":"taxable","46":"shipping-taxable","47":"purchasable","48":"product-type-simple","49":"add-to-wishlist-after_add_to_cart"},"acf":[],"_links":{"self":[{"href":"https:\/\/compraencieza.es\/en\/wp-json\/wp\/v2\/product\/5698","targetHints":{"allow":["GET"]}}],"collection":[{"href":"https:\/\/compraencieza.es\/en\/wp-json\/wp\/v2\/product"}],"about":[{"href":"https:\/\/compraencieza.es\/en\/wp-json\/wp\/v2\/types\/product"}],"replies":[{"embeddable":true,"href":"https:\/\/compraencieza.es\/en\/wp-json\/wp\/v2\/comments?post=5698"}],"wp:featuredmedia":[{"embeddable":true,"href":"https:\/\/compraencieza.es\/en\/wp-json\/wp\/v2\/media\/4689"}],"wp:attachment":[{"href":"https:\/\/compraencieza.es\/en\/wp-json\/wp\/v2\/media?parent=5698"}],"wp:term":[{"taxonomy":"product_cat","embeddable":true,"href":"https:\/\/compraencieza.es\/en\/wp-json\/wp\/v2\/product_cat?post=5698"},{"taxonomy":"product_tag","embeddable":true,"href":"https:\/\/compraencieza.es\/en\/wp-json\/wp\/v2\/product_tag?post=5698"},{"taxonomy":"product_brand","embeddable":true,"href":"https:\/\/compraencieza.es\/en\/wp-json\/wp\/v2\/genre?post=5698"}],"curies":[{"name":"wp","href":"https:\/\/api.w.org\/{rel}","templated":true}]}}