{"id":5700,"date":"2025-01-09T17:09:42","date_gmt":"2025-01-09T16:09:42","guid":{"rendered":"https:\/\/compraencieza.es\/?post_type=product&#038;p=5700"},"modified":"2025-01-09T17:25:17","modified_gmt":"2025-01-09T16:25:17","slug":"evax-cottonlike-normal-alas","status":"publish","type":"product","link":"https:\/\/compraencieza.es\/en\/product\/evax-cottonlike-normal-alas\/","title":{"rendered":"Evax Cottonlike Normal Alas"},"content":{"rendered":"<p>Evax Cottonlike te ofrece mayor comodidad cuando la llevas, pero tambi\u00e9n en el momento de quit\u00e1rtela. Adem\u00e1s, su sistema \u00fanico dual con perlas activas neutraliza el olor y absorbe el flujo al instante para que te sientas hasta 100% limpia.<\/p>\n<p>Hay diferentes tipos de compresas Evax Cottonlike seg\u00fan tu flujo: Usa Evax Cottonlike normal con alas para los d\u00edas de flujo leve o moderado.<\/p>\n<h2>Beneficios del producto<\/h2>\n<div class=\"items\">\n<ul>\n<li>Alas adapt que mantienen la compresa en su sitio para mayor comodidad cuando la llevas y en el momento de quit\u00e1rtela<\/li>\n<li>Sistema Dual que neutraliza el olor y asegura una absorci\u00f3n inmediata<\/li>\n<\/ul>\n<ul>\n<li>Cobertura Cottonlike con tacto de algod\u00f3n<\/li>\n<li>Protecci\u00f3n de larga duraci\u00f3n para continuar tu d\u00eda sin interrupciones<\/li>\n<\/ul>\n<\/div>","protected":false},"excerpt":{"rendered":"<p>Evax Cottonlike te ofrece mayor comodidad cuando la llevas, pero tambi\u00e9n en el momento de quit\u00e1rtela. Adem\u00e1s, su sistema \u00fanico dual con perlas activas neutraliza el olor y absorbe el flujo al instante para que te sientas hasta 100% limpia.<\/p>\n<p>&nbsp;<\/p>","protected":false},"featured_media":4691,"comment_status":"open","ping_status":"closed","template":"","meta":{"_acf_changed":false,"inline_featured_image":false},"product_cat":[105],"product_tag":[1932,1933,1934,1935,1936,560,586,1282,1937,812,1938,1939],"genre":[],"class_list":{"0":"post-5700","1":"product","2":"type-product","3":"status-publish","4":"has-post-thumbnail","6":"product_cat-salud","7":"product_tag-alas","8":"product_tag-compak","9":"product_tag-compresas","10":"product_tag-cottonlike","11":"product_tag-evax","12":"product_tag-higiene","13":"product_tag-intima","14":"product_tag-normal","15":"product_tag-peaerl","16":"product_tag-super","17":"product_tag-tampax","18":"product_tag-tampones","20":"first","21":"instock","22":"taxable","23":"shipping-taxable","24":"purchasable","25":"product-type-simple","26":"add-to-wishlist-after_add_to_cart"},"acf":[],"_links":{"self":[{"href":"https:\/\/compraencieza.es\/en\/wp-json\/wp\/v2\/product\/5700","targetHints":{"allow":["GET"]}}],"collection":[{"href":"https:\/\/compraencieza.es\/en\/wp-json\/wp\/v2\/product"}],"about":[{"href":"https:\/\/compraencieza.es\/en\/wp-json\/wp\/v2\/types\/product"}],"replies":[{"embeddable":true,"href":"https:\/\/compraencieza.es\/en\/wp-json\/wp\/v2\/comments?post=5700"}],"wp:featuredmedia":[{"embeddable":true,"href":"https:\/\/compraencieza.es\/en\/wp-json\/wp\/v2\/media\/4691"}],"wp:attachment":[{"href":"https:\/\/compraencieza.es\/en\/wp-json\/wp\/v2\/media?parent=5700"}],"wp:term":[{"taxonomy":"product_cat","embeddable":true,"href":"https:\/\/compraencieza.es\/en\/wp-json\/wp\/v2\/product_cat?post=5700"},{"taxonomy":"product_tag","embeddable":true,"href":"https:\/\/compraencieza.es\/en\/wp-json\/wp\/v2\/product_tag?post=5700"},{"taxonomy":"product_brand","embeddable":true,"href":"https:\/\/compraencieza.es\/en\/wp-json\/wp\/v2\/genre?post=5700"}],"curies":[{"name":"wp","href":"https:\/\/api.w.org\/{rel}","templated":true}]}}