{"id":5702,"date":"2025-01-09T17:09:42","date_gmt":"2025-01-09T16:09:42","guid":{"rendered":"https:\/\/compraencieza.es\/?post_type=product&#038;p=5702"},"modified":"2025-01-09T17:25:16","modified_gmt":"2025-01-09T16:25:16","slug":"cepillo-electrico-vitality-pro","status":"publish","type":"product","link":"https:\/\/compraencieza.es\/en\/product\/cepillo-electrico-vitality-pro\/","title":{"rendered":"Vitality PRO Electric Toothbrush"},"content":{"rendered":"<h2>\u00a0Cepillo Dental Electrico Recargable &#8211; Oral-b Vitality Pro 1 Unidad + 2 Recambios. Color Negr.<\/h2>\n<p><strong>ACCI\u00d3N Y DESCRIPCI\u00d3N<\/strong><\/p>\n<p>Tipo de cepillo: el\u00e9ctrico Tama\u00f1o: medio Forma de la cabeza: redonda Dureza: medio Caracter\u00edsticas particulares: \u00e1ngulo perfecto para una limpieza precisa, mango resistente al agua, recargable.<\/p>\n<p>&nbsp;<\/p>","protected":false},"excerpt":{"rendered":"<p>Modo extra sensible para una experiencia de cepillado incre\u00edblemente suave.<\/p>\n<p>3 modos de limpieza.<\/p>\n<p>Temporizador profesional para que sepas que has hecho una correcta limpieza bucal.<\/p>\n<p>Resistente al agua.<\/p>","protected":false},"featured_media":4728,"comment_status":"open","ping_status":"closed","template":"","meta":{"_acf_changed":false,"inline_featured_image":false},"product_cat":[105],"product_tag":[830,323,1209,1954,504,1955,1672,197,1956,177,1957,369,509,511,265,519,521,1958,1959,522,1960,524,544,255,1961,433,434,1962,1382,641,530,809,337,1963,1964],"genre":[],"class_list":{"0":"post-5702","1":"product","2":"type-product","3":"status-publish","4":"has-post-thumbnail","6":"product_cat-salud","7":"product_tag-830","8":"product_tag-323","9":"product_tag-agua","10":"product_tag-angulo","11":"product_tag-b","12":"product_tag-bacteriana","13":"product_tag-bacterias","14":"product_tag-cabezal","15":"product_tag-cepillado","16":"product_tag-cepillo","17":"product_tag-clean","18":"product_tag-color","19":"product_tag-dental","20":"product_tag-dientes","21":"product_tag-electrico","22":"product_tag-lacer","23":"product_tag-limpieza","24":"product_tag-modos","25":"product_tag-negro","26":"product_tag-oral","27":"product_tag-perfecto","28":"product_tag-placa","29":"product_tag-presion","30":"product_tag-pro","31":"product_tag-protect","32":"product_tag-recambio","33":"product_tag-recambios","34":"product_tag-recargable","35":"product_tag-redondo","36":"product_tag-resistente","37":"product_tag-sarro","38":"product_tag-sensitivo","39":"product_tag-suave","40":"product_tag-temporizador","41":"product_tag-vitality","43":"first","44":"instock","45":"taxable","46":"shipping-taxable","47":"purchasable","48":"product-type-simple","49":"add-to-wishlist-after_add_to_cart"},"acf":[],"_links":{"self":[{"href":"https:\/\/compraencieza.es\/en\/wp-json\/wp\/v2\/product\/5702","targetHints":{"allow":["GET"]}}],"collection":[{"href":"https:\/\/compraencieza.es\/en\/wp-json\/wp\/v2\/product"}],"about":[{"href":"https:\/\/compraencieza.es\/en\/wp-json\/wp\/v2\/types\/product"}],"replies":[{"embeddable":true,"href":"https:\/\/compraencieza.es\/en\/wp-json\/wp\/v2\/comments?post=5702"}],"wp:featuredmedia":[{"embeddable":true,"href":"https:\/\/compraencieza.es\/en\/wp-json\/wp\/v2\/media\/4728"}],"wp:attachment":[{"href":"https:\/\/compraencieza.es\/en\/wp-json\/wp\/v2\/media?parent=5702"}],"wp:term":[{"taxonomy":"product_cat","embeddable":true,"href":"https:\/\/compraencieza.es\/en\/wp-json\/wp\/v2\/product_cat?post=5702"},{"taxonomy":"product_tag","embeddable":true,"href":"https:\/\/compraencieza.es\/en\/wp-json\/wp\/v2\/product_tag?post=5702"},{"taxonomy":"product_brand","embeddable":true,"href":"https:\/\/compraencieza.es\/en\/wp-json\/wp\/v2\/genre?post=5702"}],"curies":[{"name":"wp","href":"https:\/\/api.w.org\/{rel}","templated":true}]}}