{"id":5703,"date":"2025-01-09T17:09:43","date_gmt":"2025-01-09T16:09:43","guid":{"rendered":"https:\/\/compraencieza.es\/?post_type=product&#038;p=5703"},"modified":"2025-01-09T17:23:11","modified_gmt":"2025-01-09T16:23:11","slug":"suavinex-neceser","status":"publish","type":"product","link":"https:\/\/compraencieza.es\/en\/product\/suavinex-neceser\/","title":{"rendered":"Suavinex Neceser"},"content":{"rendered":"<p>Suavinex Neceser\u00a0 a elegir de conejito u osito + Set Productos.<\/p>\n<p>Neceser para beb\u00e9 ideal como regalo para beb\u00e9 reci\u00e9n nacido.<\/p>\n<p>Incluye: Crema del Pa\u00f1al, 75 ml + Gel Champ\u00fa Espumoso 100 ml + Crema Facial 50 ml + Toallitas Dermohidratantes 25 uds.<\/p>\n<p>Set ideal para regalar que incluye productos imprescindibles para el cuidado de tu beb\u00e9 y un neceser pa\u00f1alero de tela.<\/p>","protected":false},"excerpt":{"rendered":"<p>El regalo ideal para un reci\u00e9n nacido.<\/p>\n<p>Incluye:<\/p>\n<p>Crema del Pa\u00f1al, 75 ml.<\/p>\n<p>Crema Facial 50 ml.<\/p>\n<p>Gel Champ\u00fa Espumoso 100 ml.<\/p>\n<p>Toallitas Dermohidratantes 25 uds.<\/p>","protected":false},"featured_media":4731,"comment_status":"open","ping_status":"closed","template":"","meta":{"_acf_changed":false,"inline_featured_image":false},"product_cat":[49],"product_tag":[1463,1226,442,159,220,1965,1966,139,1086,1967,1968,1969,1970,224,1971,1972,1973,1974,1593,1526,250,1975,1976,1574,1977,1978,1490,1979,186,641,204,188,172,1980,1981,1982,1983],"genre":[],"class_list":{"0":"post-5703","1":"product","2":"type-product","3":"status-publish","4":"has-post-thumbnail","6":"product_cat-accesorios","7":"product_tag-1463","8":"product_tag-1226","9":"product_tag-azul","10":"product_tag-bebe","11":"product_tag-champu","12":"product_tag-conejito","13":"product_tag-conejo","14":"product_tag-crema","15":"product_tag-cuidado","16":"product_tag-dermo","17":"product_tag-dermohidratantes","18":"product_tag-espumoso","19":"product_tag-facial","20":"product_tag-gel","21":"product_tag-hidratantes","22":"product_tag-ideal","23":"product_tag-imprescindibles","24":"product_tag-llevar","25":"product_tag-mejor","26":"product_tag-ml","27":"product_tag-nacido","28":"product_tag-neceser","29":"product_tag-ocio","30":"product_tag-panal","31":"product_tag-panal-75ml","32":"product_tag-panalero","33":"product_tag-panales","34":"product_tag-productos","35":"product_tag-recien","36":"product_tag-resistente","37":"product_tag-rosa","38":"product_tag-set","39":"product_tag-suavinex","40":"product_tag-tela","41":"product_tag-toallitas","42":"product_tag-tu","43":"product_tag-viaje","45":"first","46":"onbackorder","47":"taxable","48":"shipping-taxable","49":"purchasable","50":"product-type-variable","51":"add-to-wishlist-after_add_to_cart"},"acf":[],"_links":{"self":[{"href":"https:\/\/compraencieza.es\/en\/wp-json\/wp\/v2\/product\/5703","targetHints":{"allow":["GET"]}}],"collection":[{"href":"https:\/\/compraencieza.es\/en\/wp-json\/wp\/v2\/product"}],"about":[{"href":"https:\/\/compraencieza.es\/en\/wp-json\/wp\/v2\/types\/product"}],"replies":[{"embeddable":true,"href":"https:\/\/compraencieza.es\/en\/wp-json\/wp\/v2\/comments?post=5703"}],"wp:featuredmedia":[{"embeddable":true,"href":"https:\/\/compraencieza.es\/en\/wp-json\/wp\/v2\/media\/4731"}],"wp:attachment":[{"href":"https:\/\/compraencieza.es\/en\/wp-json\/wp\/v2\/media?parent=5703"}],"wp:term":[{"taxonomy":"product_cat","embeddable":true,"href":"https:\/\/compraencieza.es\/en\/wp-json\/wp\/v2\/product_cat?post=5703"},{"taxonomy":"product_tag","embeddable":true,"href":"https:\/\/compraencieza.es\/en\/wp-json\/wp\/v2\/product_tag?post=5703"},{"taxonomy":"product_brand","embeddable":true,"href":"https:\/\/compraencieza.es\/en\/wp-json\/wp\/v2\/genre?post=5703"}],"curies":[{"name":"wp","href":"https:\/\/api.w.org\/{rel}","templated":true}]}}