{"id":5708,"date":"2025-01-09T17:09:43","date_gmt":"2025-01-09T16:09:43","guid":{"rendered":"https:\/\/compraencieza.es\/?post_type=product&#038;p=5708"},"modified":"2025-01-09T17:23:11","modified_gmt":"2025-01-09T16:23:11","slug":"evax-salvaslip-maxi","status":"publish","type":"product","link":"https:\/\/compraencieza.es\/en\/product\/evax-salvaslip-maxi\/","title":{"rendered":"EVAX Maxi Panty Liners"},"content":{"rendered":"<p>Para sentirte fresca durante todo el d\u00eda, tienes los Protegeslips EVAX Salvaslips. Tan suaves como tus braguitas, debido a su cobertura con tacto de algod\u00f3n, estos salvaslips cuentan con el Sistema No Olor para que te sientas c\u00f3moda todo el d\u00eda. Adem\u00e1s, su n\u00facleo superabsorbente y bandas de protecci\u00f3n lateral te mantendr\u00e1n protegida todo el d\u00eda. Estos salvaslips est\u00e1n disponibles en tres niveles de absorci\u00f3n para adaptarse a tus necesidades: EVAX Salvaslip Maxi ofrece un 50 % m\u00e1s de absorci\u00f3n que EVAX Salvaslip Normal, para cuando necesitas mayor seguridad.<\/p>\n<h2>Beneficios del producto<\/h2>\n<div class=\"items\">\n<ul>\n<li>Sistema No Olor\u00ae<\/li>\n<li>Suaves como el algod\u00f3n<\/li>\n<\/ul>\n<ul>\n<li>Bandas de protecci\u00f3n lateral<\/li>\n<li>Dermatol\u00f3gicamente testado<\/li>\n<\/ul>\n<\/div>","protected":false},"excerpt":{"rendered":"<p>Para sentirte fresca durante todo el d\u00eda, tienes los Protegeslips EVAX Salvaslips. Tan suaves como tus braguitas, debido a su cobertura con tacto de algod\u00f3n, estos salvaslips cuentan con el Sistema No Olor para que te sientas c\u00f3moda todo el d\u00eda. Adem\u00e1s, su n\u00facleo superabsorbente y bandas de protecci\u00f3n lateral te mantendr\u00e1n protegida todo el d\u00eda.<\/p>","protected":false},"featured_media":4743,"comment_status":"open","ping_status":"closed","template":"","meta":{"_acf_changed":false,"inline_featured_image":false},"product_cat":[105],"product_tag":[1932,1933,1934,1935,1936,560,586,1985,1282,1937,1984,812,1938,1939],"genre":[],"class_list":{"0":"post-5708","1":"product","2":"type-product","3":"status-publish","4":"has-post-thumbnail","6":"product_cat-salud","7":"product_tag-alas","8":"product_tag-compak","9":"product_tag-compresas","10":"product_tag-cottonlike","11":"product_tag-evax","12":"product_tag-higiene","13":"product_tag-intima","14":"product_tag-maxi","15":"product_tag-normal","16":"product_tag-peaerl","17":"product_tag-salvaslips","18":"product_tag-super","19":"product_tag-tampax","20":"product_tag-tampones","22":"first","23":"instock","24":"taxable","25":"shipping-taxable","26":"purchasable","27":"product-type-simple","28":"add-to-wishlist-after_add_to_cart"},"acf":[],"_links":{"self":[{"href":"https:\/\/compraencieza.es\/en\/wp-json\/wp\/v2\/product\/5708","targetHints":{"allow":["GET"]}}],"collection":[{"href":"https:\/\/compraencieza.es\/en\/wp-json\/wp\/v2\/product"}],"about":[{"href":"https:\/\/compraencieza.es\/en\/wp-json\/wp\/v2\/types\/product"}],"replies":[{"embeddable":true,"href":"https:\/\/compraencieza.es\/en\/wp-json\/wp\/v2\/comments?post=5708"}],"wp:featuredmedia":[{"embeddable":true,"href":"https:\/\/compraencieza.es\/en\/wp-json\/wp\/v2\/media\/4743"}],"wp:attachment":[{"href":"https:\/\/compraencieza.es\/en\/wp-json\/wp\/v2\/media?parent=5708"}],"wp:term":[{"taxonomy":"product_cat","embeddable":true,"href":"https:\/\/compraencieza.es\/en\/wp-json\/wp\/v2\/product_cat?post=5708"},{"taxonomy":"product_tag","embeddable":true,"href":"https:\/\/compraencieza.es\/en\/wp-json\/wp\/v2\/product_tag?post=5708"},{"taxonomy":"product_brand","embeddable":true,"href":"https:\/\/compraencieza.es\/en\/wp-json\/wp\/v2\/genre?post=5708"}],"curies":[{"name":"wp","href":"https:\/\/api.w.org\/{rel}","templated":true}]}}