{"id":5710,"date":"2025-01-09T17:09:43","date_gmt":"2025-01-09T16:09:43","guid":{"rendered":"https:\/\/compraencieza.es\/?post_type=product&#038;p=5710"},"modified":"2025-01-09T17:23:11","modified_gmt":"2025-01-09T16:23:11","slug":"tampax-pearl-compak-super-plus-con-aplicador","status":"publish","type":"product","link":"https:\/\/compraencieza.es\/en\/product\/tampax-pearl-compak-super-plus-con-aplicador\/","title":{"rendered":"Tampax Pearl Compak Super Plus With Applicator"},"content":{"rendered":"<p>Los tampones Tampax Compak incluyen un aplicador de pl\u00e1stico compacto y discreto cuya punta redondeada garantiza una c\u00f3moda inserci\u00f3n. Sus canales de absorci\u00f3n capturan el flujo hasta el n\u00facleo del tamp\u00f3n y su falda protectora ayuda a evitar las p\u00e9rdidas para que t\u00fa no tengas que preocuparte de nada. Los tampones Tampax Compak est\u00e1n ginecol\u00f3gicamente testados. Tambi\u00e9n han sido sometidos a un an\u00e1lisis independiente de sustancias nocivas por Oeko-Tex. Protecci\u00f3n demostrada frente a las p\u00e9rdidas para que puedas hacer lo que te apetezca. Los mejores tampones Tampax Compak para los d\u00edas de flujo.<\/p>\n<h2>Beneficios del producto<\/h2>\n<ul>\n<li>Combinaci\u00f3n l\u00edder de Tampax de comodidad y protecci\u00f3n<\/li>\n<li>La tecnolog\u00eda MOTIONFIT de Tampax se expande con suavidad para adaptarse a la forma de tu cuerpo<\/li>\n<li>Sin perfumes<\/li>\n<li>Protecci\u00f3n LEAKGUARD BRAID, una trenza para evitar que se produzcan fugas<\/li>\n<li>Aplicador suave con agarre antideslizante y punta redondeada para una f\u00e1cil inserci\u00f3n del tamp\u00f3n<\/li>\n<li>Han sido sometidos a un an\u00e1lisis independiente de sustancias nocivas por Oeko-Tex<\/li>\n<li>Ginecol\u00f3gicamente testado<\/li>\n<li>Hasta donde t\u00fa quieras llegar<\/li>\n<\/ul>","protected":false},"excerpt":{"rendered":"<p>Los tampones Tampax Compak incluyen un aplicador de pl\u00e1stico compacto y discreto cuya punta redondeada garantiza una c\u00f3moda inserci\u00f3n. Sus canales de absorci\u00f3n capturan el flujo hasta el n\u00facleo del tamp\u00f3n y su falda protectora ayuda a evitar las p\u00e9rdidas para que t\u00fa no tengas que preocuparte de nada. Los tampones Tampax Compak est\u00e1n ginecol\u00f3gicamente testados.<\/p>","protected":false},"featured_media":4753,"comment_status":"open","ping_status":"closed","template":"","meta":{"_acf_changed":false,"inline_featured_image":false},"product_cat":[105],"product_tag":[1932,1933,1934,1935,1936,560,586,1282,1937,812,1938,1939],"genre":[],"class_list":{"0":"post-5710","1":"product","2":"type-product","3":"status-publish","4":"has-post-thumbnail","6":"product_cat-salud","7":"product_tag-alas","8":"product_tag-compak","9":"product_tag-compresas","10":"product_tag-cottonlike","11":"product_tag-evax","12":"product_tag-higiene","13":"product_tag-intima","14":"product_tag-normal","15":"product_tag-peaerl","16":"product_tag-super","17":"product_tag-tampax","18":"product_tag-tampones","20":"first","21":"instock","22":"taxable","23":"shipping-taxable","24":"purchasable","25":"product-type-simple","26":"add-to-wishlist-after_add_to_cart"},"acf":[],"_links":{"self":[{"href":"https:\/\/compraencieza.es\/en\/wp-json\/wp\/v2\/product\/5710","targetHints":{"allow":["GET"]}}],"collection":[{"href":"https:\/\/compraencieza.es\/en\/wp-json\/wp\/v2\/product"}],"about":[{"href":"https:\/\/compraencieza.es\/en\/wp-json\/wp\/v2\/types\/product"}],"replies":[{"embeddable":true,"href":"https:\/\/compraencieza.es\/en\/wp-json\/wp\/v2\/comments?post=5710"}],"wp:featuredmedia":[{"embeddable":true,"href":"https:\/\/compraencieza.es\/en\/wp-json\/wp\/v2\/media\/4753"}],"wp:attachment":[{"href":"https:\/\/compraencieza.es\/en\/wp-json\/wp\/v2\/media?parent=5710"}],"wp:term":[{"taxonomy":"product_cat","embeddable":true,"href":"https:\/\/compraencieza.es\/en\/wp-json\/wp\/v2\/product_cat?post=5710"},{"taxonomy":"product_tag","embeddable":true,"href":"https:\/\/compraencieza.es\/en\/wp-json\/wp\/v2\/product_tag?post=5710"},{"taxonomy":"product_brand","embeddable":true,"href":"https:\/\/compraencieza.es\/en\/wp-json\/wp\/v2\/genre?post=5710"}],"curies":[{"name":"wp","href":"https:\/\/api.w.org\/{rel}","templated":true}]}}