{"id":5712,"date":"2025-01-09T17:09:43","date_gmt":"2025-01-09T16:09:43","guid":{"rendered":"https:\/\/compraencieza.es\/?post_type=product&#038;p=5712"},"modified":"2025-01-09T17:23:11","modified_gmt":"2025-01-09T16:23:11","slug":"ausonia-discreet-extra","status":"publish","type":"product","link":"https:\/\/compraencieza.es\/en\/product\/ausonia-discreet-extra\/","title":{"rendered":"Ausonia Discreet Extra"},"content":{"rendered":"<p>Las p\u00e9rdidas de orina no deben frenarte. Las compresas para p\u00e9rdidas de orina de Ausonia Discreet Plus Long ofrecen una protecci\u00f3n segura que apenas notar\u00e1s. Dise\u00f1adas para ajustarse a tu cuerpo y a tu vida, ofrecen una fuerte protecci\u00f3n con un n\u00facleo absorbente ultrafino \u00fanico para que puedas andar con seguridad y sin preocuparte por las p\u00e9rdidas. Si estornudar o re\u00edr te provoca p\u00e9rdidas de orina, las compresas Ausonia Discreet Plus Long te ofrecen la protecci\u00f3n ideal.<\/p>\n<p>Beneficios<\/p>\n<ul>\n<li>Las compresas para p\u00e9rdidas de orina de Always Discreet ofrecen una protecci\u00f3n segura que apenas notar\u00e1s<\/li>\n<li>Creadas de forma diferente: transforman el l\u00edquido en gel y lo mantienen<\/li>\n<li>Las compresas permanecen en su sitio c\u00f3modamente y son discretas de llevar bajo la ropa<\/li>\n<li>Ausonia Discreet cuenta con un n\u00facleo absorbente ultrafino \u00fanico para una gran discreci\u00f3n<\/li>\n<li>Compresas para p\u00e9rdidas de orina Ausonia Discreet Plus Long son ideales para p\u00e9rdidas abundantes<\/li>\n<\/ul>","protected":false},"excerpt":{"rendered":"<p>Las p\u00e9rdidas de orina no deben frenarte. Las compresas para p\u00e9rdidas de orina de Ausonia Discreet Plus Long ofrecen una protecci\u00f3n segura que apenas notar\u00e1s. Dise\u00f1adas para ajustarse a tu cuerpo y a tu vida, ofrecen una fuerte protecci\u00f3n con un n\u00facleo absorbente ultrafino \u00fanico para que puedas andar con seguridad y sin preocuparte por las p\u00e9rdidas. Si estornudar o re\u00edr te provoca p\u00e9rdidas de orina, las compresas Ausonia Discreet Plus Long te ofrecen la protecci\u00f3n ideal.<\/p>","protected":false},"featured_media":4760,"comment_status":"open","ping_status":"closed","template":"","meta":{"_acf_changed":false,"inline_featured_image":false},"product_cat":[105],"product_tag":[1932,1933,1934,1935,1936,560,586,1282,1986,1937,1987,812,1938,1939],"genre":[],"class_list":{"0":"post-5712","1":"product","2":"type-product","3":"status-publish","4":"has-post-thumbnail","6":"product_cat-salud","7":"product_tag-alas","8":"product_tag-compak","9":"product_tag-compresas","10":"product_tag-cottonlike","11":"product_tag-evax","12":"product_tag-higiene","13":"product_tag-intima","14":"product_tag-normal","15":"product_tag-orina","16":"product_tag-peaerl","17":"product_tag-perdidas","18":"product_tag-super","19":"product_tag-tampax","20":"product_tag-tampones","22":"first","23":"instock","24":"taxable","25":"shipping-taxable","26":"purchasable","27":"product-type-simple","28":"add-to-wishlist-after_add_to_cart"},"acf":[],"_links":{"self":[{"href":"https:\/\/compraencieza.es\/en\/wp-json\/wp\/v2\/product\/5712","targetHints":{"allow":["GET"]}}],"collection":[{"href":"https:\/\/compraencieza.es\/en\/wp-json\/wp\/v2\/product"}],"about":[{"href":"https:\/\/compraencieza.es\/en\/wp-json\/wp\/v2\/types\/product"}],"replies":[{"embeddable":true,"href":"https:\/\/compraencieza.es\/en\/wp-json\/wp\/v2\/comments?post=5712"}],"wp:featuredmedia":[{"embeddable":true,"href":"https:\/\/compraencieza.es\/en\/wp-json\/wp\/v2\/media\/4760"}],"wp:attachment":[{"href":"https:\/\/compraencieza.es\/en\/wp-json\/wp\/v2\/media?parent=5712"}],"wp:term":[{"taxonomy":"product_cat","embeddable":true,"href":"https:\/\/compraencieza.es\/en\/wp-json\/wp\/v2\/product_cat?post=5712"},{"taxonomy":"product_tag","embeddable":true,"href":"https:\/\/compraencieza.es\/en\/wp-json\/wp\/v2\/product_tag?post=5712"},{"taxonomy":"product_brand","embeddable":true,"href":"https:\/\/compraencieza.es\/en\/wp-json\/wp\/v2\/genre?post=5712"}],"curies":[{"name":"wp","href":"https:\/\/api.w.org\/{rel}","templated":true}]}}