{"id":5721,"date":"2025-01-09T17:09:49","date_gmt":"2025-01-09T16:09:49","guid":{"rendered":"https:\/\/compraencieza.es\/?post_type=product&#038;p=5721"},"modified":"2025-01-09T17:23:10","modified_gmt":"2025-01-09T16:23:10","slug":"bee-sun-safe-spray-ultraligero-spf-50-200ml","status":"publish","type":"product","link":"https:\/\/compraencieza.es\/en\/product\/bee-sun-safe-spray-ultraligero-spf-50-200ml\/","title":{"rendered":"Bee Sun Safe Ultralight Spray SPF +50 200ml"},"content":{"rendered":"<p>&nbsp;<\/p>\n<p>BENEFICIOS:<\/p>\n<p style=\"font-weight: 300;\">Esta loci\u00f3n para rostro y cuerpo ofrece una hidrataci\u00f3n y sensaci\u00f3n inmediata de frescura en la piel. Se absorbe de manera instant\u00e1nea gracias a su textura ligera. Es una protecci\u00f3n ideal para las actividades del verano porque es muy resistente al agua, resistente a la arena y al sudor. Su fragancia refrescante y veraniega deja un aroma \u00fanico en la piel.<\/p>\n<ul style=\"font-weight: 300;\">\n<li>Proporciona una protecci\u00f3n de amplio espectro frente a la radiaci\u00f3n UVA y UVB, con una combinaci\u00f3n fotoestable de filtros solares .<\/li>\n<\/ul>\n<ul style=\"font-weight: 300;\">\n<li>Hidrata la piel de forma inmediata con alga marina, aloe y \u00e1cido hialur\u00f3nico.<\/li>\n<\/ul>\n<ul style=\"font-weight: 300;\">\n<li>Previene el envejecimiento prematuro gracias al extracto de prop\u00f3leo patentado.<\/li>\n<\/ul>\n<ul style=\"font-weight: 300;\">\n<li>Ofrece un bronceado natural, dorado y duradero gracias al extracto de algarroba.<\/li>\n<\/ul>\n<p style=\"font-weight: 300;\">Los protectores solares<b>BEE SUN SAFE<\/b>\u00a0protegen la piel y el ecosistema marino. F\u00f3rmulas limpias con ingredientes biodegradables sin filtros solares perjudiciales para los corales. Embalajes sostenibles, fabricados con materiales reciclados y reciclables.<\/p>\n<p>USO:<\/p>\n<p>Aplicar abundantemente el producto antes de la exposici\u00f3n al sol (cantidad equivalente a 2ml\/cm2). No aplicar directamente sobre el rostro, aplicar sobre las manos para realizar una correcta aplicaci\u00f3n del producto.\u00a0Renovar frecuente y abundantemente la aplicaci\u00f3n sobre todo despu\u00e9s de haber nadado, sudado o secado con una toalla. No permanecer demasiado tiempo al sol.\u00a0Evitar la zona del contorno de los ojos. Se recomienda no exponer a los ni\u00f1os ni beb\u00e9s directamente al sol.<\/p>\n<p>Ingredients:<\/p>\n<p>Hydra Melting Spray Ultraligero SPF50 contiene una f\u00f3rmula rica con un 75% de ingredientes de origen natural.<\/p>\n<p>&nbsp;<\/p>\n<p>CON<\/p>\n<p>Alga marina<\/p>\n<p>Extracto de prop\u00f3leo patentado 1<\/p>\n<p>Algarroba<\/p>\n<p>Vitamina E<\/p>\n<p>Pantenol<\/p>\n<p>Bisabolol<\/p>\n<p>Infusi\u00f3n de rosa salvaje*<\/p>\n<p>1 GR 1007520<\/p>\n<p>Nuestro compromiso con el cuidado de la piel y del medio ambiente est\u00e1 tambi\u00e9n reflejado en nuestra selecci\u00f3n de materias primas y en el desarrollo de los productos. Cada materia prima se eval\u00faa frente a las potenciales preocupaciones sobre la seguridad de la piel y el impacto ambiental y los ingredientes que crean controversia se han eliminado de nuestras formulaciones.<\/p>\n<p>Ingredientes:Aqua\/Water\/Eau**, Diethylamino Hydroxybenzoyl Hexyl Benzoate, Bis-Ethylhexyloxyphenol Methoxyphenyl Triazine, Ethylhexyl Triazone, Isoamyl Laurate, Ethylhexyl Salicylate, Triheptanoin, Sorbitol, C13-15 Alkane, Aqua\/Water\/Eau, Lauryl Glucoside, Polyglyceryl-2 Dipolyhydroxystearate, Microcrystalline Cellulose, Glycerin, Parfum\/Fragrance, Maris Aqua\/Sea water\/Eau de mer, Hydrolyzed Algin, Chlorella Vulgaris Extract, Propolis Extract, Rosa Canina Fruit* Extract, Panthenol, Aloe Barbadensis Leaf Juice Powder*, Olea Europaea (Olive) Fruit Oil*, Helianthus Annuus (Sunflower) Seed Oil*, Sodium Hyaluronate, Bisabolol, Inositol, Tocopherol, Hydroxypropyl Cyclodextrin, Tocopheryl Acetate, Sodium Stearoyl Glutamate, Ethylhexylglycerin, Cellulose Gum, Xanthan Gum, Polyglyceryl-6 Oleate, Triacontanyl PVP, Disodium EDTA, Citronellyl Methylcrotonate, Hydroxyacetophenone, Citric Acid.<\/p>\n<div>*Cultivo ecol\u00f3gico<\/div>\n<p>&nbsp;<\/p>\n<div>**Infusi\u00f3n del fruto de la Rosa Canina = Infusi\u00f3n de Rosa Salvaje<\/div>\n<div><\/div>\n<div>La lista de ingredientes puede estar sujeta a cambios. Le aconsejamos que siempre compruebe la lista de ingredientes que aparece en el producto comprado.<\/div>","protected":false},"excerpt":{"rendered":"<ul>\n<li>Proporciona una protecci\u00f3n de amplio espectro frente a UVA y UVB.<\/li>\n<li>Hidrata, protege del fotoenvejecimiento, ofrece un bronceado sublime<\/li>\n<li>Textura fundente y fragancia ultra-refrescante<\/li>\n<\/ul>\n<p>Muy resistente al agua y a la arena, dermatol\u00f3gicamente testado.<\/p>","protected":false},"featured_media":4775,"comment_status":"open","ping_status":"closed","template":"","meta":{"_acf_changed":false,"inline_featured_image":false},"product_cat":[106],"product_tag":[1226,634,832,1209,547,309,2010,2011,1065,2012,2013,2014,1303,855,144,145,2015,2016,1244,2017,216,604,316,641,2018,1260,290,643,496,1645,175,2019,787,1262,1264],"genre":[],"class_list":{"0":"post-5721","1":"product","2":"type-product","3":"status-publish","4":"has-post-thumbnail","6":"product_cat-belleza","7":"product_tag-1226","8":"product_tag-absorbe","9":"product_tag-acido","10":"product_tag-agua","11":"product_tag-aloe","12":"product_tag-apivita","13":"product_tag-arena","14":"product_tag-bronceado","15":"product_tag-duradero","16":"product_tag-espectro","17":"product_tag-fotoenvegecimiento","18":"product_tag-fotosensible","19":"product_tag-frescura","20":"product_tag-hialuronico","21":"product_tag-hidrata","22":"product_tag-hidratacion","23":"product_tag-ligera","24":"product_tag-ligero","25":"product_tag-locion","26":"product_tag-marina","27":"product_tag-natural","28":"product_tag-piel","29":"product_tag-propoleo","30":"product_tag-resistente","31":"product_tag-safe","32":"product_tag-spf","33":"product_tag-spray","34":"product_tag-sudor","35":"product_tag-sun","36":"product_tag-textura","37":"product_tag-ultra","38":"product_tag-ultraligero","39":"product_tag-uva","40":"product_tag-uvb","41":"product_tag-verano","43":"first","44":"instock","45":"taxable","46":"shipping-taxable","47":"purchasable","48":"product-type-simple","49":"add-to-wishlist-after_add_to_cart"},"acf":[],"_links":{"self":[{"href":"https:\/\/compraencieza.es\/en\/wp-json\/wp\/v2\/product\/5721","targetHints":{"allow":["GET"]}}],"collection":[{"href":"https:\/\/compraencieza.es\/en\/wp-json\/wp\/v2\/product"}],"about":[{"href":"https:\/\/compraencieza.es\/en\/wp-json\/wp\/v2\/types\/product"}],"replies":[{"embeddable":true,"href":"https:\/\/compraencieza.es\/en\/wp-json\/wp\/v2\/comments?post=5721"}],"wp:featuredmedia":[{"embeddable":true,"href":"https:\/\/compraencieza.es\/en\/wp-json\/wp\/v2\/media\/4775"}],"wp:attachment":[{"href":"https:\/\/compraencieza.es\/en\/wp-json\/wp\/v2\/media?parent=5721"}],"wp:term":[{"taxonomy":"product_cat","embeddable":true,"href":"https:\/\/compraencieza.es\/en\/wp-json\/wp\/v2\/product_cat?post=5721"},{"taxonomy":"product_tag","embeddable":true,"href":"https:\/\/compraencieza.es\/en\/wp-json\/wp\/v2\/product_tag?post=5721"},{"taxonomy":"product_brand","embeddable":true,"href":"https:\/\/compraencieza.es\/en\/wp-json\/wp\/v2\/genre?post=5721"}],"curies":[{"name":"wp","href":"https:\/\/api.w.org\/{rel}","templated":true}]}}