{"id":5722,"date":"2025-01-09T17:09:49","date_gmt":"2025-01-09T16:09:49","guid":{"rendered":"https:\/\/compraencieza.es\/?post_type=product&#038;p=5722"},"modified":"2025-01-09T17:23:10","modified_gmt":"2025-01-09T16:23:10","slug":"diente-de-leon-100-comprimidos","status":"publish","type":"product","link":"https:\/\/compraencieza.es\/en\/product\/diente-de-leon-100-comprimidos\/","title":{"rendered":"Diente de le\u00f3n 100 comprimidos."},"content":{"rendered":"<div class=\"product-precontenido\">\n<p>Cada comprimido equivale a 1.000 mg de planta polvo.<\/p>\n<\/div>\n<div class=\"product-contenido\">\n<h2>Descripci\u00f3n<\/h2>\n<p><strong>Active nutrients:<\/strong>\u00a0Diente de Le\u00f3n extracto seco de ra\u00edz (<em>Taraxacum officinale<\/em>).\u00a0<strong>(Ver ficha t\u00e9cnica)<\/strong><\/p>\n<table>\n<tbody>\n<tr>\n<td width=\"192\"><strong>NUTRIENTS<\/strong><\/td>\n<td width=\"192\"><strong>POR COMPRIMIDO<\/strong><\/td>\n<td width=\"192\"><strong>EQUIVALENT<\/strong><\/td>\n<\/tr>\n<tr>\n<td width=\"192\">Diente de le\u00f3n extracto seco<\/td>\n<td width=\"192\">111,11 mg<\/td>\n<td width=\"192\">1.000 mg de planta polvo<\/td>\n<\/tr>\n<\/tbody>\n<\/table>\n<p><strong>Recommended dosage:<\/strong>\u00a0Como complemento en la dieta tomar dos (2) comprimidos al d\u00eda, preferentemente despu\u00e9s del almuerzo. En periodos prolongados de tratamiento se recomienda hacer descansos de consumo, para garantizar el efecto deseado.<\/p>\n<p>Caracter\u00edsticas principales de Diente de le\u00f3n (extracto seco) comprimidos:<\/p>\n<p>&nbsp;<\/p>\n<div class=\"et-custom-list etlist-check\">\n<ul>\n<li>Allergen-free product in accordance with Regulation (EU) No. 1169\/2011.<\/li>\n<li>It does not contain gluten or lactose.<\/li>\n<li>Extracto seco valorado en principios activos.<\/li>\n<li>Complemento alimenticio a base de extracto de planta.<\/li>\n<li>Packaging for 50 days of use.<\/li>\n<\/ul>\n<\/div>\n<p>&nbsp;<\/p>\n<p>Warnings: Food supplements should not be used as a substitute for a varied and balanced diet. A healthy lifestyle is recommended. Do not exceed the recommended daily amount. Store in a cool, dry place away from sunlight. Keep out of reach of small children. Consult your doctor if you are pregnant or breastfeeding.<\/p>\n<\/div>","protected":false},"excerpt":{"rendered":"<p>Algunas de sus aplicaciones m\u00e1s beneficiosas:<\/p>\n<p>&#8211; Digesti\u00f3n: estimula el apetito y ayuda a la digesti\u00f3n aliviando problemas digestivos menores como el estre\u00f1imiento y la hinchaz\u00f3n.<\/p>\n<p>-Diur\u00e9tico natural: aumenta la producci\u00f3n de orina y elimina el exceso de l\u00edquidos del cuerpo,<\/p>\n<p>-Desintoxicaci\u00f3n del h\u00edgado: mejora la producci\u00f3n de bilis y ayuda a su desintoxicaci\u00f3n.<\/p>\n<p>-Fuente de minerales, vitaminas y es antioxidantes.<\/p>\n<p>-Propiedades antiinflamatorias, reduce la tensi\u00f3n arterial y controla la glucosa en sangre.<\/p>","protected":false},"featured_media":4777,"comment_status":"open","ping_status":"closed","template":"","meta":{"_acf_changed":false,"inline_featured_image":false},"product_cat":[105],"product_tag":[1226,2020,2021,2022,956,117,2023,2024,510,1320,731,2025,2026,2027,2028,346,1680,538,915,1557,767,1001,216,739,1986,1200,352,756,700,355,2029],"genre":[],"class_list":{"0":"post-5722","1":"product","2":"type-product","3":"status-publish","4":"has-post-thumbnail","6":"product_cat-salud","7":"product_tag-1226","8":"product_tag-alivia","9":"product_tag-almuerzo","10":"product_tag-bilis","11":"product_tag-capsula","12":"product_tag-comprimido","13":"product_tag-contiene","14":"product_tag-dias","15":"product_tag-diente","16":"product_tag-digestion","17":"product_tag-diuretico","18":"product_tag-esceso","19":"product_tag-estimula","20":"product_tag-estrenimiento","21":"product_tag-exceso","22":"product_tag-gluten","23":"product_tag-hinchazon","24":"product_tag-lactosa","25":"product_tag-leon","26":"product_tag-liquido","27":"product_tag-liquidos","28":"product_tag-mejora","29":"product_tag-natural","30":"product_tag-obire","31":"product_tag-orina","32":"product_tag-planta","33":"product_tag-plantas","34":"product_tag-polvo","35":"product_tag-sangre","36":"product_tag-sin","37":"product_tag-toxico","39":"first","40":"instock","41":"taxable","42":"shipping-taxable","43":"purchasable","44":"product-type-simple","45":"add-to-wishlist-after_add_to_cart"},"acf":[],"_links":{"self":[{"href":"https:\/\/compraencieza.es\/en\/wp-json\/wp\/v2\/product\/5722","targetHints":{"allow":["GET"]}}],"collection":[{"href":"https:\/\/compraencieza.es\/en\/wp-json\/wp\/v2\/product"}],"about":[{"href":"https:\/\/compraencieza.es\/en\/wp-json\/wp\/v2\/types\/product"}],"replies":[{"embeddable":true,"href":"https:\/\/compraencieza.es\/en\/wp-json\/wp\/v2\/comments?post=5722"}],"wp:featuredmedia":[{"embeddable":true,"href":"https:\/\/compraencieza.es\/en\/wp-json\/wp\/v2\/media\/4777"}],"wp:attachment":[{"href":"https:\/\/compraencieza.es\/en\/wp-json\/wp\/v2\/media?parent=5722"}],"wp:term":[{"taxonomy":"product_cat","embeddable":true,"href":"https:\/\/compraencieza.es\/en\/wp-json\/wp\/v2\/product_cat?post=5722"},{"taxonomy":"product_tag","embeddable":true,"href":"https:\/\/compraencieza.es\/en\/wp-json\/wp\/v2\/product_tag?post=5722"},{"taxonomy":"product_brand","embeddable":true,"href":"https:\/\/compraencieza.es\/en\/wp-json\/wp\/v2\/genre?post=5722"}],"curies":[{"name":"wp","href":"https:\/\/api.w.org\/{rel}","templated":true}]}}