{"id":5723,"date":"2025-01-09T17:09:49","date_gmt":"2025-01-09T16:09:49","guid":{"rendered":"https:\/\/compraencieza.es\/?post_type=product&#038;p=5723"},"modified":"2025-01-09T17:23:09","modified_gmt":"2025-01-09T16:23:09","slug":"biberon-con-tetina-de-silicona-sx-pro-fisiologica","status":"publish","type":"product","link":"https:\/\/compraencieza.es\/en\/product\/biberon-con-tetina-de-silicona-sx-pro-fisiologica\/","title":{"rendered":"Biber\u00f3n Con Tetina De Silicona SX PRO Fisiol\u00f3gica"},"content":{"rendered":"<p>Gama suavinex premium bohom\u00eda a partir de +3m y +6 meses con tetina fisiol\u00f3gica de silicona SX Pro y en tama\u00f1os de 360ml y 270ml.<\/p>\n<p>Distintos modelos muy bonitos para elegir.<\/p>\n<p>Tetina avalada por la sociedad espa\u00f1ola de Odontopediatr\u00eda.<\/p>","protected":false},"excerpt":{"rendered":"<p>Gama suavinex premium bohom\u00eda a partir de +3m y +6 meses con tetina fisiol\u00f3gica de silicona SX Pro y en tama\u00f1os de 360ml y 270ml.<\/p>\n<p>Characteristics:<\/p>\n<p>-Talla \u00fanica,<\/p>\n<p>-Flujo medio en biberones de 270ml a partir de 3 meses y flujo denso en biber\u00f3nres de 360ml a partir de 6 meses.<\/p>\n<p>-Todos \u00e9stos biberones disponen de un sistema anti c\u00f3lico.<\/p>","protected":false},"featured_media":4778,"comment_status":"open","ping_status":"closed","template":"","meta":{"_acf_changed":false,"inline_featured_image":false},"product_cat":[49],"product_tag":[2030,1563,1338,159,2031,1504,1533,2032,267,1916,1917,2033,161,1488,250,1559,2034,255,186,171,172,257,665,1511,666],"genre":[],"class_list":{"0":"post-5723","1":"product","2":"type-product","3":"status-publish","4":"has-post-thumbnail","6":"product_cat-accesorios","7":"product_tag-2030","8":"product_tag-1563","9":"product_tag-alimentacion","10":"product_tag-bebe","11":"product_tag-bibe","12":"product_tag-biberon","13":"product_tag-comida","14":"product_tag-denso","15":"product_tag-flujo","16":"product_tag-infante","17":"product_tag-lactante","18":"product_tag-latex","19":"product_tag-leche","20":"product_tag-medio","21":"product_tag-nacido","22":"product_tag-nuk","23":"product_tag-papilla","24":"product_tag-pro","25":"product_tag-recien","26":"product_tag-silicona","27":"product_tag-suavinex","28":"product_tag-sx","29":"product_tag-talla","30":"product_tag-tetina","31":"product_tag-unica","33":"first","34":"instock","35":"taxable","36":"shipping-taxable","37":"purchasable","38":"product-type-variable","39":"add-to-wishlist-after_add_to_cart"},"acf":[],"_links":{"self":[{"href":"https:\/\/compraencieza.es\/en\/wp-json\/wp\/v2\/product\/5723","targetHints":{"allow":["GET"]}}],"collection":[{"href":"https:\/\/compraencieza.es\/en\/wp-json\/wp\/v2\/product"}],"about":[{"href":"https:\/\/compraencieza.es\/en\/wp-json\/wp\/v2\/types\/product"}],"replies":[{"embeddable":true,"href":"https:\/\/compraencieza.es\/en\/wp-json\/wp\/v2\/comments?post=5723"}],"wp:featuredmedia":[{"embeddable":true,"href":"https:\/\/compraencieza.es\/en\/wp-json\/wp\/v2\/media\/4778"}],"wp:attachment":[{"href":"https:\/\/compraencieza.es\/en\/wp-json\/wp\/v2\/media?parent=5723"}],"wp:term":[{"taxonomy":"product_cat","embeddable":true,"href":"https:\/\/compraencieza.es\/en\/wp-json\/wp\/v2\/product_cat?post=5723"},{"taxonomy":"product_tag","embeddable":true,"href":"https:\/\/compraencieza.es\/en\/wp-json\/wp\/v2\/product_tag?post=5723"},{"taxonomy":"product_brand","embeddable":true,"href":"https:\/\/compraencieza.es\/en\/wp-json\/wp\/v2\/genre?post=5723"}],"curies":[{"name":"wp","href":"https:\/\/api.w.org\/{rel}","templated":true}]}}