{"id":5733,"date":"2025-01-09T17:09:50","date_gmt":"2025-01-09T16:09:50","guid":{"rendered":"https:\/\/compraencieza.es\/?post_type=product&#038;p=5733"},"modified":"2025-01-09T17:23:08","modified_gmt":"2025-01-09T16:23:08","slug":"alvarez-gomez-pack-barberia-150ml-30ml","status":"publish","type":"product","link":"https:\/\/compraencieza.es\/en\/product\/alvarez-gomez-pack-barberia-150ml-30ml\/","title":{"rendered":"Alvarez Gomez Barber Shop Pack 150ml + 30ml"},"content":{"rendered":"<p>Una fragancia masculina fresca y elegante para un hombre actual que seduce sin llamar la atenci\u00f3n y que se identifica con los valores de Alvarez G\u00f3mez.<br \/>\nUna salida limpia, natural y refrescante con la combinaci\u00f3n de aceites esenciales c\u00edtricos reconocidos. El car\u00e1cter del aroma se descubre en un acorde oriental, arom\u00e1tico-amaderado m\u00e1s c\u00e1lido y dulce y un fondo intenso con mucha atracci\u00f3n y sensualidad almizclado, que funde adecuadamente sobre la piel del hombre y aporta una prolongada fijaci\u00f3n. Sentirse bien nunca hab\u00eda sido tan f\u00e1cil gracias a nuestros productos.<\/p>","protected":false},"excerpt":{"rendered":"<p>La lata de barber\u00eda contiene dos fragancias ideales para hombres elegantes, gentiles y estilosos, que les gusta estar a la moda pero siempre son fieles a sus valores y su estilo. La lata contiene una fragancia tama\u00f1o 150ml y una tama\u00f1o 30ml.<\/p>","protected":false},"featured_media":4818,"comment_status":"open","ping_status":"closed","template":"","meta":{"_acf_changed":false,"inline_featured_image":false},"product_cat":[106],"product_tag":[131,1010,1209,2035,218,2036,1612,1622,2037,2038,2039,1299,457,1300,2040,414,1018,389,1118,345,2041,1412,1682,520,2042,1417,216,1418,2043,604,2044,2045],"genre":[],"class_list":{"0":"post-5733","1":"product","2":"type-product","3":"status-publish","4":"has-post-thumbnail","6":"product_cat-belleza","7":"product_tag-aceite","8":"product_tag-aceites","9":"product_tag-agua","10":"product_tag-alvarez","11":"product_tag-aroma","12":"product_tag-barberia","13":"product_tag-bergamota","14":"product_tag-blancas","15":"product_tag-caido","16":"product_tag-citrico","17":"product_tag-citricos","18":"product_tag-colonia","19":"product_tag-dulce","20":"product_tag-eau","21":"product_tag-ensephar","22":"product_tag-esencial","23":"product_tag-esenciales","24":"product_tag-flores","25":"product_tag-fragancia","26":"product_tag-fresca","27":"product_tag-gomez","28":"product_tag-hombre","29":"product_tag-intenso","30":"product_tag-limpia","31":"product_tag-masculina","32":"product_tag-mujer","33":"product_tag-natural","34":"product_tag-oriental","35":"product_tag-parfum","36":"product_tag-piel","37":"product_tag-resfrescante","38":"product_tag-seduce","40":"first","41":"onbackorder","42":"taxable","43":"shipping-taxable","44":"purchasable","45":"product-type-simple","46":"add-to-wishlist-after_add_to_cart"},"acf":[],"_links":{"self":[{"href":"https:\/\/compraencieza.es\/en\/wp-json\/wp\/v2\/product\/5733","targetHints":{"allow":["GET"]}}],"collection":[{"href":"https:\/\/compraencieza.es\/en\/wp-json\/wp\/v2\/product"}],"about":[{"href":"https:\/\/compraencieza.es\/en\/wp-json\/wp\/v2\/types\/product"}],"replies":[{"embeddable":true,"href":"https:\/\/compraencieza.es\/en\/wp-json\/wp\/v2\/comments?post=5733"}],"wp:featuredmedia":[{"embeddable":true,"href":"https:\/\/compraencieza.es\/en\/wp-json\/wp\/v2\/media\/4818"}],"wp:attachment":[{"href":"https:\/\/compraencieza.es\/en\/wp-json\/wp\/v2\/media?parent=5733"}],"wp:term":[{"taxonomy":"product_cat","embeddable":true,"href":"https:\/\/compraencieza.es\/en\/wp-json\/wp\/v2\/product_cat?post=5733"},{"taxonomy":"product_tag","embeddable":true,"href":"https:\/\/compraencieza.es\/en\/wp-json\/wp\/v2\/product_tag?post=5733"},{"taxonomy":"product_brand","embeddable":true,"href":"https:\/\/compraencieza.es\/en\/wp-json\/wp\/v2\/genre?post=5733"}],"curies":[{"name":"wp","href":"https:\/\/api.w.org\/{rel}","templated":true}]}}