{"id":5734,"date":"2025-01-09T17:09:50","date_gmt":"2025-01-09T16:09:50","guid":{"rendered":"https:\/\/compraencieza.es\/?post_type=product&#038;p=5734"},"modified":"2025-01-09T17:23:08","modified_gmt":"2025-01-09T16:23:08","slug":"alvarez-gomez-pack-agua-de-colonia-citrus-300ml-280ml","status":"publish","type":"product","link":"https:\/\/compraencieza.es\/en\/product\/alvarez-gomez-pack-agua-de-colonia-citrus-300ml-280ml\/","title":{"rendered":"Alvarez Gomez Pack Citrus Eau de Cologne 300ml + 280ml"},"content":{"rendered":"<p>&nbsp;<\/p>\n<p>El Agua de Colonia Concentrada \u00c1lvarez G\u00f3mez, es una combinaci\u00f3n arm\u00f3nica de esencias naturales de origen mediterr\u00e1neo. Todos ellos de la mejor calidad. Su aroma comienza con una mezcla c\u00edtrica de mandarina, naranja y lim\u00f3n. Seguidamente en el coraz\u00f3n de la esencia destaca el romero dando ese toque verde y natural. Finalmente las notas ambaradas y musk, hacen un colonia duradera en el tiempo.<br \/>\nSentirse bien nunca hab\u00eda sido tan f\u00e1cil gracias a nuestros productos.<\/p>","protected":false},"excerpt":{"rendered":"<p>El Agua de Colonia Concentrada \u00c1lvarez G\u00f3mez, es una combinaci\u00f3n arm\u00f3nica de esencias naturales de origen mediterr\u00e1neo.<\/p>\n<p>La lata contiene una colonia de agua concentrada de 300ml y la emulsi\u00f3n de 280ml.<\/p>","protected":false},"featured_media":4820,"comment_status":"open","ping_status":"closed","template":"","meta":{"_acf_changed":false,"inline_featured_image":false},"product_cat":[106],"product_tag":[131,1209,2035,2046,2036,1612,1622,1299,2047,1300,2040,414,389,1118,2041,1412,520,2042,2048,1417,1073,2043,2045],"genre":[],"class_list":{"0":"post-5734","1":"product","2":"type-product","3":"status-publish","4":"has-post-thumbnail","6":"product_cat-belleza","7":"product_tag-aceite","8":"product_tag-agua","9":"product_tag-alvarez","10":"product_tag-armonica","11":"product_tag-barberia","12":"product_tag-bergamota","13":"product_tag-blancas","14":"product_tag-colonia","15":"product_tag-concentrada","16":"product_tag-eau","17":"product_tag-ensephar","18":"product_tag-esencial","19":"product_tag-flores","20":"product_tag-fragancia","21":"product_tag-gomez","22":"product_tag-hombre","23":"product_tag-limpia","24":"product_tag-masculina","25":"product_tag-mediterraneo","26":"product_tag-mujer","27":"product_tag-naturales","28":"product_tag-parfum","29":"product_tag-seduce","31":"first","32":"instock","33":"taxable","34":"shipping-taxable","35":"purchasable","36":"product-type-simple","37":"add-to-wishlist-after_add_to_cart"},"acf":[],"_links":{"self":[{"href":"https:\/\/compraencieza.es\/en\/wp-json\/wp\/v2\/product\/5734","targetHints":{"allow":["GET"]}}],"collection":[{"href":"https:\/\/compraencieza.es\/en\/wp-json\/wp\/v2\/product"}],"about":[{"href":"https:\/\/compraencieza.es\/en\/wp-json\/wp\/v2\/types\/product"}],"replies":[{"embeddable":true,"href":"https:\/\/compraencieza.es\/en\/wp-json\/wp\/v2\/comments?post=5734"}],"wp:featuredmedia":[{"embeddable":true,"href":"https:\/\/compraencieza.es\/en\/wp-json\/wp\/v2\/media\/4820"}],"wp:attachment":[{"href":"https:\/\/compraencieza.es\/en\/wp-json\/wp\/v2\/media?parent=5734"}],"wp:term":[{"taxonomy":"product_cat","embeddable":true,"href":"https:\/\/compraencieza.es\/en\/wp-json\/wp\/v2\/product_cat?post=5734"},{"taxonomy":"product_tag","embeddable":true,"href":"https:\/\/compraencieza.es\/en\/wp-json\/wp\/v2\/product_tag?post=5734"},{"taxonomy":"product_brand","embeddable":true,"href":"https:\/\/compraencieza.es\/en\/wp-json\/wp\/v2\/genre?post=5734"}],"curies":[{"name":"wp","href":"https:\/\/api.w.org\/{rel}","templated":true}]}}