{"id":5735,"date":"2025-01-09T17:09:50","date_gmt":"2025-01-09T16:09:50","guid":{"rendered":"https:\/\/compraencieza.es\/?post_type=product&#038;p=5735"},"modified":"2025-01-09T17:23:08","modified_gmt":"2025-01-09T16:23:08","slug":"alvarez-gomez-pack-agua-de-colonia-limon-300ml-280ml","status":"publish","type":"product","link":"https:\/\/compraencieza.es\/en\/product\/alvarez-gomez-pack-agua-de-colonia-limon-300ml-280ml\/","title":{"rendered":"Alvarez Gomez Pack Lemon Eau de Cologne 300ml + 280ml"},"content":{"rendered":"<p>Elegante lata ideal para regalar estas navidades. La lata contiene una colonia de agua concentrada de 300ml y la emulsi\u00f3n de 280ml para estar siempre preparado.<\/p>\n<p>El Agua de Colonia Concentrada m\u00e1s tradicional y familiar de nuestro pa\u00eds por \u00c1lvarez G\u00f3mez. Es una combinaci\u00f3n arm\u00f3nica de esencias naturales de origen mediterr\u00e1neo: Lim\u00f3n Espa\u00f1ol (con conocidas propiedades purificantes y tonificantes), Lavanda de la Provenza mediterr\u00e1nea (con efectos calmantes y anti infecci\u00f3n), Geranio Espa\u00f1ol (estimulante), Eucalipto (purificante y tonificante) y otros muchos aceites esenciales (Romero, Bergamota, etc.), todos ellos de la mejor calidad.<\/p>","protected":false},"excerpt":{"rendered":"<p>Elegante lata ideal para regalar estas navidades. La lata contiene una colonia de agua concentrada de 300ml y la emulsi\u00f3n de 280ml para estar siempre preparado.<\/p>\n<p>Lim\u00f3n Espa\u00f1ol.<\/p>","protected":false},"featured_media":4822,"comment_status":"open","ping_status":"closed","template":"","meta":{"_acf_changed":false,"inline_featured_image":false},"product_cat":[106],"product_tag":[131,1209,2035,2046,2036,1612,1622,1299,2047,1300,2040,414,1019,389,1118,2041,1412,1125,564,520,2042,2048,1417,1073,2043,2049,2045],"genre":[],"class_list":{"0":"post-5735","1":"product","2":"type-product","3":"status-publish","4":"has-post-thumbnail","6":"product_cat-belleza","7":"product_tag-aceite","8":"product_tag-agua","9":"product_tag-alvarez","10":"product_tag-armonica","11":"product_tag-barberia","12":"product_tag-bergamota","13":"product_tag-blancas","14":"product_tag-colonia","15":"product_tag-concentrada","16":"product_tag-eau","17":"product_tag-ensephar","18":"product_tag-esencial","19":"product_tag-eucalipto","20":"product_tag-flores","21":"product_tag-fragancia","22":"product_tag-gomez","23":"product_tag-hombre","24":"product_tag-lavanda","25":"product_tag-limon","26":"product_tag-limpia","27":"product_tag-masculina","28":"product_tag-mediterraneo","29":"product_tag-mujer","30":"product_tag-naturales","31":"product_tag-parfum","32":"product_tag-romero","33":"product_tag-seduce","35":"first","36":"instock","37":"taxable","38":"shipping-taxable","39":"purchasable","40":"product-type-simple","41":"add-to-wishlist-after_add_to_cart"},"acf":[],"_links":{"self":[{"href":"https:\/\/compraencieza.es\/en\/wp-json\/wp\/v2\/product\/5735","targetHints":{"allow":["GET"]}}],"collection":[{"href":"https:\/\/compraencieza.es\/en\/wp-json\/wp\/v2\/product"}],"about":[{"href":"https:\/\/compraencieza.es\/en\/wp-json\/wp\/v2\/types\/product"}],"replies":[{"embeddable":true,"href":"https:\/\/compraencieza.es\/en\/wp-json\/wp\/v2\/comments?post=5735"}],"wp:featuredmedia":[{"embeddable":true,"href":"https:\/\/compraencieza.es\/en\/wp-json\/wp\/v2\/media\/4822"}],"wp:attachment":[{"href":"https:\/\/compraencieza.es\/en\/wp-json\/wp\/v2\/media?parent=5735"}],"wp:term":[{"taxonomy":"product_cat","embeddable":true,"href":"https:\/\/compraencieza.es\/en\/wp-json\/wp\/v2\/product_cat?post=5735"},{"taxonomy":"product_tag","embeddable":true,"href":"https:\/\/compraencieza.es\/en\/wp-json\/wp\/v2\/product_tag?post=5735"},{"taxonomy":"product_brand","embeddable":true,"href":"https:\/\/compraencieza.es\/en\/wp-json\/wp\/v2\/genre?post=5735"}],"curies":[{"name":"wp","href":"https:\/\/api.w.org\/{rel}","templated":true}]}}