{"id":5736,"date":"2025-01-09T17:09:50","date_gmt":"2025-01-09T16:09:50","guid":{"rendered":"https:\/\/compraencieza.es\/?post_type=product&#038;p=5736"},"modified":"2025-01-09T17:23:08","modified_gmt":"2025-01-09T16:23:08","slug":"echinacea-250-mg-extracto-seco-60-comprimidos","status":"publish","type":"product","link":"https:\/\/compraencieza.es\/en\/product\/echinacea-250-mg-extracto-seco-60-comprimidos\/","title":{"rendered":"Echinacea 250 mg. (extracto seco) 60 comprimidos"},"content":{"rendered":"<h2>Descripci\u00f3n<\/h2>\n<p><strong>Active nutrients:<\/strong>\u00a0Equin\u00e1cea extracto seco de ra\u00edz (<em>Echinacea purpurea<\/em>).<\/p>\n<p><strong>Doris recomendada:<\/strong>\u00a0Como complemento en la dieta tomar tres (3) comprimidos al d\u00eda. En periodos prolongados de tratamiento se recomienda hacer descansos de consumo, para garantizar el efecto deseado.<\/p>\n<p>Caracter\u00edsticas principales de Equin\u00e1cea 250 mg (extracto seco) comprimidos:<\/p>\n<p>&nbsp;<\/p>\n<div class=\"et-custom-list etlist-check\">\n<ul>\n<li>Allergen-free product in accordance with Regulation (EU) No. 1169\/2011.<\/li>\n<li>It does not contain gluten or lactose.<\/li>\n<li>Con extracto seco concentrado de plantas.<\/li>\n<li>Complemento alimenticios a base de extracto de planta<\/li>\n<li>Envase para 20 d\u00edas de uso.<\/li>\n<\/ul>\n<\/div>\n<p>&nbsp;<\/p>\n<p>Warnings: Food supplements should not be used as a substitute for a varied and balanced diet. A healthy lifestyle is recommended. Do not exceed the recommended daily amount. Store in a cool, dry place away from sunlight. Keep out of reach of small children. Consult your doctor if you are pregnant or breastfeeding.<\/p>","protected":false},"excerpt":{"rendered":"<p>Algunos de sus beneficios entre otros son:<\/p>\n<p>-Rezuerzo del sistema inmunol\u00f3gico, con lo que podr\u00eda ayudar a prevenir resfriados y otras infrecciones, as\u00ed como reducir su duraci\u00f3n.<\/p>\n<p>-Propiedades antiinflamatorias y antioxidantes.<\/p>\n<p>-Alivio de las infecciones de las v\u00edas respiratorias superiores.<\/p>","protected":false},"featured_media":4824,"comment_status":"open","ping_status":"closed","template":"","meta":{"_acf_changed":false,"inline_featured_image":false},"product_cat":[105],"product_tag":[1169,1011,1035,132,578,891,2050,2051,2052,2053,2054,585,1830,1831,1193,216,1330,352,657,2055,1048,2056,876,2057],"genre":[],"class_list":{"0":"post-5736","1":"product","2":"type-product","3":"status-publish","4":"has-post-thumbnail","6":"product_cat-salud","7":"product_tag-alergenos","8":"product_tag-alimenticio","9":"product_tag-alivio","10":"product_tag-anti","11":"product_tag-antiinflamatorio","12":"product_tag-complemento","13":"product_tag-congestion","14":"product_tag-echinacea","15":"product_tag-enfermedades","16":"product_tag-equinacea","17":"product_tag-infecciones","18":"product_tag-inflamatorio","19":"product_tag-inmune","20":"product_tag-inmunitario","21":"product_tag-libre","22":"product_tag-natural","23":"product_tag-oxidante","24":"product_tag-plantas","25":"product_tag-previene","26":"product_tag-refuerzo","27":"product_tag-resfriado","28":"product_tag-resfriados","29":"product_tag-sistema","30":"product_tag-vias","32":"first","33":"instock","34":"taxable","35":"shipping-taxable","36":"purchasable","37":"product-type-simple","38":"add-to-wishlist-after_add_to_cart"},"acf":[],"_links":{"self":[{"href":"https:\/\/compraencieza.es\/en\/wp-json\/wp\/v2\/product\/5736","targetHints":{"allow":["GET"]}}],"collection":[{"href":"https:\/\/compraencieza.es\/en\/wp-json\/wp\/v2\/product"}],"about":[{"href":"https:\/\/compraencieza.es\/en\/wp-json\/wp\/v2\/types\/product"}],"replies":[{"embeddable":true,"href":"https:\/\/compraencieza.es\/en\/wp-json\/wp\/v2\/comments?post=5736"}],"wp:featuredmedia":[{"embeddable":true,"href":"https:\/\/compraencieza.es\/en\/wp-json\/wp\/v2\/media\/4824"}],"wp:attachment":[{"href":"https:\/\/compraencieza.es\/en\/wp-json\/wp\/v2\/media?parent=5736"}],"wp:term":[{"taxonomy":"product_cat","embeddable":true,"href":"https:\/\/compraencieza.es\/en\/wp-json\/wp\/v2\/product_cat?post=5736"},{"taxonomy":"product_tag","embeddable":true,"href":"https:\/\/compraencieza.es\/en\/wp-json\/wp\/v2\/product_tag?post=5736"},{"taxonomy":"product_brand","embeddable":true,"href":"https:\/\/compraencieza.es\/en\/wp-json\/wp\/v2\/genre?post=5736"}],"curies":[{"name":"wp","href":"https:\/\/api.w.org\/{rel}","templated":true}]}}