{"id":5740,"date":"2025-01-09T17:09:50","date_gmt":"2025-01-09T16:09:50","guid":{"rendered":"https:\/\/compraencieza.es\/?post_type=product&#038;p=5740"},"modified":"2025-01-09T17:23:09","modified_gmt":"2025-01-09T16:23:09","slug":"pretty-lips-gloss-nude-brillo-de-labios-de-acabado-sedoso-y-efecto-perlado","status":"publish","type":"product","link":"https:\/\/compraencieza.es\/en\/product\/pretty-lips-gloss-nude-brillo-de-labios-de-acabado-sedoso-y-efecto-perlado\/","title":{"rendered":"Pretty Lips Gloss Nude &#8211;  Brillo de labios de acabado sedoso y efecto perlado"},"content":{"rendered":"<p>Pretty Lips Nude 5ml<\/p>\n<p>Color suave. Acabado perlado.<\/p>\n<p>Brillo de labios de acabado sedoso y efecto perlado. F\u00f3rmula con \u00e1cido hialur\u00f3nico que envuelve los labios hidrat\u00e1ndolos a la vez que les aporta un aspecto visiblemente m\u00e1s voluminoso, sensual y natural.<\/p>\n<p>\u00c1cido Hialur\u00f3nico: Hidrata y aporta un aspecto m\u00e1s voluminoso.<\/p>\n<p>Dermatologically tested.<\/p>\n<p>Modo de Empleo: Aplicar tantas veces como sea necesario.<\/p>\n<p>Ingredients:<\/p>\n<p>Polybutene, Diisostearyl Malate, Triethylhexanoin, Dipentaerythrityl Pentaisononanoate, Silica Dimethyl Silylate, Isohexadecane, Calcium Titanium Borosilicate, Glyceryl Behenate\/eicosadioate, Parfum, Glyceryl Caprylate, Tocopheryl Acetate, Ethylene\/propylene\/styrene Copolymer, Glycine Soja Oil, Butylene\/ethylene\/styrene Copolymer, Linalool, Phenoxyethanol , Sodium Hyaluronate, Xanthan Gum, Tocopherol, Beta-sitosterol, Tin Oxide, Citronellol, Squalene, Limonene, Geraniol, Tripeptide-1, CI 77891.<\/p>","protected":false},"excerpt":{"rendered":"<p>Pretty Lips Nude 5ml<\/p>\n<p>Brillo de labios de acabado sedoso y efecto perlado. F\u00f3rmula con \u00e1cido hialur\u00f3nico que envuelve los labios hidrat\u00e1ndolos a la vez que les aporta un aspecto visiblemente m\u00e1s voluminoso, sensual y natural.<\/p>","protected":false},"featured_media":4828,"comment_status":"open","ping_status":"closed","template":"","meta":{"_acf_changed":false,"inline_featured_image":false},"product_cat":[106],"product_tag":[1464,444,240,1897,450,452,1614,1898,1899,1900,1988,346,374,375,376,299,1901,1989,401,1902,403,404,1990,355,421,406,1904,631,1645,1905],"genre":[],"class_list":{"0":"post-5740","1":"product","2":"type-product","3":"status-publish","4":"has-post-thumbnail","6":"product_cat-belleza","7":"product_tag-acabado","8":"product_tag-beauty","9":"product_tag-brillo","10":"product_tag-cobertura","11":"product_tag-collection","12":"product_tag-coral","13":"product_tag-cosmetica","14":"product_tag-dermatologicamente","15":"product_tag-fijacion-extrema","16":"product_tag-fix","17":"product_tag-gloss","18":"product_tag-gluten","19":"product_tag-labial","20":"product_tag-labios","21":"product_tag-lips","22":"product_tag-mate","23":"product_tag-matte","24":"product_tag-perlado","25":"product_tag-pretty","26":"product_tag-prety","27":"product_tag-rojo","28":"product_tag-rubi","29":"product_tag-sedoso","30":"product_tag-sin","31":"product_tag-soibre","32":"product_tag-soivre","33":"product_tag-terciopelo","34":"product_tag-testado","35":"product_tag-textura","36":"product_tag-vegan","38":"first","39":"instock","40":"taxable","41":"shipping-taxable","42":"purchasable","43":"product-type-simple","44":"add-to-wishlist-after_add_to_cart"},"acf":[],"_links":{"self":[{"href":"https:\/\/compraencieza.es\/en\/wp-json\/wp\/v2\/product\/5740","targetHints":{"allow":["GET"]}}],"collection":[{"href":"https:\/\/compraencieza.es\/en\/wp-json\/wp\/v2\/product"}],"about":[{"href":"https:\/\/compraencieza.es\/en\/wp-json\/wp\/v2\/types\/product"}],"replies":[{"embeddable":true,"href":"https:\/\/compraencieza.es\/en\/wp-json\/wp\/v2\/comments?post=5740"}],"wp:featuredmedia":[{"embeddable":true,"href":"https:\/\/compraencieza.es\/en\/wp-json\/wp\/v2\/media\/4828"}],"wp:attachment":[{"href":"https:\/\/compraencieza.es\/en\/wp-json\/wp\/v2\/media?parent=5740"}],"wp:term":[{"taxonomy":"product_cat","embeddable":true,"href":"https:\/\/compraencieza.es\/en\/wp-json\/wp\/v2\/product_cat?post=5740"},{"taxonomy":"product_tag","embeddable":true,"href":"https:\/\/compraencieza.es\/en\/wp-json\/wp\/v2\/product_tag?post=5740"},{"taxonomy":"product_brand","embeddable":true,"href":"https:\/\/compraencieza.es\/en\/wp-json\/wp\/v2\/genre?post=5740"}],"curies":[{"name":"wp","href":"https:\/\/api.w.org\/{rel}","templated":true}]}}