{"id":5741,"date":"2025-01-09T17:09:50","date_gmt":"2025-01-09T16:09:50","guid":{"rendered":"https:\/\/compraencieza.es\/?post_type=product&#038;p=5741"},"modified":"2025-01-09T17:23:09","modified_gmt":"2025-01-09T16:23:09","slug":"jengibre-150mg","status":"publish","type":"product","link":"https:\/\/compraencieza.es\/en\/product\/jengibre-150mg\/","title":{"rendered":"Ginger 150mg"},"content":{"rendered":"<p><strong>Active nutrients:<\/strong>\u00a0Jengibre extracto seco de rizoma (<em>Zingiber officinale<\/em>).<\/p>\n<table border=\"1\" cellspacing=\"0\">\n<tbody>\n<tr>\n<td><strong>NUTRIENTS<\/strong><\/td>\n<td><strong>AMOUNT<\/strong><\/td>\n<\/tr>\n<tr>\n<td>Jengibre Extracto seco (<em>Zingiber officinale<\/em>)<\/td>\n<td>150 mg<\/td>\n<\/tr>\n<\/tbody>\n<\/table>\n<p><strong>Instructions for Use:<\/strong>\u00a0Como complemento en la dieta tomar dos (2) c\u00e1psulas al d\u00eda, una (1) c\u00e1psula en cada comida. En periodos prolongados de tratamiento se recomienda hacer descansos de consumo, para garantizar el efecto deseado.<\/p>\n<p>Caracter\u00edsticas principales de Jengibre extracto seco 150 mg c\u00e1psulas:<\/p>\n<p>&nbsp;<\/p>\n<div class=\"et-custom-list etlist-check\">\n<ul>\n<li>Allergen-free product in accordance with Regulation (EU) No. 1169\/2011.<\/li>\n<li>It does not contain gluten or lactose.<\/li>\n<\/ul>\n<ul>\n<li>Complemento alimenticios a base de planta.<\/li>\n<li>Envase para 30 d\u00edas de uso.<\/li>\n<\/ul>\n<\/div>\n<p>&nbsp;<\/p>\n<p>Warnings: Food supplements should not be used as a substitute for a varied and balanced diet. A healthy lifestyle is recommended. Do not exceed the recommended daily amount. Store in a cool, dry place away from sunlight. Keep out of reach of small children. Consult your doctor if you are pregnant or breastfeeding.<\/p>","protected":false},"excerpt":{"rendered":"<p>Entre otros \u00e9stos son algunos de los beneficios de tomar jengibre:<\/p>\n<p>-Alivio de las nauseas y v\u00f3mitos, incluyendo los del embarazo.<\/p>\n<p>-Propiedades antiinflamatorias y alivio del dolor.<\/p>\n<p>-Mejora la digesti\u00f3n, alivia los gases y el hinchaz\u00f3n.<\/p>\n<p>-Fortalece el sistema inmunitario.<\/p>\n<p>-Controla el nivel de glucosa en sangre.<\/p>","protected":false},"featured_media":4829,"comment_status":"open","ping_status":"closed","template":"","meta":{"_acf_changed":false,"inline_featured_image":false},"product_cat":[105],"product_tag":[1169,1035,132,2060,1339,133,989,958,1342,1861,2061,1320,730,712,141,2062,414,734,909,1068,1349,346,2063,1680,585,1830,1831,913,1071,538,1001,216,737,2064,739,700,355,2065,2066],"genre":[],"class_list":{"0":"post-5741","1":"product","2":"type-product","3":"status-publish","4":"has-post-thumbnail","6":"product_cat-salud","7":"product_tag-alergenos","8":"product_tag-alivio","9":"product_tag-anti","10":"product_tag-antiiflamatorio","11":"product_tag-azucar","12":"product_tag-bio","13":"product_tag-biodis","14":"product_tag-colesterol","15":"product_tag-diabetico","16":"product_tag-diabeticos","17":"product_tag-digesion","18":"product_tag-digestion","19":"product_tag-dis","20":"product_tag-dolor","21":"product_tag-embarazada","22":"product_tag-embarazo","23":"product_tag-esencial","24":"product_tag-essential","25":"product_tag-gases","26":"product_tag-gengibre","27":"product_tag-glucosa","28":"product_tag-gluten","29":"product_tag-hinchado","30":"product_tag-hinchazon","31":"product_tag-inflamatorio","32":"product_tag-inmune","33":"product_tag-inmunitario","34":"product_tag-intestino","35":"product_tag-jengibre","36":"product_tag-lactosa","37":"product_tag-mejora","38":"product_tag-natural","39":"product_tag-nature","40":"product_tag-nauseas","41":"product_tag-obire","42":"product_tag-sangre","43":"product_tag-sin","44":"product_tag-vomito","45":"product_tag-vomitos","47":"first","48":"onbackorder","49":"taxable","50":"shipping-taxable","51":"purchasable","52":"product-type-variable","53":"add-to-wishlist-after_add_to_cart"},"acf":[],"_links":{"self":[{"href":"https:\/\/compraencieza.es\/en\/wp-json\/wp\/v2\/product\/5741","targetHints":{"allow":["GET"]}}],"collection":[{"href":"https:\/\/compraencieza.es\/en\/wp-json\/wp\/v2\/product"}],"about":[{"href":"https:\/\/compraencieza.es\/en\/wp-json\/wp\/v2\/types\/product"}],"replies":[{"embeddable":true,"href":"https:\/\/compraencieza.es\/en\/wp-json\/wp\/v2\/comments?post=5741"}],"wp:featuredmedia":[{"embeddable":true,"href":"https:\/\/compraencieza.es\/en\/wp-json\/wp\/v2\/media\/4829"}],"wp:attachment":[{"href":"https:\/\/compraencieza.es\/en\/wp-json\/wp\/v2\/media?parent=5741"}],"wp:term":[{"taxonomy":"product_cat","embeddable":true,"href":"https:\/\/compraencieza.es\/en\/wp-json\/wp\/v2\/product_cat?post=5741"},{"taxonomy":"product_tag","embeddable":true,"href":"https:\/\/compraencieza.es\/en\/wp-json\/wp\/v2\/product_tag?post=5741"},{"taxonomy":"product_brand","embeddable":true,"href":"https:\/\/compraencieza.es\/en\/wp-json\/wp\/v2\/genre?post=5741"}],"curies":[{"name":"wp","href":"https:\/\/api.w.org\/{rel}","templated":true}]}}