{"id":5751,"date":"2025-01-09T17:09:56","date_gmt":"2025-01-09T16:09:56","guid":{"rendered":"https:\/\/compraencieza.es\/?post_type=product&#038;p=5751"},"modified":"2025-01-09T17:23:06","modified_gmt":"2025-01-09T16:23:06","slug":"cola-de-caballo","status":"publish","type":"product","link":"https:\/\/compraencieza.es\/en\/product\/cola-de-caballo\/","title":{"rendered":"Horsetail"},"content":{"rendered":"<div class=\"product-precontenido\">\n<p>Disponible en 100mg 60 capsulas,\u00a0 150mg 60 comprimidos, 150mg 100 comprimidos.<\/p>\n<h5><em><strong>100mg 60 capsulas:<\/strong><\/em><\/h5>\n<p>100 mg de Cola de Caballo extracto seco equivalen a 500 mg de planta polvo.<\/p>\n<\/div>\n<div class=\"product-contenido\">\n<h2>Descripci\u00f3n<\/h2>\n<p><strong>Active nutrients:<\/strong>\u00a0Cola de caballo extracto seco de parte a\u00e9rea (<em>Equisetum arvense<\/em>\u00a0L).<\/p>\n<table>\n<tbody>\n<tr>\n<td><strong>NUTRIENTS<\/strong><\/td>\n<td>POR C\u00c1PSULA<\/td>\n<td>EQUIVALENTE A PLANTA POLVO<\/td>\n<\/tr>\n<tr>\n<td>Cola de Caballo Extracto Seco<\/td>\n<td>100 mg<\/td>\n<td>500 mg<\/td>\n<\/tr>\n<\/tbody>\n<\/table>\n<p><strong>Recommended dosage:<\/strong>\u00a0Como complemento en la dieta tomar tres (3) c\u00e1psulas al d\u00eda. En periodos prolongados de tratamiento se recomienda hacer descansos de consumo, para garantizar el efecto deseado.<\/p>\n<\/div>\n<p>&nbsp;<\/p>\n<h5>150mg 60 comprimidos y\u00a0150mg 100 comprimidos:<\/h5>\n<div class=\"product-contenido\">\n<p><strong>Active nutrients:<\/strong>\u00a0Cola de caballo extracto seco de hierba (<em>Equisetum arvense<\/em>\u00a0L).<\/p>\n<table border=\"1\" cellspacing=\"0\">\n<tbody>\n<tr>\n<td><strong>NUTRIENTS<\/strong><\/td>\n<td><strong>AMOUNT<\/strong><\/td>\n<td><strong>WEALTH<\/strong><\/td>\n<td><strong>CONTRIBUTE<\/strong><\/td>\n<\/tr>\n<tr>\n<td>Cola de Caballo 5:1 Extracto seco (<em>Equisetum arvense L.<\/em>)<\/td>\n<td>150 mg<\/td>\n<td>7%<\/td>\n<td>10,5 mg S\u00edlice<\/td>\n<\/tr>\n<\/tbody>\n<\/table>\n<\/div>\n<p>Dosis recomendada: 2 al d\u00eda.<\/p>\n<p>&nbsp;<\/p>\n<p>&nbsp;<\/p>\n<div class=\"product-contenido\">\n<h5>Caracter\u00edsticas principales \u00e9stos productos:<\/h5>\n<div class=\"et-custom-list etlist-check\">\n<ul>\n<li>Allergen-free product in accordance with Regulation (EU) No. 1169\/2011.<\/li>\n<li>It does not contain gluten or lactose.<\/li>\n<li>Extracto seco<\/li>\n<li>Complemento alimenticios a base de extracto de planta.<\/li>\n<\/ul>\n<\/div>\n<p>&nbsp;<\/p>\n<p>Warnings: Food supplements should not be used as a substitute for a varied and balanced diet. A healthy lifestyle is recommended. Do not exceed the recommended daily amount. Store in a cool, dry place away from sunlight. Keep out of reach of small children. Consult your doctor if you are pregnant or breastfeeding.<\/p>\n<\/div>","protected":false},"excerpt":{"rendered":"<p>Sus principales funciones son:<\/p>\n<p>-Diur\u00e9tico natural, aumenta la producci\u00f3n de orina para as\u00ed eliminar la retenci\u00f3n de l\u00edquidos.<\/p>\n<p>-Fortalecimiento de cabello, u\u00f1as y la piel.<\/p>\n<p>-Mejora la salud \u00f3sea.<\/p>\n<p>-Alivio de problemas urinarios como infecciones leves.<\/p>","protected":false},"featured_media":4839,"comment_status":"open","ping_status":"closed","template":"","meta":{"_acf_changed":false,"inline_featured_image":false},"product_cat":[105],"product_tag":[1169,668,2079,196,2080,731,414,734,1184,346,2081,538,1193,767,216,737,2082,568,741,352,1202,405,2083,2084,2085,358],"genre":[],"class_list":{"0":"post-5751","1":"product","2":"type-product","3":"status-publish","4":"has-post-thumbnail","6":"product_cat-salud","7":"product_tag-alergenos","8":"product_tag-aparato","9":"product_tag-caballo","10":"product_tag-cabellos","11":"product_tag-cola","12":"product_tag-diuretico","13":"product_tag-esencial","14":"product_tag-essential","15":"product_tag-extracto","16":"product_tag-gluten","17":"product_tag-infeccion","18":"product_tag-lactosa","19":"product_tag-libre","20":"product_tag-liquidos","21":"product_tag-natural","22":"product_tag-nature","23":"product_tag-osea","24":"product_tag-perdida","25":"product_tag-peso","26":"product_tag-plantas","27":"product_tag-retencion","28":"product_tag-seco","29":"product_tag-unas-piel","30":"product_tag-urinario","31":"product_tag-urinarios","32":"product_tag-vitaminas","34":"first","35":"instock","36":"taxable","37":"shipping-taxable","38":"purchasable","39":"product-type-variable","40":"add-to-wishlist-after_add_to_cart"},"acf":[],"_links":{"self":[{"href":"https:\/\/compraencieza.es\/en\/wp-json\/wp\/v2\/product\/5751","targetHints":{"allow":["GET"]}}],"collection":[{"href":"https:\/\/compraencieza.es\/en\/wp-json\/wp\/v2\/product"}],"about":[{"href":"https:\/\/compraencieza.es\/en\/wp-json\/wp\/v2\/types\/product"}],"replies":[{"embeddable":true,"href":"https:\/\/compraencieza.es\/en\/wp-json\/wp\/v2\/comments?post=5751"}],"wp:featuredmedia":[{"embeddable":true,"href":"https:\/\/compraencieza.es\/en\/wp-json\/wp\/v2\/media\/4839"}],"wp:attachment":[{"href":"https:\/\/compraencieza.es\/en\/wp-json\/wp\/v2\/media?parent=5751"}],"wp:term":[{"taxonomy":"product_cat","embeddable":true,"href":"https:\/\/compraencieza.es\/en\/wp-json\/wp\/v2\/product_cat?post=5751"},{"taxonomy":"product_tag","embeddable":true,"href":"https:\/\/compraencieza.es\/en\/wp-json\/wp\/v2\/product_tag?post=5751"},{"taxonomy":"product_brand","embeddable":true,"href":"https:\/\/compraencieza.es\/en\/wp-json\/wp\/v2\/genre?post=5751"}],"curies":[{"name":"wp","href":"https:\/\/api.w.org\/{rel}","templated":true}]}}