{"id":5759,"date":"2025-01-09T17:09:56","date_gmt":"2025-01-09T16:09:56","guid":{"rendered":"https:\/\/compraencieza.es\/?post_type=product&#038;p=5759"},"modified":"2025-01-09T17:23:06","modified_gmt":"2025-01-09T16:23:06","slug":"arandano-1000mg","status":"publish","type":"product","link":"https:\/\/compraencieza.es\/en\/product\/arandano-1000mg\/","title":{"rendered":"Arandano 1000mg"},"content":{"rendered":"<p><strong>Active nutrients:<\/strong>\u00a0Ar\u00e1ndano jugo concentrado de fruto (<em>Vaccinium myrtillus<\/em>\u00a0L.).<\/p>\n<table border=\"1\" cellspacing=\"0\">\n<tbody>\n<tr>\n<td><strong>NUTRIENTS<\/strong><\/td>\n<td><strong>AMOUNT<\/strong><\/td>\n<td><strong>EQUIVALENT<\/strong><\/td>\n<\/tr>\n<tr>\n<td>Ar\u00e1ndano azul (<em>Vaccinium myrtillus<\/em>)<\/td>\n<td>357,14 mg<\/td>\n<td>Equivalente a 1.000 mg de fruta fresca<\/td>\n<\/tr>\n<\/tbody>\n<\/table>\n<p><strong>Instructions for Use:<\/strong>\u00a0Como complemento en la dieta tomar una (1) c\u00e1psula al d\u00eda. En periodos prolongados de tratamiento se recomienda hacer descansos de consumo, para garantizar el efecto deseado.<\/p>\n<p>Caracter\u00edsticas principales de Ar\u00e1ndano 1.000 mg c\u00e1psulas:<\/p>\n<p>&nbsp;<\/p>\n<div class=\"et-custom-list etlist-check\">\n<ul>\n<li>Allergen-free product in accordance with Regulation (EU) No. 1169\/2011.<\/li>\n<li>It does not contain gluten or lactose.<\/li>\n<li>Cada c\u00e1psula contiene el equivalente a 1.000 mg de fruto de ar\u00e1ndano.<\/li>\n<li>Complemento alimenticios a base de planta natural.<\/li>\n<li>Envase para 60 d\u00edas de uso.<\/li>\n<\/ul>\n<\/div>\n<p>&nbsp;<\/p>\n<p>Warnings: Food supplements should not be used as a substitute for a varied and balanced diet. A healthy lifestyle is recommended. Do not exceed the recommended daily amount. Store in a cool, dry place away from sunlight. Keep out of reach of small children. Consult your doctor if you are pregnant or breastfeeding.<\/p>","protected":false},"excerpt":{"rendered":"<p>Sus principales funciones son:<\/p>\n<p>-Salud del tracto urinario.<\/p>\n<p>-Antioxidante.<\/p>\n<p>-Apoyo a la salud cardiovascular ( los ar\u00e1ndanos reducen la presi\u00f3n arterial, mejoran los niveles de colesterol y reducen la inflamaci\u00f3n).<\/p>\n<p>-Mejora de la visi\u00f3n (reduce el riesgo de la degeneraci\u00f3n macular).<\/p>\n<p>-Funci\u00f3n cognitiva.<\/p>\n<p>-Control de glucosa en sangre.<\/p>\n<p>-Mejora de la circulaci\u00f3n.<\/p>","protected":false},"featured_media":4848,"comment_status":"open","ping_status":"closed","template":"","meta":{"_acf_changed":false,"inline_featured_image":false},"product_cat":[105],"product_tag":[132,1599,2103,710,133,989,1927,934,2071,958,730,414,734,1122,2104,1001,216,737,739,1330,544,403,658,2084,1913],"genre":[],"class_list":{"0":"post-5759","1":"product","2":"type-product","3":"status-publish","4":"has-post-thumbnail","6":"product_cat-salud","7":"product_tag-anti","8":"product_tag-antioxidante","9":"product_tag-arandano","10":"product_tag-bienestar","11":"product_tag-bio","12":"product_tag-biodis","13":"product_tag-cardiovascular","14":"product_tag-circulacion","15":"product_tag-cognitiva","16":"product_tag-colesterol","17":"product_tag-dis","18":"product_tag-esencial","19":"product_tag-essential","20":"product_tag-inflamacion","21":"product_tag-mantiene","22":"product_tag-mejora","23":"product_tag-natural","24":"product_tag-nature","25":"product_tag-obire","26":"product_tag-oxidante","27":"product_tag-presion","28":"product_tag-rojo","29":"product_tag-tension","30":"product_tag-urinario","31":"product_tag-vision","33":"first","34":"instock","35":"taxable","36":"shipping-taxable","37":"purchasable","38":"product-type-variable","39":"add-to-wishlist-after_add_to_cart"},"acf":[],"_links":{"self":[{"href":"https:\/\/compraencieza.es\/en\/wp-json\/wp\/v2\/product\/5759","targetHints":{"allow":["GET"]}}],"collection":[{"href":"https:\/\/compraencieza.es\/en\/wp-json\/wp\/v2\/product"}],"about":[{"href":"https:\/\/compraencieza.es\/en\/wp-json\/wp\/v2\/types\/product"}],"replies":[{"embeddable":true,"href":"https:\/\/compraencieza.es\/en\/wp-json\/wp\/v2\/comments?post=5759"}],"wp:featuredmedia":[{"embeddable":true,"href":"https:\/\/compraencieza.es\/en\/wp-json\/wp\/v2\/media\/4848"}],"wp:attachment":[{"href":"https:\/\/compraencieza.es\/en\/wp-json\/wp\/v2\/media?parent=5759"}],"wp:term":[{"taxonomy":"product_cat","embeddable":true,"href":"https:\/\/compraencieza.es\/en\/wp-json\/wp\/v2\/product_cat?post=5759"},{"taxonomy":"product_tag","embeddable":true,"href":"https:\/\/compraencieza.es\/en\/wp-json\/wp\/v2\/product_tag?post=5759"},{"taxonomy":"product_brand","embeddable":true,"href":"https:\/\/compraencieza.es\/en\/wp-json\/wp\/v2\/genre?post=5759"}],"curies":[{"name":"wp","href":"https:\/\/api.w.org\/{rel}","templated":true}]}}