{"id":5775,"date":"2025-01-09T17:09:56","date_gmt":"2025-01-09T16:09:56","guid":{"rendered":"https:\/\/compraencieza.es\/?post_type=product&#038;p=5775"},"modified":"2025-01-09T17:23:07","modified_gmt":"2025-01-09T16:23:07","slug":"fumaria-fumaria-officinalis-50gr","status":"publish","type":"product","link":"https:\/\/compraencieza.es\/en\/product\/fumaria-fumaria-officinalis-50gr\/","title":{"rendered":"Fumaria (fumaria officinalis) 50gr"},"content":{"rendered":"<h2>Fumaria Planta Triturada<\/h2>\n<p>Plantas medicinales.<\/p>\n<h3>\u00bfQu\u00e9 es\u00a0Fumaria Planta Triturada?<\/h3>\n<p>La fumaria, tambi\u00e9n conocida como palomilla, es una planta utilizada en la medicina herbal para\u00a0<strong>tratar problemas hep\u00e1ticos, trastornos de la piel y problemas de la ves\u00edcula biliar.<\/strong>\u00a0Contiene compuestos qu\u00edmicos, incluyendo alcaloides y flavonoides, que se cree que tienen\u00a0<strong>propiedades antiinflamatorias y hepatoprotectoras<\/strong>. Se utiliza principalmente para tratar problemas hep\u00e1ticos y de la ves\u00edcula biliar, reducir los niveles de colesterol y tratar problemas de la piel. Es importante hablar con un profesional de la salud antes de utilizarla en caso de tener alguna condici\u00f3n m\u00e9dica o tomar otros medicamentos.<\/p>\n<h3>Ingredients:<\/h3>\n<p>Planta triturada de fumaria.<\/p>\n<h3>\u00bfC\u00f3mo se toma la Fumaria Planta Triturada?<\/h3>\n<p>Para tomar en infusi\u00f3n.<\/p>\n<h3>Presentaci\u00f3n:<\/h3>\n<p>Envase con\u00a050 gramos.<\/p>","protected":false},"excerpt":{"rendered":"<p>Es una planta medicinal que se utiliza principalmente en forma de infusi\u00f3n por sus propiedades beneficiosas para la salud como:<\/p>\n<p>-Dexintoxicaci\u00f3n del h\u00edgado.<\/p>\n<p>-Tratamiento de trastornos digestivos.<\/p>\n<p>-Propiedades diur\u00e9ticas que ayudan a eliminar el exceso de l\u00edquidos y reducir la hinchaz\u00f3n.<\/p>\n<p>-Alivio de afecciones cu\u00e1neas\u00a0 como eccemas, acn\u00e9 y psoriaris.<\/p>\n<p>-Efecto calmante y relajante.<\/p>","protected":false},"featured_media":4889,"comment_status":"open","ping_status":"closed","template":"","meta":{"_acf_changed":false,"inline_featured_image":false},"product_cat":[105],"product_tag":[2133,1338,1339,1821,133,1822,1795,1729,1796,1797,762,1633,1798,1108,2134,895,2135,731,2136,1805,556,1806,558,180,1808,766,2137,2138,346,2139,1680,161,767,2140,1326,1813,216,1200,1333,2141,128,384,355,2142,2143,1825,777],"genre":[],"class_list":{"0":"post-5775","1":"product","2":"type-product","3":"status-publish","4":"has-post-thumbnail","6":"product_cat-salud","7":"product_tag-acne","8":"product_tag-alimentacion","9":"product_tag-azucar","10":"product_tag-bebida","11":"product_tag-bio","12":"product_tag-biologico","13":"product_tag-bpa","14":"product_tag-calmante","15":"product_tag-celiaco","16":"product_tag-celiacos","17":"product_tag-chocolate","18":"product_tag-colorantes","19":"product_tag-conservantes","20":"product_tag-cutaneas","21":"product_tag-dexintoxicacion","22":"product_tag-digestivo","23":"product_tag-diureticas","24":"product_tag-diuretico","25":"product_tag-eccemas","26":"product_tag-eco","27":"product_tag-ecologico","28":"product_tag-edulcorantes","29":"product_tag-eliminar","30":"product_tag-fibra","31":"product_tag-fruta","32":"product_tag-frutos","33":"product_tag-fumar","34":"product_tag-fumaria","35":"product_tag-gluten","36":"product_tag-higado","37":"product_tag-hinchazon","38":"product_tag-leche","39":"product_tag-liquidos","40":"product_tag-medicina","41":"product_tag-medicinal","42":"product_tag-natrual","43":"product_tag-natural","44":"product_tag-planta","45":"product_tag-propiedades","46":"product_tag-psoriasis","47":"product_tag-relajante","48":"product_tag-secos","49":"product_tag-sin","50":"product_tag-soriasis","51":"product_tag-trastorno","52":"product_tag-vegano","53":"product_tag-vegetal","55":"first","56":"onbackorder","57":"taxable","58":"shipping-taxable","59":"purchasable","60":"product-type-simple","61":"add-to-wishlist-after_add_to_cart"},"acf":[],"_links":{"self":[{"href":"https:\/\/compraencieza.es\/en\/wp-json\/wp\/v2\/product\/5775","targetHints":{"allow":["GET"]}}],"collection":[{"href":"https:\/\/compraencieza.es\/en\/wp-json\/wp\/v2\/product"}],"about":[{"href":"https:\/\/compraencieza.es\/en\/wp-json\/wp\/v2\/types\/product"}],"replies":[{"embeddable":true,"href":"https:\/\/compraencieza.es\/en\/wp-json\/wp\/v2\/comments?post=5775"}],"wp:featuredmedia":[{"embeddable":true,"href":"https:\/\/compraencieza.es\/en\/wp-json\/wp\/v2\/media\/4889"}],"wp:attachment":[{"href":"https:\/\/compraencieza.es\/en\/wp-json\/wp\/v2\/media?parent=5775"}],"wp:term":[{"taxonomy":"product_cat","embeddable":true,"href":"https:\/\/compraencieza.es\/en\/wp-json\/wp\/v2\/product_cat?post=5775"},{"taxonomy":"product_tag","embeddable":true,"href":"https:\/\/compraencieza.es\/en\/wp-json\/wp\/v2\/product_tag?post=5775"},{"taxonomy":"product_brand","embeddable":true,"href":"https:\/\/compraencieza.es\/en\/wp-json\/wp\/v2\/genre?post=5775"}],"curies":[{"name":"wp","href":"https:\/\/api.w.org\/{rel}","templated":true}]}}