{"id":5776,"date":"2025-01-09T17:10:01","date_gmt":"2025-01-09T16:10:01","guid":{"rendered":"https:\/\/compraencieza.es\/?post_type=product&#038;p=5776"},"modified":"2025-01-09T17:23:05","modified_gmt":"2025-01-09T16:23:05","slug":"beter-cortacuticulas-con-empujapieles-y-lima","status":"publish","type":"product","link":"https:\/\/compraencieza.es\/en\/product\/beter-cortacuticulas-con-empujapieles-y-lima\/","title":{"rendered":"Beter Cortacut\u00edculas Con Empujapieles y lima"},"content":{"rendered":"<div class=\"pb-left-column col-xs-12 col-sm-6 col-md-5 col-lg-5\">\n<div id=\"image-block\" class=\"clearfix\">\n<h1>Cortacut\u00edculas con empujapieles y lima<\/h1>\n<div id=\"short_description_block\">\n<div id=\"short_description_content\" class=\"rte align_justify\">\n<p>Un 3 en 1 muy pr\u00e1ctico: cortacut\u00edculas, lima y bajapieles en una sola pieza. Fabricado en acero inoxidable tratado, permite eliminar las cut\u00edculas, despejar tus u\u00f1as y limarlas en un momento.<\/p>\n<p>Es recomendable utilizar primero el bajapieles y despu\u00e9s eliminar suavemente las cut\u00edculas. Puedes hacerlo en seco, sin heridas ni repelones.<\/p>\n<h3>Modo de empleo<\/h3>\n<div class=\"productcustomtab_desc\">Utiliza el bajapieles (1) situado en el extremo angulado del mango para empujar suavemente las cut\u00edculas del entorno de la u\u00f1a. A continuaci\u00f3n elim\u00ednalas f\u00e1cilmente con la cuchilla (2) y para terminar lima tus u\u00f1as siguiendo su forma natural siempre en la misma direcci\u00f3n (3).<\/div>\n<\/div>\n<\/div>\n<\/div>\n<\/div>","protected":false},"excerpt":{"rendered":"<p>Un 3 en 1 muy pr\u00e1ctico: cortacut\u00edculas, lima y bajapieles en una sola pieza. Fabricado en acero inoxidable tratado, permite eliminar las cut\u00edculas, despejar tus u\u00f1as y limarlas en un momento.<\/p>","protected":false},"featured_media":4890,"comment_status":"open","ping_status":"closed","template":"","meta":{"_acf_changed":false,"inline_featured_image":false},"product_cat":[49],"product_tag":[2144,176,2145,2146,2147,557,558,2148,2149,1691,2150,182,2151,2152,2153,2154,332,2155,2156,337,498,190],"genre":[],"class_list":{"0":"post-5776","1":"product","2":"type-product","3":"status-publish","4":"has-post-thumbnail","6":"product_cat-accesorios","7":"product_tag-acero","8":"product_tag-beter","9":"product_tag-cortacuticulas","10":"product_tag-cuticulas","11":"product_tag-despejar","12":"product_tag-elimina","13":"product_tag-eliminar","14":"product_tag-empuja","15":"product_tag-empujapieles","16":"product_tag-heridas","17":"product_tag-inoxidable","18":"product_tag-lima","19":"product_tag-limar","20":"product_tag-limarlas","21":"product_tag-pieles","22":"product_tag-pieza","23":"product_tag-quita","24":"product_tag-repelones","25":"product_tag-sola","26":"product_tag-suave","27":"product_tag-una","28":"product_tag-unas","30":"first","31":"outofstock","32":"taxable","33":"shipping-taxable","34":"purchasable","35":"product-type-simple","36":"add-to-wishlist-after_add_to_cart"},"acf":[],"_links":{"self":[{"href":"https:\/\/compraencieza.es\/en\/wp-json\/wp\/v2\/product\/5776","targetHints":{"allow":["GET"]}}],"collection":[{"href":"https:\/\/compraencieza.es\/en\/wp-json\/wp\/v2\/product"}],"about":[{"href":"https:\/\/compraencieza.es\/en\/wp-json\/wp\/v2\/types\/product"}],"replies":[{"embeddable":true,"href":"https:\/\/compraencieza.es\/en\/wp-json\/wp\/v2\/comments?post=5776"}],"wp:featuredmedia":[{"embeddable":true,"href":"https:\/\/compraencieza.es\/en\/wp-json\/wp\/v2\/media\/4890"}],"wp:attachment":[{"href":"https:\/\/compraencieza.es\/en\/wp-json\/wp\/v2\/media?parent=5776"}],"wp:term":[{"taxonomy":"product_cat","embeddable":true,"href":"https:\/\/compraencieza.es\/en\/wp-json\/wp\/v2\/product_cat?post=5776"},{"taxonomy":"product_tag","embeddable":true,"href":"https:\/\/compraencieza.es\/en\/wp-json\/wp\/v2\/product_tag?post=5776"},{"taxonomy":"product_brand","embeddable":true,"href":"https:\/\/compraencieza.es\/en\/wp-json\/wp\/v2\/genre?post=5776"}],"curies":[{"name":"wp","href":"https:\/\/api.w.org\/{rel}","templated":true}]}}