{"id":5784,"date":"2025-01-09T17:10:01","date_gmt":"2025-01-09T16:10:01","guid":{"rendered":"https:\/\/compraencieza.es\/?post_type=product&#038;p=5784"},"modified":"2025-01-09T17:23:05","modified_gmt":"2025-01-09T16:23:05","slug":"reishi-400mg","status":"publish","type":"product","link":"https:\/\/compraencieza.es\/en\/product\/reishi-400mg\/","title":{"rendered":"Reishi 400mg"},"content":{"rendered":"<h2>Descripci\u00f3n<\/h2>\n<p><strong>Active nutrients:<\/strong>\u00a0Reishi polvo (fruto) (<em>Ganoderma lucidum<\/em>)<\/p>\n<table border=\"1\" cellspacing=\"0\">\n<tbody>\n<tr>\n<td><strong>NUTRIENTS<\/strong><\/td>\n<td><strong>AMOUNT<\/strong><\/td>\n<\/tr>\n<tr>\n<td>Reishi (<em>Ganoderma lucidum<\/em>)<\/td>\n<td>400 mg<\/td>\n<\/tr>\n<\/tbody>\n<\/table>\n<p><strong>Instructions for Use:<\/strong>\u00a0Como complemento en la dieta tomar tres (3) c\u00e1psulas al d\u00eda. En periodos prolongados de tratamiento se recomienda hacer descansos de consumo, para garantizar el efecto deseado.<\/p>\n<p>Caracter\u00edsticas principales de Reishi 400 mg c\u00e1psulas:<\/p>\n<p>&nbsp;<\/p>\n<div class=\"et-custom-list etlist-check\">\n<ul>\n<li>Allergen-free product in accordance with Regulation (EU) No. 1169\/2011.<\/li>\n<li>It does not contain gluten or lactose.<\/li>\n<li>Complemento alimenticio a base de hongo.<\/li>\n<li>Envase para 17 o 30 d\u00edas de uso.<\/li>\n<\/ul>\n<\/div>\n<p>&nbsp;<\/p>\n<p>Warnings: Food supplements should not be used as a substitute for a varied and balanced diet. A healthy lifestyle is recommended. Do not exceed the recommended daily amount. Store in a cool, dry place away from sunlight. Keep out of reach of small children. Consult your doctor if you are pregnant or breastfeeding.<\/p>","protected":false},"excerpt":{"rendered":"<p>El reishi es un hongo conocido por sus beneficios para la salud como:<\/p>\n<p>-Fortalecimiento del sistema inmune.<\/p>\n<p>-Efecto adapt\u00f3geno (ayuda al cuerpo a adaptarse al estr\u00e9s f\u00edsico y mental)<\/p>\n<p>-Propiedades antinflamatorias y antioxidantes.<\/p>\n<p>-Apoyo cardiovascular (mejora la circulaci\u00f3n sangu\u00ednea y la reducci\u00f3n de la presi\u00f3n arterial)<\/p>\n<p>-Mejora la calidad del sue\u00f1o.<\/p>\n<p>-Apoyo hep\u00e1tico (ayuda en la desintoxicaci\u00f3n del h\u00edgado)<\/p>\n<p>&nbsp;<\/p>","protected":false},"featured_media":4899,"comment_status":"open","ping_status":"closed","template":"","meta":{"_acf_changed":false,"inline_featured_image":false},"product_cat":[105],"product_tag":[2168,1169,1011,1035,132,578,2169,1599,1927,891,2050,960,2051,2052,2053,346,2170,2171,2054,585,1830,1831,538,1193,216,1330,352,657,2055,2131,2132,1048,2056,590,876,256,2057],"genre":[],"class_list":{"0":"post-5784","1":"product","2":"type-product","3":"status-publish","4":"has-post-thumbnail","6":"product_cat-salud","7":"product_tag-adaptogeno","8":"product_tag-alergenos","9":"product_tag-alimenticio","10":"product_tag-alivio","11":"product_tag-anti","12":"product_tag-antiinflamatorio","13":"product_tag-antinflamatorio","14":"product_tag-antioxidante","15":"product_tag-cardiovascular","16":"product_tag-complemento","17":"product_tag-congestion","18":"product_tag-corazon","19":"product_tag-echinacea","20":"product_tag-enfermedades","21":"product_tag-equinacea","22":"product_tag-gluten","23":"product_tag-hepatico","24":"product_tag-hongo","25":"product_tag-infecciones","26":"product_tag-inflamatorio","27":"product_tag-inmune","28":"product_tag-inmunitario","29":"product_tag-lactosa","30":"product_tag-libre","31":"product_tag-natural","32":"product_tag-oxidante","33":"product_tag-plantas","34":"product_tag-previene","35":"product_tag-refuerzo","36":"product_tag-reishi","37":"product_tag-reisi","38":"product_tag-resfriado","39":"product_tag-resfriados","40":"product_tag-salud","41":"product_tag-sistema","42":"product_tag-sueno","43":"product_tag-vias","45":"first","46":"instock","47":"taxable","48":"shipping-taxable","49":"purchasable","50":"product-type-variable","51":"add-to-wishlist-after_add_to_cart"},"acf":[],"_links":{"self":[{"href":"https:\/\/compraencieza.es\/en\/wp-json\/wp\/v2\/product\/5784","targetHints":{"allow":["GET"]}}],"collection":[{"href":"https:\/\/compraencieza.es\/en\/wp-json\/wp\/v2\/product"}],"about":[{"href":"https:\/\/compraencieza.es\/en\/wp-json\/wp\/v2\/types\/product"}],"replies":[{"embeddable":true,"href":"https:\/\/compraencieza.es\/en\/wp-json\/wp\/v2\/comments?post=5784"}],"wp:featuredmedia":[{"embeddable":true,"href":"https:\/\/compraencieza.es\/en\/wp-json\/wp\/v2\/media\/4899"}],"wp:attachment":[{"href":"https:\/\/compraencieza.es\/en\/wp-json\/wp\/v2\/media?parent=5784"}],"wp:term":[{"taxonomy":"product_cat","embeddable":true,"href":"https:\/\/compraencieza.es\/en\/wp-json\/wp\/v2\/product_cat?post=5784"},{"taxonomy":"product_tag","embeddable":true,"href":"https:\/\/compraencieza.es\/en\/wp-json\/wp\/v2\/product_tag?post=5784"},{"taxonomy":"product_brand","embeddable":true,"href":"https:\/\/compraencieza.es\/en\/wp-json\/wp\/v2\/genre?post=5784"}],"curies":[{"name":"wp","href":"https:\/\/api.w.org\/{rel}","templated":true}]}}