{"id":5787,"date":"2025-01-09T17:10:02","date_gmt":"2025-01-09T16:10:02","guid":{"rendered":"https:\/\/compraencieza.es\/?post_type=product&#038;p=5787"},"modified":"2025-01-09T17:23:02","modified_gmt":"2025-01-09T16:23:02","slug":"alcachofa-cola-de-caballo-extracto-seco-300-mg-60-capsulas","status":"publish","type":"product","link":"https:\/\/compraencieza.es\/en\/product\/alcachofa-cola-de-caballo-extracto-seco-300-mg-60-capsulas\/","title":{"rendered":"Artichoke + horsetail (dry extract) 300 mg. 60 capsules"},"content":{"rendered":"<p><strong>Active nutrients:<\/strong>\u00a0Alcachofa extracto seco de hojas (<em>Cynara scolymus<\/em>), Cola de caballo extracto seco de hierba (<em>Equisetum arvense<\/em>\u00a0L).<\/p>\n<table>\n<tbody>\n<tr>\n<td>NUTRIENTS<\/td>\n<td>POR C\u00c1PSULA<\/td>\n<td>EQUIVALENTE A PLANTA POLVO<\/td>\n<\/tr>\n<tr>\n<td>Alcachofa extracto seco<\/td>\n<td>150 mg<\/td>\n<td>750 mg<\/td>\n<\/tr>\n<tr>\n<td>Cola de caballo extracto seco<\/td>\n<td>150 mg<\/td>\n<td>750 mg<\/td>\n<\/tr>\n<\/tbody>\n<\/table>\n<p><strong>Instructions for Use:<\/strong>\u00a0Como complemento en la dieta tomar dos (2) c\u00e1psulas al d\u00eda despu\u00e9s de la comida. En periodos prolongados de tratamiento se recomienda hacer descansos de consumo, para garantizar el efecto deseado.<\/p>\n<p>Caracter\u00edsticas principales de Alcachofa + Cola de caballo (ext. Seco) 300 mg c\u00e1psulas:<\/p>\n<p>&nbsp;<\/p>\n<div class=\"et-custom-list etlist-check\">\n<ul>\n<li>Allergen-free product in accordance with Regulation (EU) No. 1169\/2011.<\/li>\n<li>It does not contain gluten or lactose.<\/li>\n<li>Complemento alimenticio a base extractos de plantas.<\/li>\n<li>Envase para 30 d\u00edas de uso.<\/li>\n<\/ul>\n<\/div>\n<p>&nbsp;<\/p>\n<p>Warnings: Food supplements should not be used as a substitute for a varied and balanced diet. A healthy lifestyle is recommended. Do not exceed the recommended daily amount. Store in a cool, dry place away from sunlight. Keep out of reach of small children. Consult your doctor if you are pregnant or breastfeeding.<\/p>","protected":false},"excerpt":{"rendered":"<p>Entre sus beneficios m\u00e1s comunes est\u00e1n la salud digestiva, hep\u00e1tica y urinaria.<\/p>\n<p>Podemos destacar:<\/p>\n<p>-Detoxificaci\u00f3n y salud hep\u00e1tica.<\/p>\n<p>-P\u00e9rdida de peso y control de apetito.<\/p>\n<p>-Mejora de la digesti\u00f3n.<\/p>\n<p>-Salud urinaria ( Efecto diur\u00e9tico, se eliminan l\u00edquidos y toxinas).<\/p>\n<p>-Antioxidante y antiinflamatorio.<\/p>\n<p>-Fortalecimiento de u\u00f1as y cabello.<\/p>","protected":false},"featured_media":4902,"comment_status":"open","ping_status":"closed","template":"","meta":{"_acf_changed":false,"inline_featured_image":false},"product_cat":[105],"product_tag":[728,2067,988,133,2079,195,2080,540,780,781,1320,2172,895,730,731,734,1184,997,2173,346,2174,2170,538,2175,1001,216,737,739,202,740,568,741,604,352,1202,590,405,355,2176,190,2177,2084],"genre":[],"class_list":{"0":"post-5787","1":"product","2":"type-product","3":"status-publish","4":"has-post-thumbnail","6":"product_cat-salud","7":"product_tag-alcachofa","8":"product_tag-apetito","9":"product_tag-beneficia","10":"product_tag-bio","11":"product_tag-caballo","12":"product_tag-cabello","13":"product_tag-cola","14":"product_tag-control","15":"product_tag-detoxifica","16":"product_tag-detoxificante","17":"product_tag-digestion","18":"product_tag-digestiva","19":"product_tag-digestivo","20":"product_tag-dis","21":"product_tag-diuretico","22":"product_tag-essential","23":"product_tag-extracto","24":"product_tag-fortalece","25":"product_tag-fortalecimineto","26":"product_tag-gluten","27":"product_tag-hepatica","28":"product_tag-hepatico","29":"product_tag-lactosa","30":"product_tag-liqudios","31":"product_tag-mejora","32":"product_tag-natural","33":"product_tag-nature","34":"product_tag-obire","35":"product_tag-pelo","36":"product_tag-perder","37":"product_tag-perdida","38":"product_tag-peso","39":"product_tag-piel","40":"product_tag-plantas","41":"product_tag-retencion","42":"product_tag-salud","43":"product_tag-seco","44":"product_tag-sin","45":"product_tag-toxinas","46":"product_tag-unas","47":"product_tag-urinaria","48":"product_tag-urinario","50":"first","51":"instock","52":"taxable","53":"shipping-taxable","54":"purchasable","55":"product-type-simple","56":"add-to-wishlist-after_add_to_cart"},"acf":[],"_links":{"self":[{"href":"https:\/\/compraencieza.es\/en\/wp-json\/wp\/v2\/product\/5787","targetHints":{"allow":["GET"]}}],"collection":[{"href":"https:\/\/compraencieza.es\/en\/wp-json\/wp\/v2\/product"}],"about":[{"href":"https:\/\/compraencieza.es\/en\/wp-json\/wp\/v2\/types\/product"}],"replies":[{"embeddable":true,"href":"https:\/\/compraencieza.es\/en\/wp-json\/wp\/v2\/comments?post=5787"}],"wp:featuredmedia":[{"embeddable":true,"href":"https:\/\/compraencieza.es\/en\/wp-json\/wp\/v2\/media\/4902"}],"wp:attachment":[{"href":"https:\/\/compraencieza.es\/en\/wp-json\/wp\/v2\/media?parent=5787"}],"wp:term":[{"taxonomy":"product_cat","embeddable":true,"href":"https:\/\/compraencieza.es\/en\/wp-json\/wp\/v2\/product_cat?post=5787"},{"taxonomy":"product_tag","embeddable":true,"href":"https:\/\/compraencieza.es\/en\/wp-json\/wp\/v2\/product_tag?post=5787"},{"taxonomy":"product_brand","embeddable":true,"href":"https:\/\/compraencieza.es\/en\/wp-json\/wp\/v2\/genre?post=5787"}],"curies":[{"name":"wp","href":"https:\/\/api.w.org\/{rel}","templated":true}]}}