{"id":5788,"date":"2025-01-09T17:10:02","date_gmt":"2025-01-09T16:10:02","guid":{"rendered":"https:\/\/compraencieza.es\/?post_type=product&#038;p=5788"},"modified":"2025-01-09T17:23:02","modified_gmt":"2025-01-09T16:23:02","slug":"centella-asiatica-complex-400-mg-ext-seco-60-comprimidos","status":"publish","type":"product","link":"https:\/\/compraencieza.es\/en\/product\/centella-asiatica-complex-400-mg-ext-seco-60-comprimidos\/","title":{"rendered":"Centella asiatica (complex) 400 mg. (dry ext.) 60 tablets."},"content":{"rendered":"<h2 class=\"product_title entry-title\">Centella asiatica (complex) 400 mg. (ext. seco) 60 comprimidos con casta\u00f1o de indias, ginkgo biloba y vid roja.<\/h2>\n<h2>Descripci\u00f3n<\/h2>\n<p><strong>Active nutrients:\u00a0<\/strong>Centella Asi\u00e1tica extracto seco de parte a\u00e9rea (<em>Centella asiatica<\/em>), Casta\u00f1o de Indias extracto seco de semillas (<em>Aesculus hippocastanum<\/em>), Vid Roja extracto seco de hojas (<em>Vitis vinifera L.<\/em>) y Ginkgo Biloba extracto seco de hojas (<em>Ginkgo biloba L.<\/em>)<\/p>\n<table border=\"1\" cellspacing=\"0\">\n<tbody>\n<tr>\n<td><strong>NUTRIENTS<\/strong><\/td>\n<td><strong>AMOUNT<\/strong><\/td>\n<td><strong>WEALTH<\/strong><\/td>\n<td><strong>CONTRIBUTE<\/strong><\/td>\n<\/tr>\n<tr>\n<td>Centella Asi\u00e1itca 10:1 Extracto Seco (<em>Centella asiatica urban<\/em>)<\/td>\n<td>20 mg<\/td>\n<td>10%<\/td>\n<td>2 mg GLA Asiatic\u00f3sidos<\/td>\n<\/tr>\n<tr>\n<td>Casta\u00f1o de India\u00a0 9:1 Extracto Seco (<em>Aesculus hippocastanum<\/em>)<\/td>\n<td>11,11 mg<\/td>\n<td>22%<\/td>\n<td>2,4 mg Escina<\/td>\n<\/tr>\n<tr>\n<td>Ginkgo Biloba 50:1 Extracto Seco (<em>Ginkgo biloba<\/em>)<\/td>\n<td>10 mg<\/td>\n<td>24% \/ 6%<\/td>\n<td>2,4 mg Flavoglic\u00f3sidos \/ 0,6 mg Lactonas<\/td>\n<\/tr>\n<tr>\n<td>Vid Roja 10:1 Extracto Seco (<em>Vitis vinifera<\/em>)<\/td>\n<td>10 mg<\/td>\n<td>5%<\/td>\n<td>0,5 mg Polifenoles<\/td>\n<\/tr>\n<\/tbody>\n<\/table>\n<p><strong>Instructions for Use:<\/strong>\u00a0Como complemento en la dieta tomar de dos (2) comprimidos al d\u00eda. En periodos prolongados de tratamiento se recomienda hacer descansos de consumo, para garantizar el efecto deseado.<\/p>\n<p>Caracter\u00edsticas principales de Centella complex:<\/p>\n<p>&nbsp;<\/p>\n<div class=\"et-custom-list etlist-check\">\n<ul>\n<li>Allergen-free product in accordance with Regulation (EU) No. 1169\/2011.<\/li>\n<li>It does not contain gluten or lactose.<\/li>\n<li>Complemento alimenticios a base de plantas naturales.<\/li>\n<li>Extractos secos valorados en principios activos.<\/li>\n<li>Envase para 30 d\u00edas d\u00edas de uso.<\/li>\n<\/ul>\n<\/div>\n<p>&nbsp;<\/p>\n<p>Advertencias: Los complementos alimenticios no deben utilizarse como sustitutos de una dieta variada y equilibrada. Se recomienda un estilo de vida saludable. No sobrepasar la cantidad diaria recomendada. Conservar en lugar seco, fresco y protegido de la luz solar. Mantener fuera del alcance de los ni\u00f1os m\u00e1s peque\u00f1os. Si est\u00e1 tomando medicamentos anticoagulantes o antiplaquetarios, consulte a su m\u00e9dico antes de tomar el producto. No se recomienda el uso del producto durante el embarazo y la lactancia.<\/p>","protected":false},"excerpt":{"rendered":"<p>Tambi\u00e9n conocida como \u00abGotu kola\u00bb es una planta medicinal utilizada en la medicina tradicional.<\/p>\n<p>Muchos de sus beneficios son:<\/p>\n<p>-Mejora de circulaci\u00f3n sangu\u00ednea.<\/p>\n<p>-Cicatrizaci\u00f3n y regeneraci\u00f3n de la piel.<\/p>\n<p>-Reducci\u00f3n de la celulitis.<\/p>\n<p>-Mejora de memoria y funciones cogintivas.<\/p>\n<p>-Propiedades ansiol\u00edticas y antidepresivas.<\/p>\n<p>-Alivio de trastornos gastrointestinales\u00a0 (como \u00falceras g\u00e1stricas y s\u00edndrome de intestino irritable)<\/p>\n<p>-Apoyo a la salud del sistema linf\u00e1tico.<\/p>","protected":false},"featured_media":4903,"comment_status":"open","ping_status":"closed","template":"","meta":{"_acf_changed":false,"inline_featured_image":false},"product_cat":[105],"product_tag":[1169,2058,2178,132,2179,977,1174,933,135,981,2180,2181,934,2182,2183,2184,734,2164,2185,2186,2187,1190,346,2188,2189,942,913,1603,2190,538,1193,2191,2140,1194,216,737,739,1200,352,2192,150,970,700,948,355,1052,2193,2194,986],"genre":[],"class_list":{"0":"post-5788","1":"product","2":"type-product","3":"status-publish","4":"has-post-thumbnail","6":"product_cat-salud","7":"product_tag-alergenos","8":"product_tag-ansiedad","9":"product_tag-ansiolitico","10":"product_tag-anti","11":"product_tag-antidepresivo","12":"product_tag-asiatica","13":"product_tag-biloba","14":"product_tag-castano","15":"product_tag-celulitis","16":"product_tag-centella","17":"product_tag-cicatriz","18":"product_tag-cicatrizacion","19":"product_tag-circulacion","20":"product_tag-cognitivas","21":"product_tag-colon","22":"product_tag-depresion","23":"product_tag-essential","24":"product_tag-funciones","25":"product_tag-gastricas","26":"product_tag-gastrico","27":"product_tag-gastrointestinales","28":"product_tag-ginkgo","29":"product_tag-gluten","30":"product_tag-gotu","31":"product_tag-india","32":"product_tag-indias","33":"product_tag-intestino","34":"product_tag-irritable","35":"product_tag-kola","36":"product_tag-lactosa","37":"product_tag-libre","38":"product_tag-linfatico","39":"product_tag-medicina","40":"product_tag-memoria","41":"product_tag-natural","42":"product_tag-nature","43":"product_tag-obire","44":"product_tag-planta","45":"product_tag-plantas","46":"product_tag-reduccion","47":"product_tag-reduce","48":"product_tag-roja","49":"product_tag-sangre","50":"product_tag-sanguinea","51":"product_tag-sin","52":"product_tag-tradicional","53":"product_tag-ulcera","54":"product_tag-ulceras","55":"product_tag-vid","57":"first","58":"instock","59":"taxable","60":"shipping-taxable","61":"purchasable","62":"product-type-simple","63":"add-to-wishlist-after_add_to_cart"},"acf":[],"_links":{"self":[{"href":"https:\/\/compraencieza.es\/en\/wp-json\/wp\/v2\/product\/5788","targetHints":{"allow":["GET"]}}],"collection":[{"href":"https:\/\/compraencieza.es\/en\/wp-json\/wp\/v2\/product"}],"about":[{"href":"https:\/\/compraencieza.es\/en\/wp-json\/wp\/v2\/types\/product"}],"replies":[{"embeddable":true,"href":"https:\/\/compraencieza.es\/en\/wp-json\/wp\/v2\/comments?post=5788"}],"wp:featuredmedia":[{"embeddable":true,"href":"https:\/\/compraencieza.es\/en\/wp-json\/wp\/v2\/media\/4903"}],"wp:attachment":[{"href":"https:\/\/compraencieza.es\/en\/wp-json\/wp\/v2\/media?parent=5788"}],"wp:term":[{"taxonomy":"product_cat","embeddable":true,"href":"https:\/\/compraencieza.es\/en\/wp-json\/wp\/v2\/product_cat?post=5788"},{"taxonomy":"product_tag","embeddable":true,"href":"https:\/\/compraencieza.es\/en\/wp-json\/wp\/v2\/product_tag?post=5788"},{"taxonomy":"product_brand","embeddable":true,"href":"https:\/\/compraencieza.es\/en\/wp-json\/wp\/v2\/genre?post=5788"}],"curies":[{"name":"wp","href":"https:\/\/api.w.org\/{rel}","templated":true}]}}