{"id":5790,"date":"2025-01-09T17:10:02","date_gmt":"2025-01-09T16:10:02","guid":{"rendered":"https:\/\/compraencieza.es\/?post_type=product&#038;p=5790"},"modified":"2025-01-09T17:23:02","modified_gmt":"2025-01-09T16:23:02","slug":"boldo-hojas-triturado-75g-plameca","status":"publish","type":"product","link":"https:\/\/compraencieza.es\/en\/product\/boldo-hojas-triturado-75g-plameca\/","title":{"rendered":"Boldo hojas triturado 75g &#8211; Plameca"},"content":{"rendered":"<p>INGREDIENTS:<br \/>\nBoldo hoja<\/p>\n<p>INDICATIONS:<br \/>\nTodas las plantas Plameca son seleccionadas entre los mejores or\u00edgenes, seguido de u estricto control de calidad interno previo a su comercializaci\u00f3n. Para conservar sus propiedades naturales, utilizamos un proceso de envasado en salas de ambiente y condiciones contraladas, respetuoso con el medio ambiente.<br \/>\nEnvasadas en atm\u00f3sfera protectora.<\/p>\n<p>La infusi\u00f3n de boldo tiene beneficios coler\u00e9ticos, colagogos y diur\u00e9ticos, adem\u00e1s de propiedades antioxidantes, antiinflamatorias y fungicidas. Por otro lado, la infusi\u00f3n de boldo es un excelente aperitivo. Esto lo hace apropiado para tratar dolores de est\u00f3mago y otras afecciones del sistema digestivo y hep\u00e1tico.<\/p>\n<p>DIRECTIONS FOR USE:<br \/>\nRecommended for infusions: Pour the contents of a tablespoon into boiling water and remove from heat. Cover the container and let it sit for 8 to 10 minutes. If the ingredients are roots, bark or seeds, simmer for 2 to 4 minutes. Strain and sweeten to taste.<\/p>\n<p>PRESENTATION:<br \/>\nBolsa de 75 gr<\/p>","protected":false},"excerpt":{"rendered":"<p>La infusi\u00f3n de boldo tiene beneficios coler\u00e9ticos, colagogos y diur\u00e9ticos, adem\u00e1s de propiedades antioxidantes, antiinflamatorias y fungicidas. Por otro lado, la infusi\u00f3n de boldo es un excelente aperitivo. Esto lo hace apropiado para tratar dolores de est\u00f3mago y otras afecciones del sistema digestivo y hep\u00e1tico.<\/p>","protected":false},"featured_media":4906,"comment_status":"open","ping_status":"closed","template":"","meta":{"_acf_changed":false,"inline_featured_image":false},"product_cat":[105],"product_tag":[725,726,1209,1339,1859,133,2195,1797,2196,2197,1860,1861,2198,287,1888,1890,346,1891,428,1863,1240,538,767,864,216,1864,1329,740,568,741,1866,1867,1202,1868,642,1336,236,1869,2199,1825,1893,1894],"genre":[],"class_list":{"0":"post-5790","1":"product","2":"type-product","3":"status-publish","4":"has-post-thumbnail","6":"product_cat-salud","7":"product_tag-adelgazante","8":"product_tag-adelgazar","9":"product_tag-agua","10":"product_tag-azucar","11":"product_tag-bajar","12":"product_tag-bio","13":"product_tag-boldo","14":"product_tag-celiacos","15":"product_tag-colagogos","16":"product_tag-colereticos","17":"product_tag-cortezas","18":"product_tag-diabeticos","19":"product_tag-diureticos","20":"product_tag-filtro","21":"product_tag-fria","22":"product_tag-fuego","23":"product_tag-gluten","24":"product_tag-hervir","25":"product_tag-hojas","26":"product_tag-huevo","27":"product_tag-infusion","28":"product_tag-lactosa","29":"product_tag-liquidos","30":"product_tag-magnesio","31":"product_tag-natural","32":"product_tag-naturatal","33":"product_tag-naturcid","34":"product_tag-perder","35":"product_tag-perdida","36":"product_tag-peso","37":"product_tag-plameca","38":"product_tag-raices","39":"product_tag-retencion","40":"product_tag-semillas","41":"product_tag-sport","42":"product_tag-taza","43":"product_tag-te","44":"product_tag-teina","45":"product_tag-trituraras","46":"product_tag-vegano","47":"product_tag-veganos","48":"product_tag-vegetariano","50":"first","51":"instock","52":"taxable","53":"shipping-taxable","54":"purchasable","55":"product-type-simple","56":"add-to-wishlist-after_add_to_cart"},"acf":[],"_links":{"self":[{"href":"https:\/\/compraencieza.es\/en\/wp-json\/wp\/v2\/product\/5790","targetHints":{"allow":["GET"]}}],"collection":[{"href":"https:\/\/compraencieza.es\/en\/wp-json\/wp\/v2\/product"}],"about":[{"href":"https:\/\/compraencieza.es\/en\/wp-json\/wp\/v2\/types\/product"}],"replies":[{"embeddable":true,"href":"https:\/\/compraencieza.es\/en\/wp-json\/wp\/v2\/comments?post=5790"}],"wp:featuredmedia":[{"embeddable":true,"href":"https:\/\/compraencieza.es\/en\/wp-json\/wp\/v2\/media\/4906"}],"wp:attachment":[{"href":"https:\/\/compraencieza.es\/en\/wp-json\/wp\/v2\/media?parent=5790"}],"wp:term":[{"taxonomy":"product_cat","embeddable":true,"href":"https:\/\/compraencieza.es\/en\/wp-json\/wp\/v2\/product_cat?post=5790"},{"taxonomy":"product_tag","embeddable":true,"href":"https:\/\/compraencieza.es\/en\/wp-json\/wp\/v2\/product_tag?post=5790"},{"taxonomy":"product_brand","embeddable":true,"href":"https:\/\/compraencieza.es\/en\/wp-json\/wp\/v2\/genre?post=5790"}],"curies":[{"name":"wp","href":"https:\/\/api.w.org\/{rel}","templated":true}]}}