{"id":5800,"date":"2025-01-09T17:10:02","date_gmt":"2025-01-09T16:10:02","guid":{"rendered":"https:\/\/compraencieza.es\/?post_type=product&#038;p=5800"},"modified":"2025-01-09T17:23:04","modified_gmt":"2025-01-09T16:23:04","slug":"evacuaplus-400-mg-30-capsulas-vegetales","status":"publish","type":"product","link":"https:\/\/compraencieza.es\/en\/product\/evacuaplus-400-mg-30-capsulas-vegetales\/","title":{"rendered":"Evacuaplus 400 mg. 30 vegetable capsules"},"content":{"rendered":"<p><strong>Active nutrients:<\/strong>\u00a0Sen extracto seco de hojas (<em>Cassia angustifolia<\/em>), Fr\u00e1ngula extracto seco de corteza (<em>Rhamnus frangula<\/em>), KWD\u00ae extracto de fruto de kiwi (<em>Actinidia deliciosa<\/em>), Boldo extracto seco de hojas (<em>Peumus boldus<\/em>) y Aloe vera extracto seco de hoja (<em>Aloe vera<\/em>).<\/p>\n<table border=\"1\" cellspacing=\"0\">\n<tbody>\n<tr>\n<td><strong>NUTRIENTS<\/strong><\/td>\n<td><strong>POR C\u00c1PSULA<\/strong><\/td>\n<td><strong>CONTRIBUTE<\/strong><\/td>\n<\/tr>\n<tr>\n<td>Sen extracto seco 6% Sen\u00f3sidos<\/td>\n<td>300 mg<\/td>\n<td>18 mg Sen\u00f3sidos<\/td>\n<\/tr>\n<tr>\n<td>Fr\u00e1ngula extracto seco 7% Glucofrangulina<\/td>\n<td>40 mg<\/td>\n<td>2,8 mg Glucofrangulina<\/td>\n<\/tr>\n<tr>\n<td>KWD\u00ae extracto de kiwi 0,15% Actinidina<\/td>\n<td>40 mg<\/td>\n<td>60 \u00b5g Actinidina<\/td>\n<\/tr>\n<tr>\n<td>Boldo extracto seco 0,05% Boldina<\/td>\n<td>10 mg<\/td>\n<td>50 \u00b5g Boldina<\/td>\n<\/tr>\n<tr>\n<td>Aloe vera extracto seco<\/td>\n<td>10 mg<\/td>\n<td>Equivalente a 2.000 mg de planta polvo<\/td>\n<\/tr>\n<\/tbody>\n<\/table>\n<p><strong>Instructions for Use:<\/strong>\u00a0Como complemento en la dieta tomar una (1) c\u00e1psula vegetal al d\u00eda. En periodos prolongados de tratamiento se recomienda hacer descansos de consumo, para garantizar el efecto deseado.<\/p>\n<p>Caracter\u00edsticas principales de Evacuaplus\u00ae 400 mg c\u00e1psulas vegetales:<\/p>\n<p>&nbsp;<\/p>\n<div class=\"et-custom-list etlist-check\">\n<ul>\n<li>Allergen-free product in accordance with Regulation (EU) No. 1169\/2011.<\/li>\n<li>It does not contain gluten or lactose.<\/li>\n<li>Extractos secos valorados en principio activo.<\/li>\n<li>Complemento alimenticios a base de plantas naturales.<\/li>\n<li>Envase para 30 d\u00edas de uso.<\/li>\n<li>C\u00e1psulas vegetales<\/li>\n<\/ul>\n<\/div>\n<p>&nbsp;<\/p>\n<p>Advertencias:\u00a0Los complementos alimenticios no deben utilizarse como sustitutos de una dieta variada y equilibrada. Se recomienda un\u00a0estilo de vida saludable. No sobrepasar la cantidad diaria recomendada. Conservar en lugar seco, fresco y protegido de la luz\u00a0solar. Mantener fuera del alcance de los ni\u00f1os m\u00e1s peque\u00f1os. No administrar a menores de 12 a\u00f1os. Consultar a su m\u00e9dico en caso de embarazo o lactancia. No utilizar en periodos prolongados sin consultar a su m\u00e9dico.<\/p>","protected":false},"excerpt":{"rendered":"<ul class=\"listado_caracteristicas-producto\">\n<li class=\"caracteristica-producto\">Evacuaplus contiene Sen que junto al aloe vera y el resto de ingredientes apoyan el tr\u00e1nsito intestinal.<\/li>\n<\/ul>\n<p>Soluci\u00f3n muy eficaz contra el estre\u00f1imiento.<\/p>","protected":false},"featured_media":4947,"comment_status":"open","ping_status":"closed","template":"","meta":{"_acf_changed":false,"inline_featured_image":false},"product_cat":[105],"product_tag":[1169,547,989,2234,2195,2235,887,2236,2237,734,2027,2238,2239,2240,1184,2241,2242,346,538,1193,216,737,739,1200,352,2243,405,2244,2245,355,777,1650,574],"genre":[],"class_list":{"0":"post-5800","1":"product","2":"type-product","3":"status-publish","4":"has-post-thumbnail","6":"product_cat-salud","7":"product_tag-alergenos","8":"product_tag-aloe","9":"product_tag-biodis","10":"product_tag-boldina","11":"product_tag-boldo","12":"product_tag-cagar","13":"product_tag-capsulas","14":"product_tag-corteza","15":"product_tag-diarrea","16":"product_tag-essential","17":"product_tag-estrenimiento","18":"product_tag-evacua","19":"product_tag-evacuaplus","20":"product_tag-evacuar","21":"product_tag-extracto","22":"product_tag-frangula","23":"product_tag-glucofrangulina","24":"product_tag-gluten","25":"product_tag-lactosa","26":"product_tag-libre","27":"product_tag-natural","28":"product_tag-nature","29":"product_tag-obire","30":"product_tag-planta","31":"product_tag-plantas","32":"product_tag-plus","33":"product_tag-seco","34":"product_tag-sen","35":"product_tag-senosidos","36":"product_tag-sin","37":"product_tag-vegetal","38":"product_tag-vegetales","39":"product_tag-vera","41":"first","42":"instock","43":"taxable","44":"shipping-taxable","45":"purchasable","46":"product-type-simple","47":"add-to-wishlist-after_add_to_cart"},"acf":[],"_links":{"self":[{"href":"https:\/\/compraencieza.es\/en\/wp-json\/wp\/v2\/product\/5800","targetHints":{"allow":["GET"]}}],"collection":[{"href":"https:\/\/compraencieza.es\/en\/wp-json\/wp\/v2\/product"}],"about":[{"href":"https:\/\/compraencieza.es\/en\/wp-json\/wp\/v2\/types\/product"}],"replies":[{"embeddable":true,"href":"https:\/\/compraencieza.es\/en\/wp-json\/wp\/v2\/comments?post=5800"}],"wp:featuredmedia":[{"embeddable":true,"href":"https:\/\/compraencieza.es\/en\/wp-json\/wp\/v2\/media\/4947"}],"wp:attachment":[{"href":"https:\/\/compraencieza.es\/en\/wp-json\/wp\/v2\/media?parent=5800"}],"wp:term":[{"taxonomy":"product_cat","embeddable":true,"href":"https:\/\/compraencieza.es\/en\/wp-json\/wp\/v2\/product_cat?post=5800"},{"taxonomy":"product_tag","embeddable":true,"href":"https:\/\/compraencieza.es\/en\/wp-json\/wp\/v2\/product_tag?post=5800"},{"taxonomy":"product_brand","embeddable":true,"href":"https:\/\/compraencieza.es\/en\/wp-json\/wp\/v2\/genre?post=5800"}],"curies":[{"name":"wp","href":"https:\/\/api.w.org\/{rel}","templated":true}]}}