{"id":5801,"date":"2025-01-09T17:10:02","date_gmt":"2025-01-09T16:10:02","guid":{"rendered":"https:\/\/compraencieza.es\/?post_type=product&#038;p=5801"},"modified":"2025-01-09T17:23:03","modified_gmt":"2025-01-09T16:23:03","slug":"aceite-de-ajo-1000-mg-60-perlas","status":"publish","type":"product","link":"https:\/\/compraencieza.es\/en\/product\/aceite-de-ajo-1000-mg-60-perlas\/","title":{"rendered":"Garlic oil 1000 mg. 60 pearls"},"content":{"rendered":"<p><strong>Active nutrients:<\/strong> Aceite de Ajo.<\/p>\n<table border=\"1\" cellspacing=\"0\">\n<tbody>\n<tr>\n<td><strong>NUTRIENTS<\/strong><\/td>\n<td><strong>AMOUNT<\/strong><\/td>\n<td><strong>WEALTH<\/strong><\/td>\n<td><strong>CONTRIBUTE<\/strong><\/td>\n<\/tr>\n<tr>\n<td>Aceite de Ajo Macerado<\/td>\n<td>1.000 mg<\/td>\n<td>0,12%<\/td>\n<td>1,2 mg Alicina<\/td>\n<\/tr>\n<\/tbody>\n<\/table>\n<p><strong>Instructions for Use:<\/strong>\u00a0Como complemento en la dieta tomar una (1) perla al d\u00eda. En periodos prolongados de tratamiento se recomienda hacer descansos de consumo, para garantizar el efecto deseado.<\/p>\n<p>Caracter\u00edsticas principales de Aceite de Ajo 1.000 mg perlas:<\/p>\n<p>&nbsp;<\/p>\n<div class=\"et-custom-list etlist-check\">\n<ul>\n<li>Allergen-free product in accordance with Regulation (EU) No. 1169\/2011.<\/li>\n<li>It does not contain gluten or lactose.<\/li>\n<li>Aceite de planta valorado en principio activo.<\/li>\n<li>Complemento alimenticio a base de aceite natural.<\/li>\n<li>Envase para 60 d\u00edas de uso.<\/li>\n<li>Formato perla, que protege al aceite de la oxidaci\u00f3n.<\/li>\n<\/ul>\n<\/div>","protected":false},"excerpt":{"rendered":"<p>Entre otras estas son sus principales funciones:<\/p>\n<p>-Apoyo al sistema cardiovascular (reduce los niveles de colesterol y triglic\u00e9ridos a la vez que mejora la circulaci\u00f3n y presi\u00f3n arterial).<\/p>\n<p>-Propiedades antioxidantes y antiinflamatorias.<\/p>\n<p>-Fortalece el sistema inmune\u00a0 (combate resfriados e infecciones).<\/p>\n<p>-Efectos antibacterianos y antif\u00fangicos.<\/p>","protected":false},"featured_media":4948,"comment_status":"open","ping_status":"closed","template":"","meta":{"_acf_changed":false,"inline_featured_image":false},"product_cat":[105],"product_tag":[131,2246,132,578,2169,1599,1672,2247,934,958,1341,734,2201,2248,1349,584,585,1830,1831,216,737,544,1048,2056,700,658,973],"genre":[],"class_list":{"0":"post-5801","1":"product","2":"type-product","3":"status-publish","4":"has-post-thumbnail","6":"product_cat-salud","7":"product_tag-aceite","8":"product_tag-ajo","9":"product_tag-anti","10":"product_tag-antiinflamatorio","11":"product_tag-antinflamatorio","12":"product_tag-antioxidante","13":"product_tag-bacterias","14":"product_tag-blancos","15":"product_tag-circulacion","16":"product_tag-colesterol","17":"product_tag-diabetes","18":"product_tag-essential","19":"product_tag-fiebre","20":"product_tag-globulos","21":"product_tag-glucosa","22":"product_tag-hongos","23":"product_tag-inflamatorio","24":"product_tag-inmune","25":"product_tag-inmunitario","26":"product_tag-natural","27":"product_tag-nature","28":"product_tag-presion","29":"product_tag-resfriado","30":"product_tag-resfriados","31":"product_tag-sangre","32":"product_tag-tension","33":"product_tag-trigliceridos","35":"first","36":"instock","37":"taxable","38":"shipping-taxable","39":"purchasable","40":"product-type-variable","41":"add-to-wishlist-after_add_to_cart"},"acf":[],"_links":{"self":[{"href":"https:\/\/compraencieza.es\/en\/wp-json\/wp\/v2\/product\/5801","targetHints":{"allow":["GET"]}}],"collection":[{"href":"https:\/\/compraencieza.es\/en\/wp-json\/wp\/v2\/product"}],"about":[{"href":"https:\/\/compraencieza.es\/en\/wp-json\/wp\/v2\/types\/product"}],"replies":[{"embeddable":true,"href":"https:\/\/compraencieza.es\/en\/wp-json\/wp\/v2\/comments?post=5801"}],"wp:featuredmedia":[{"embeddable":true,"href":"https:\/\/compraencieza.es\/en\/wp-json\/wp\/v2\/media\/4948"}],"wp:attachment":[{"href":"https:\/\/compraencieza.es\/en\/wp-json\/wp\/v2\/media?parent=5801"}],"wp:term":[{"taxonomy":"product_cat","embeddable":true,"href":"https:\/\/compraencieza.es\/en\/wp-json\/wp\/v2\/product_cat?post=5801"},{"taxonomy":"product_tag","embeddable":true,"href":"https:\/\/compraencieza.es\/en\/wp-json\/wp\/v2\/product_tag?post=5801"},{"taxonomy":"product_brand","embeddable":true,"href":"https:\/\/compraencieza.es\/en\/wp-json\/wp\/v2\/genre?post=5801"}],"curies":[{"name":"wp","href":"https:\/\/api.w.org\/{rel}","templated":true}]}}