{"id":5804,"date":"2025-01-09T17:10:02","date_gmt":"2025-01-09T16:10:02","guid":{"rendered":"https:\/\/compraencieza.es\/?post_type=product&#038;p=5804"},"modified":"2025-01-09T17:23:03","modified_gmt":"2025-01-09T16:23:03","slug":"pastillero-mediflower-7-dias-de-la-semana","status":"publish","type":"product","link":"https:\/\/compraencieza.es\/en\/product\/pastillero-mediflower-7-dias-de-la-semana\/","title":{"rendered":"Pastillero Mediflower &#8211; 7 D\u00edas de la semana"},"content":{"rendered":"<p>El Pastillero Mediflower incluye 7 peque\u00f1os estuches con los 7 d\u00edas de la semana. Dentro de cada uno de ellos se diferencian 4 compartimentos para la toma de ma\u00f1ana, mediod\u00eda, tarde y noche. Facilita la toma de la medicaci\u00f3n en pacientes.<\/p>\n<p>&nbsp;<\/p>\n<p>F\u00e1cil, c\u00f3modo, seguro y pr\u00e1ctico.<\/p>","protected":false},"excerpt":{"rendered":"<p>Pastillero semanal ideal para planificar las horas y d\u00edas de la semana para tomar la medicaci\u00f3n.<\/p>","protected":false},"featured_media":4953,"comment_status":"open","ping_status":"closed","template":"","meta":{"_acf_changed":false,"inline_featured_image":false},"product_cat":[49],"product_tag":[153,2249,176,887,1474,843,2024,2250,680,2251,2252,2253,2254,2255,2256,2257,2258,2259,2260,2261,216,2262,2263,2264,2265,2266,1560,2267,2268,571,2269],"genre":[],"class_list":{"0":"post-5804","1":"product","2":"type-product","3":"status-publish","4":"has-post-thumbnail","6":"product_cat-accesorios","7":"product_tag-153","8":"product_tag-ano","9":"product_tag-beter","10":"product_tag-capsulas","11":"product_tag-comodo","12":"product_tag-comprimidos","13":"product_tag-dias","14":"product_tag-domingo","15":"product_tag-facil","16":"product_tag-flower","17":"product_tag-guardar","18":"product_tag-jueves","19":"product_tag-lunes","20":"product_tag-martes","21":"product_tag-medi","22":"product_tag-medicacion","23":"product_tag-medicamento","24":"product_tag-medifflower","25":"product_tag-mes","26":"product_tag-miercoles","27":"product_tag-natural","28":"product_tag-olvido","29":"product_tag-pastillas","30":"product_tag-pastillero","31":"product_tag-practico","32":"product_tag-sabado","33":"product_tag-seguro","34":"product_tag-semana","35":"product_tag-semanal","36":"product_tag-sufasa","37":"product_tag-viernes","39":"first","40":"instock","41":"taxable","42":"shipping-taxable","43":"purchasable","44":"product-type-simple","45":"add-to-wishlist-after_add_to_cart"},"acf":[],"_links":{"self":[{"href":"https:\/\/compraencieza.es\/en\/wp-json\/wp\/v2\/product\/5804","targetHints":{"allow":["GET"]}}],"collection":[{"href":"https:\/\/compraencieza.es\/en\/wp-json\/wp\/v2\/product"}],"about":[{"href":"https:\/\/compraencieza.es\/en\/wp-json\/wp\/v2\/types\/product"}],"replies":[{"embeddable":true,"href":"https:\/\/compraencieza.es\/en\/wp-json\/wp\/v2\/comments?post=5804"}],"wp:featuredmedia":[{"embeddable":true,"href":"https:\/\/compraencieza.es\/en\/wp-json\/wp\/v2\/media\/4953"}],"wp:attachment":[{"href":"https:\/\/compraencieza.es\/en\/wp-json\/wp\/v2\/media?parent=5804"}],"wp:term":[{"taxonomy":"product_cat","embeddable":true,"href":"https:\/\/compraencieza.es\/en\/wp-json\/wp\/v2\/product_cat?post=5804"},{"taxonomy":"product_tag","embeddable":true,"href":"https:\/\/compraencieza.es\/en\/wp-json\/wp\/v2\/product_tag?post=5804"},{"taxonomy":"product_brand","embeddable":true,"href":"https:\/\/compraencieza.es\/en\/wp-json\/wp\/v2\/genre?post=5804"}],"curies":[{"name":"wp","href":"https:\/\/api.w.org\/{rel}","templated":true}]}}