{"id":5808,"date":"2025-01-09T17:10:08","date_gmt":"2025-01-09T16:10:08","guid":{"rendered":"https:\/\/compraencieza.es\/?post_type=product&#038;p=5808"},"modified":"2025-01-09T17:23:00","modified_gmt":"2025-01-09T16:23:00","slug":"ortiga-blanca-lamium-albun-50g-naturatal","status":"publish","type":"product","link":"https:\/\/compraencieza.es\/en\/product\/ortiga-blanca-lamium-albun-50g-naturatal\/","title":{"rendered":"Ortiga blanca (lamium albun) 50g &#8211; Naturatal"},"content":{"rendered":"<p>Sumidad florida cortada.<br \/>\nT\u00f3nica, astringente y demulcente. Hemost\u00e1tica. V\u00eda t\u00f3pica, vulneraria (antis\u00e9ptica y cicatrizante).<\/p>\n<p>Modo de empleo recomendado para infusiones:<\/p>\n<p>Verter el contenido de una cucharada sopera en agua hirviendo y apartar del fuego. Tapar el recipiente y dejar reposar de 8 a 10 minutos. Si son raices, cortezas o semillas, hervir a fuego lento de 2 a 4 minutos. Colar y endulzar al gusto.<\/p>\n<section class=\"product-features\">\n<p class=\"h6\">Ficha t\u00e9cnica<\/p>\n<dl class=\"data-sheet\">\n<dt class=\"name\">Apto diabeticos<\/dt>\n<dd class=\"value\">Si<\/dd>\n<dt class=\"name\">Apto veganos<\/dt>\n<dd class=\"value\">Si<\/dd>\n<dt class=\"name\">Bio<\/dt>\n<dd class=\"value\">No<\/dd>\n<dt class=\"name\">Cantidad medida<\/dt>\n<dd class=\"value\">0,050<\/dd>\n<dt class=\"name\">Congelado<\/dt>\n<dd class=\"value\">No<\/dd>\n<dt class=\"name\">Frio<\/dt>\n<dd class=\"value\">No<\/dd>\n<dt class=\"name\">Gluten<\/dt>\n<dd class=\"value\">No<\/dd>\n<dt class=\"name\">Huevo<\/dt>\n<dd class=\"value\">No<\/dd>\n<dt class=\"name\">Lactosa<\/dt>\n<dd class=\"value\">No<\/dd>\n<dt class=\"name\">Unidad medida<\/dt>\n<dd class=\"value\">kilo<\/dd>\n<\/dl>\n<\/section>\n<div class=\"product-condition\"><label class=\"label\">Estado<\/label>\u00a0Nuevo<\/div>","protected":false},"excerpt":{"rendered":"<p>Funciones: T\u00f3nica, astringente y demulcente. Hemost\u00e1tica. V\u00eda t\u00f3pica, vulneraria (antis\u00e9ptica y cicatrizante).<\/p>","protected":false},"featured_media":4960,"comment_status":"open","ping_status":"closed","template":"","meta":{"_acf_changed":false,"inline_featured_image":false},"product_cat":[105],"product_tag":[725,726,1209,2308,2219,2210,1339,1859,133,2309,1797,2221,1860,2310,1861,287,1888,1890,346,2311,1891,428,1863,1240,538,2312,767,864,216,1864,1329,2313,740,568,741,1866,1867,2204,1202,1868,642,1336,236,1869,2314,2315,2316,2205,1825,1893,1894],"genre":[],"class_list":{"0":"post-5808","1":"product","2":"type-product","3":"status-publish","4":"has-post-thumbnail","6":"product_cat-salud","7":"product_tag-adelgazante","8":"product_tag-adelgazar","9":"product_tag-agua","10":"product_tag-albun","11":"product_tag-antiseptica","12":"product_tag-astringente","13":"product_tag-azucar","14":"product_tag-bajar","15":"product_tag-bio","16":"product_tag-blanca","17":"product_tag-celiacos","18":"product_tag-cicatrizante","19":"product_tag-cortezas","20":"product_tag-demulcente","21":"product_tag-diabeticos","22":"product_tag-filtro","23":"product_tag-fria","24":"product_tag-fuego","25":"product_tag-gluten","26":"product_tag-hemostatica","27":"product_tag-hervir","28":"product_tag-hojas","29":"product_tag-huevo","30":"product_tag-infusion","31":"product_tag-lactosa","32":"product_tag-lamium","33":"product_tag-liquidos","34":"product_tag-magnesio","35":"product_tag-natural","36":"product_tag-naturatal","37":"product_tag-naturcid","38":"product_tag-ortiga","39":"product_tag-perder","40":"product_tag-perdida","41":"product_tag-peso","42":"product_tag-plameca","43":"product_tag-raices","44":"product_tag-raiz","45":"product_tag-retencion","46":"product_tag-semillas","47":"product_tag-sport","48":"product_tag-taza","49":"product_tag-te","50":"product_tag-teina","51":"product_tag-tonica","52":"product_tag-tonico","53":"product_tag-topica","54":"product_tag-trituradas","55":"product_tag-vegano","56":"product_tag-veganos","57":"product_tag-vegetariano","59":"first","60":"instock","61":"taxable","62":"shipping-taxable","63":"purchasable","64":"product-type-simple","65":"add-to-wishlist-after_add_to_cart"},"acf":[],"_links":{"self":[{"href":"https:\/\/compraencieza.es\/en\/wp-json\/wp\/v2\/product\/5808","targetHints":{"allow":["GET"]}}],"collection":[{"href":"https:\/\/compraencieza.es\/en\/wp-json\/wp\/v2\/product"}],"about":[{"href":"https:\/\/compraencieza.es\/en\/wp-json\/wp\/v2\/types\/product"}],"replies":[{"embeddable":true,"href":"https:\/\/compraencieza.es\/en\/wp-json\/wp\/v2\/comments?post=5808"}],"wp:featuredmedia":[{"embeddable":true,"href":"https:\/\/compraencieza.es\/en\/wp-json\/wp\/v2\/media\/4960"}],"wp:attachment":[{"href":"https:\/\/compraencieza.es\/en\/wp-json\/wp\/v2\/media?parent=5808"}],"wp:term":[{"taxonomy":"product_cat","embeddable":true,"href":"https:\/\/compraencieza.es\/en\/wp-json\/wp\/v2\/product_cat?post=5808"},{"taxonomy":"product_tag","embeddable":true,"href":"https:\/\/compraencieza.es\/en\/wp-json\/wp\/v2\/product_tag?post=5808"},{"taxonomy":"product_brand","embeddable":true,"href":"https:\/\/compraencieza.es\/en\/wp-json\/wp\/v2\/genre?post=5808"}],"curies":[{"name":"wp","href":"https:\/\/api.w.org\/{rel}","templated":true}]}}