{"id":5815,"date":"2025-01-09T17:10:09","date_gmt":"2025-01-09T16:10:09","guid":{"rendered":"https:\/\/compraencieza.es\/?post_type=product&#038;p=5815"},"modified":"2025-01-09T17:22:57","modified_gmt":"2025-01-09T16:22:57","slug":"griffonia-500-mg-5-htp-magnesio-b-6-60-capsulas","status":"publish","type":"product","link":"https:\/\/compraencieza.es\/en\/product\/griffonia-500-mg-5-htp-magnesio-b-6-60-capsulas\/","title":{"rendered":"Griffonia 500 mg (5-HTP) + magnesio + B-6. 60 capsulas"},"content":{"rendered":"<h2>Descripci\u00f3n Nature Essential:<\/h2>\n<p><strong>Tript\u00f3fano (5-HTP 100 mg) + magnesio + B-6 c\u00e1psulas<\/strong>\u00a0de Nature Essential est\u00e1 formulada con Tript\u00f3fano, Magnesio y vitaminas B-6 que tienen propiedades que ayudan a mejorar nuestro estado de \u00e1nimo, contribuyen al buen funcionamiento del sistema nervioso y psicol\u00f3gico.<\/p>\n<p><strong>Active nutrients:<\/strong>\u00a0Extracto seco de semillas de Griffonia simplicifolia (20% 5-HTP), Hidr\u00f3xido de Magnesio y Vitamina B-6 (Piridoxina).\u00a0<strong>(Ver ficha t\u00e9cnica)<\/strong><\/p>\n<table border=\"1\" cellspacing=\"0\">\n<tbody>\n<tr>\n<td><strong>NUTRIENTS<\/strong><\/td>\n<td><strong>AMOUNT<\/strong><\/td>\n<td><strong>*%VRN<\/strong><\/td>\n<\/tr>\n<tr>\n<td>Griffonia Simplicifolia Extracto seco (Griffonia simplicifolia)<\/td>\n<td>500 mg<\/td>\n<td>\u2013<\/td>\n<\/tr>\n<tr>\n<td>VIitamina B-6 (Piridoxina)<\/td>\n<td>1,4 mg<\/td>\n<td>100%<\/td>\n<\/tr>\n<\/tbody>\n<\/table>\n<p>&nbsp;<\/p>\n<h2>Descripci\u00f3n Obire<\/h2>\n<p>La Griffonia simplicifola es rica en 5-HTP o Hidroxitript\u00f3fano, que es un derivado del amino\u00e1cido tript\u00f3fano. Precursor directo de la serotonina, a la cual se le conoce como hormona de la felicidad y cuyas funciones m\u00e1s importantes son la regulaci\u00f3n del estado de \u00e1nimo, sue\u00f1o y apetito. El Magnesio es muy importante para el correcto funcionamiento del coraz\u00f3n, arterias, esqueleto, sistema digestivo y contribuye al funcionamiento normal del sistema nervioso. La Vitaminas B-6 contribuye al funcionamiento normal del sistema nervioso y psicol\u00f3gico.<\/p>\n<p><strong>Active nutrients:<\/strong>\u00a0Extracto seco de semillas de Griffonia simplicifolia (20% 5-HTP), Hidr\u00f3xido de Magnesio y Vitamina B-6 (Piridoxina).\u00a0<strong>(Ver ficha t\u00e9cnica)<\/strong><\/p>\n<table border=\"1\" cellspacing=\"0\">\n<tbody>\n<tr>\n<td><strong>NUTRIENTS<\/strong><\/td>\n<td><strong>AMOUNT<\/strong><\/td>\n<td><strong>WEALTH<\/strong><\/td>\n<td><strong>CONTRIBUTE<\/strong><\/td>\n<td><strong>*%VRN<\/strong><\/td>\n<\/tr>\n<tr>\n<td>Griffonia Simplicifolia 6:1 Extracto seco (Griffonia simplicifolia)<\/td>\n<td>500 mg<\/td>\n<td>20%<\/td>\n<td>100 mg 5-HTP (5-Hidroxitriptofano)<\/td>\n<td>\u2013<\/td>\n<\/tr>\n<tr>\n<td>Hidr\u00f3xido de Magnesio<\/td>\n<td>20 mg<\/td>\n<td>41,6%<\/td>\n<td>8,32 mg Magnesio<\/td>\n<td>2,22%<\/td>\n<\/tr>\n<tr>\n<td>Vitamina B-6 (Piridoxina)<\/td>\n<td>1,4 mg<\/td>\n<td>\u2013<\/td>\n<td>\u2013<\/td>\n<td>100%<\/td>\n<\/tr>\n<\/tbody>\n<\/table>\n<p>&nbsp;<\/p>\n<p><strong>Modo de Empleo DE<em>\u00a0AMBOS PRODUCTOS<\/em>:<\/strong>\u00a0Como complemento en la dieta tomar una (1) c\u00e1psula vegetal al d\u00eda en la comida. En periodos prolongados de tratamiento se recomienda hacer descansos de consumo, para garantizar el efecto deseado.<\/p>\n<p>Caracter\u00edsticas principales de Tript\u00f3fano (5-HTP 100 mg) + magnesio + B-6 c\u00e1psulas:<\/p>\n<p>&nbsp;<\/p>\n<div class=\"et-custom-list etlist-check\">\n<ul>\n<li>Allergen-free product in accordance with Regulation (EU) No. 1169\/2011.<\/li>\n<li>It does not contain gluten or lactose.<\/li>\n<li>Complemento alimenticio a base de tript\u00f3fano, vitamina y mineral.<\/li>\n<li>Envase para 60 d\u00edas de uso.<\/li>\n<\/ul>\n<\/div>\n<p>&nbsp;<\/p>\n<p>Advertencias:\u00a0Los complementos alimenticios no deben utilizarse como sustitutos de una dieta variada y equilibrada. Se recomienda un\u00a0estilo de vida saludable. No sobrepasar la cantidad diaria recomendada. Conservar en lugar seco, fresco y protegido de la luz\u00a0solar. Mantener fuera del alcance de los ni\u00f1os m\u00e1s peque\u00f1os. No debe ser consumirlo por mujeres embarazadas, ni por aquellas personas que est\u00e9n siendo tratadas con antidepresivos o que padezcan insuficiencia renal.<\/p>","protected":false},"excerpt":{"rendered":"<p>Functions:<\/p>\n<p>-Mejora el estado de \u00e1nimo.<\/p>\n<p>-Regula el ciclo del sue\u00f1o (Aumenta los niveles de melatonina lo cual hace que puedas dormir bien por la noche).<\/p>\n<p>-Alivia migra\u00f1as .<\/p>\n<p>-Contribuye al buen funcionamiento del sistema nervioso y psicol\u00f3gico.<\/p>","protected":false},"featured_media":4967,"comment_status":"open","ping_status":"closed","template":"","meta":{"_acf_changed":false,"inline_featured_image":false},"product_cat":[105],"product_tag":[2343,2344,2345,1076,1278,2067,2161,1144,960,895,734,1089,2346,2347,2348,2349,2350,2351,2352,2353,864,122,216,737,1195,739,2354,1283,2355,876,1166,2356,422,358],"genre":[],"class_list":{"0":"post-5815","1":"product","2":"type-product","3":"status-publish","4":"has-post-thumbnail","6":"product_cat-salud","7":"product_tag-5-htp","8":"product_tag-alimentos","9":"product_tag-amonoacido","10":"product_tag-animico","11":"product_tag-animo","12":"product_tag-apetito","13":"product_tag-arterias","14":"product_tag-b6","15":"product_tag-corazon","16":"product_tag-digestivo","17":"product_tag-essential","18":"product_tag-estado","19":"product_tag-felicidad","20":"product_tag-griffo","21":"product_tag-griffonia","22":"product_tag-grifo","23":"product_tag-grifonia","24":"product_tag-hidroxido","25":"product_tag-hidroxitriptofano","26":"product_tag-htp","27":"product_tag-magnesio","28":"product_tag-melatonina","29":"product_tag-natural","30":"product_tag-nature","31":"product_tag-nervioso","32":"product_tag-obire","33":"product_tag-piridoxina","34":"product_tag-psicologico","35":"product_tag-serotonina","36":"product_tag-sistema","37":"product_tag-triptofano","38":"product_tag-tryptofano","39":"product_tag-vitamina","40":"product_tag-vitaminas","42":"first","43":"instock","44":"taxable","45":"shipping-taxable","46":"purchasable","47":"product-type-variable","48":"add-to-wishlist-after_add_to_cart"},"acf":[],"_links":{"self":[{"href":"https:\/\/compraencieza.es\/en\/wp-json\/wp\/v2\/product\/5815","targetHints":{"allow":["GET"]}}],"collection":[{"href":"https:\/\/compraencieza.es\/en\/wp-json\/wp\/v2\/product"}],"about":[{"href":"https:\/\/compraencieza.es\/en\/wp-json\/wp\/v2\/types\/product"}],"replies":[{"embeddable":true,"href":"https:\/\/compraencieza.es\/en\/wp-json\/wp\/v2\/comments?post=5815"}],"wp:featuredmedia":[{"embeddable":true,"href":"https:\/\/compraencieza.es\/en\/wp-json\/wp\/v2\/media\/4967"}],"wp:attachment":[{"href":"https:\/\/compraencieza.es\/en\/wp-json\/wp\/v2\/media?parent=5815"}],"wp:term":[{"taxonomy":"product_cat","embeddable":true,"href":"https:\/\/compraencieza.es\/en\/wp-json\/wp\/v2\/product_cat?post=5815"},{"taxonomy":"product_tag","embeddable":true,"href":"https:\/\/compraencieza.es\/en\/wp-json\/wp\/v2\/product_tag?post=5815"},{"taxonomy":"product_brand","embeddable":true,"href":"https:\/\/compraencieza.es\/en\/wp-json\/wp\/v2\/genre?post=5815"}],"curies":[{"name":"wp","href":"https:\/\/api.w.org\/{rel}","templated":true}]}}