{"id":5820,"date":"2025-01-09T17:10:09","date_gmt":"2025-01-09T16:10:09","guid":{"rendered":"https:\/\/compraencieza.es\/?post_type=product&#038;p=5820"},"modified":"2025-01-09T17:22:56","modified_gmt":"2025-01-09T16:22:56","slug":"aloe-vera-2000-mg-con-sen","status":"publish","type":"product","link":"https:\/\/compraencieza.es\/en\/product\/aloe-vera-2000-mg-con-sen\/","title":{"rendered":"Aloe vera 2000 mg With Senna"},"content":{"rendered":"<p><strong>Active nutrients:<\/strong>\u00a0Sen extracto seco de hojas (<em>Cassia angustifolia<\/em>) y Aloe vera extracto seco de hojas (<em>Aloe vera<\/em>).\u00a0<strong>(Ver ficha t\u00e9cnica)<\/strong><\/p>\n<table border=\"1\" cellspacing=\"0\">\n<tbody>\n<tr>\n<td><strong>NUTRIENTS<\/strong><\/td>\n<td><strong>POR 2 COMPRIMIDOS<\/strong><\/td>\n<\/tr>\n<tr>\n<td>Sen Extracto seco (<em>Cassia angustifolia<\/em>)<\/td>\n<td>300 mg<\/td>\n<\/tr>\n<tr>\n<td>Aloe Vera Extracto seco (<em>Aloe vera L.<\/em>)<\/td>\n<td>20 mg (equivalente a 4.000 mg de planta polvo)<\/td>\n<\/tr>\n<\/tbody>\n<\/table>\n<p>&nbsp;<\/p>\n<p><strong>Instructions for Use:<\/strong>\u00a0Como complemento en la dieta tomar de uno a dos (2) comprimidos al d\u00eda. En periodos prolongados de tratamiento se recomienda hacer descansos de consumo, para garantizar el efecto deseado.<\/p>\n<p>Caracter\u00edsticas principales de Aloe vera 2.000 mg comprimidos:<\/p>\n<p>&nbsp;<\/p>\n<div class=\"et-custom-list etlist-check\">\n<ul>\n<li>Allergen-free product in accordance with Regulation (EU) No. 1169\/2011.<\/li>\n<li>It does not contain gluten or lactose.<\/li>\n<li>Extractos secos concentrados.<\/li>\n<li>Complemento alimenticios a base de extractos de plantas.<\/li>\n<li>Envase para 30 o 60 d\u00edas de uso.<\/li>\n<\/ul>\n<\/div>\n<p>&nbsp;<\/p>\n<p>Advertencias:\u00a0Los complementos alimenticios no deben utilizarse como sustitutos de una dieta variada y equilibrada. Se recomienda un\u00a0estilo de vida saludable. No sobrepasar la cantidad diaria recomendada. Conservar en lugar seco, fresco y protegido de la luz\u00a0solar. Mantener fuera del alcance de los ni\u00f1os m\u00e1s peque\u00f1os. No administrar a menores de 12 a\u00f1os. Consultar a su m\u00e9dico en caso de embarazo o lactancia. No utilizar en periodos prolongados sin consultar a su m\u00e9dico.<\/p>","protected":false},"excerpt":{"rendered":"<p>Para un transito intestinal de manera natural.<\/p>","protected":false},"featured_media":4973,"comment_status":"open","ping_status":"closed","template":"","meta":{"_acf_changed":false,"inline_featured_image":false},"product_cat":[105],"product_tag":[1169,547,2364,1555,2235,2365,1320,1805,734,2366,2240,1184,346,912,913,538,216,737,739,1200,352,405,2244,355,2367,574],"genre":[],"class_list":{"0":"post-5820","1":"product","2":"type-product","3":"status-publish","4":"has-post-thumbnail","6":"product_cat-salud","7":"product_tag-alergenos","8":"product_tag-aloe","9":"product_tag-angustifolia","10":"product_tag-bano","11":"product_tag-cagar","12":"product_tag-cassia","13":"product_tag-digestion","14":"product_tag-eco","15":"product_tag-essential","16":"product_tag-evacuacion","17":"product_tag-evacuar","18":"product_tag-extracto","19":"product_tag-gluten","20":"product_tag-intestinal","21":"product_tag-intestino","22":"product_tag-lactosa","23":"product_tag-natural","24":"product_tag-nature","25":"product_tag-obire","26":"product_tag-planta","27":"product_tag-plantas","28":"product_tag-seco","29":"product_tag-sen","30":"product_tag-sin","31":"product_tag-transito","32":"product_tag-vera","34":"first","35":"instock","36":"taxable","37":"shipping-taxable","38":"purchasable","39":"product-type-variable","40":"add-to-wishlist-after_add_to_cart"},"acf":[],"_links":{"self":[{"href":"https:\/\/compraencieza.es\/en\/wp-json\/wp\/v2\/product\/5820","targetHints":{"allow":["GET"]}}],"collection":[{"href":"https:\/\/compraencieza.es\/en\/wp-json\/wp\/v2\/product"}],"about":[{"href":"https:\/\/compraencieza.es\/en\/wp-json\/wp\/v2\/types\/product"}],"replies":[{"embeddable":true,"href":"https:\/\/compraencieza.es\/en\/wp-json\/wp\/v2\/comments?post=5820"}],"wp:featuredmedia":[{"embeddable":true,"href":"https:\/\/compraencieza.es\/en\/wp-json\/wp\/v2\/media\/4973"}],"wp:attachment":[{"href":"https:\/\/compraencieza.es\/en\/wp-json\/wp\/v2\/media?parent=5820"}],"wp:term":[{"taxonomy":"product_cat","embeddable":true,"href":"https:\/\/compraencieza.es\/en\/wp-json\/wp\/v2\/product_cat?post=5820"},{"taxonomy":"product_tag","embeddable":true,"href":"https:\/\/compraencieza.es\/en\/wp-json\/wp\/v2\/product_tag?post=5820"},{"taxonomy":"product_brand","embeddable":true,"href":"https:\/\/compraencieza.es\/en\/wp-json\/wp\/v2\/genre?post=5820"}],"curies":[{"name":"wp","href":"https:\/\/api.w.org\/{rel}","templated":true}]}}