{"id":5823,"date":"2025-01-09T17:10:09","date_gmt":"2025-01-09T16:10:09","guid":{"rendered":"https:\/\/compraencieza.es\/?post_type=product&#038;p=5823"},"modified":"2025-01-09T17:22:56","modified_gmt":"2025-01-09T16:22:56","slug":"colageno-marino-hidrolizado-con-magnesio-y-vitaminas-c-b6-b9-60-cap","status":"publish","type":"product","link":"https:\/\/compraencieza.es\/en\/product\/colageno-marino-hidrolizado-con-magnesio-y-vitaminas-c-b6-b9-60-cap\/","title":{"rendered":"Colageno Marino Hidrolizado Con Magnesio y Vitaminas C, B6, B9  60 Cap"},"content":{"rendered":"<h2>Descripci\u00f3n<\/h2>\n<p><strong>Col\u00e1geno marino + magnesio<\/strong>\u00a0de Obire est\u00e1 formulado con Col\u00e1geno hidrolizado marino, magnesio, vitamina C, vitamina B6, vitamina B9 y vitamina B12 que tienen propiedades que ayudan a la regeneraci\u00f3n de los cart\u00edlagos, huesos, articulaciones y de la piel.<\/p>\n<p><strong>Active nutrients:<\/strong> Col\u00e1geno Marino Hidrolizado, Hidr\u00f3xido de Magnesio y \u00d3xido de M\u00e1gnesio, Vitamina C (\u00c1cido L-Asc\u00f3rbico), Vitamina B-6 (Piridoxina), Vitamina B-9 (\u00c1cido f\u00f3lico) y Vitamina B-12 (Cobalamina).<\/p>\n<table border=\"1\" cellspacing=\"0\">\n<tbody>\n<tr>\n<td><strong>NUTRIENTS<\/strong><\/td>\n<td><strong>AMOUNT<\/strong><\/td>\n<td><strong>WEALTH<\/strong><\/td>\n<td><strong>CONTRIBUTE<\/strong><\/td>\n<td><strong>*%VRN<\/strong><\/td>\n<\/tr>\n<tr>\n<td>Col\u00e1geno Marino Hidrolizado<\/td>\n<td>200 mg<\/td>\n<td>\u2013<\/td>\n<td>\u2013<\/td>\n<td>\u2013<\/td>\n<\/tr>\n<tr>\n<td>Hidr\u00f3xido de Magnesio<\/td>\n<td>9 mg<\/td>\n<td>41,6%<\/td>\n<td>37,44 mg Magnesio<\/td>\n<td>9,98%<\/td>\n<\/tr>\n<tr>\n<td>\u00d3xido de Magnesio<\/td>\n<td>33 mg<\/td>\n<td>60%<\/td>\n<td>19,8 mg Magnesio<\/td>\n<td>5,28%<\/td>\n<\/tr>\n<tr>\n<td>Vitamina C (\u00c1cido L-asc\u00f3rbico)<\/td>\n<td>20 mg<\/td>\n<td>\u2013<\/td>\n<td>\u2013<\/td>\n<td>25%<\/td>\n<\/tr>\n<tr>\n<td>Vitamina B-6 (Piroxina)<\/td>\n<td>1,4 mg<\/td>\n<td>\u2013<\/td>\n<td>\u2013<\/td>\n<td>100%<\/td>\n<\/tr>\n<tr>\n<td>\u00c1cido F\u00f3lico<\/td>\n<td>200 \u00b5g<\/td>\n<td>\u2013<\/td>\n<td>\u2013<\/td>\n<td>100%<\/td>\n<\/tr>\n<tr>\n<td>Vitamina B-12 (Cianocobalamina)<\/td>\n<td>3 \u00b5g<\/td>\n<td>\u2013<\/td>\n<td>\u2013<\/td>\n<td><\/td>\n<\/tr>\n<\/tbody>\n<\/table>\n<p><strong>Instructions for Use:<\/strong>\u00a0Como complemento en la dieta tomar una (1) c\u00e1psula al d\u00eda. En periodos prolongados de tratamiento se recomienda hacer descansos de consumo, para garantizar el efecto deseado.<\/p>\n<p>Caracter\u00edsticas principales de Col\u00e1geno marino + magnesio c\u00e1psulas:<\/p>\n<p>&nbsp;<\/p>\n<div class=\"et-custom-list etlist-check\">\n<ul>\n<li>Contiene PESCADO.<\/li>\n<li>It does not contain gluten or lactose.<\/li>\n<li>Col\u00e1geno hidrolizado marino, los col\u00e1genos hidrolizados se absorben mejor.<\/li>\n<li>Complemento alimenticio a base de col\u00e1geno, vitaminas y minerales.<\/li>\n<li>Envase para 60 d\u00edas de uso.<\/li>\n<\/ul>\n<\/div>\n<p>&nbsp;<\/p>\n<p>Warnings: Food supplements should not be used as a substitute for a varied and balanced diet. A healthy lifestyle is recommended. Do not exceed the recommended daily amount. Store in a cool, dry place away from sunlight. Keep out of reach of small children. Consult your doctor if you are pregnant or breastfeeding.<\/p>","protected":false},"excerpt":{"rendered":"<p>Functions:<\/p>\n<p>-Mejora la salud de la piel.<\/p>\n<p>-Fortalece articulaciones, huesos cabellos, u\u00f1as y piel.<\/p>\n<p>-Mejora la salud intestinal,<\/p>\n<p>-Recuperaci\u00f3n muscular.<\/p>\n<p>&nbsp;<\/p>","protected":false},"featured_media":5006,"comment_status":"open","ping_status":"closed","template":"","meta":{"_acf_changed":false,"inline_featured_image":false},"product_cat":[105],"product_tag":[2368,832,1011,837,1627,2369,133,2370,841,2371,842,891,730,733,1826,346,856,2351,828,538,2372,351,216,737,739,2373,1003,604,2374,352,1005,2375,355,358],"genre":[],"class_list":{"0":"post-5823","1":"product","2":"type-product","3":"status-publish","4":"has-post-thumbnail","6":"product_cat-salud","7":"product_tag-acicdo","8":"product_tag-acido","9":"product_tag-alimenticio","10":"product_tag-articulaciones","11":"product_tag-ayuda","12":"product_tag-ayudan","13":"product_tag-bio","14":"product_tag-cartilago","15":"product_tag-cartilagos","16":"product_tag-cianobalamina","17":"product_tag-colageno","18":"product_tag-complemento","19":"product_tag-dis","20":"product_tag-esential","21":"product_tag-folico","22":"product_tag-gluten","23":"product_tag-hidrolizado","24":"product_tag-hidroxido","25":"product_tag-huesos","26":"product_tag-lactosa","27":"product_tag-marino","28":"product_tag-minerales","29":"product_tag-natural","30":"product_tag-nature","31":"product_tag-obire","32":"product_tag-oxico","33":"product_tag-pescado","34":"product_tag-piel","35":"product_tag-piroxina","36":"product_tag-plantas","37":"product_tag-regenera","38":"product_tag-regenerar","39":"product_tag-sin","40":"product_tag-vitaminas","42":"first","43":"instock","44":"taxable","45":"shipping-taxable","46":"purchasable","47":"product-type-simple","48":"add-to-wishlist-after_add_to_cart"},"acf":[],"_links":{"self":[{"href":"https:\/\/compraencieza.es\/en\/wp-json\/wp\/v2\/product\/5823","targetHints":{"allow":["GET"]}}],"collection":[{"href":"https:\/\/compraencieza.es\/en\/wp-json\/wp\/v2\/product"}],"about":[{"href":"https:\/\/compraencieza.es\/en\/wp-json\/wp\/v2\/types\/product"}],"replies":[{"embeddable":true,"href":"https:\/\/compraencieza.es\/en\/wp-json\/wp\/v2\/comments?post=5823"}],"wp:featuredmedia":[{"embeddable":true,"href":"https:\/\/compraencieza.es\/en\/wp-json\/wp\/v2\/media\/5006"}],"wp:attachment":[{"href":"https:\/\/compraencieza.es\/en\/wp-json\/wp\/v2\/media?parent=5823"}],"wp:term":[{"taxonomy":"product_cat","embeddable":true,"href":"https:\/\/compraencieza.es\/en\/wp-json\/wp\/v2\/product_cat?post=5823"},{"taxonomy":"product_tag","embeddable":true,"href":"https:\/\/compraencieza.es\/en\/wp-json\/wp\/v2\/product_tag?post=5823"},{"taxonomy":"product_brand","embeddable":true,"href":"https:\/\/compraencieza.es\/en\/wp-json\/wp\/v2\/genre?post=5823"}],"curies":[{"name":"wp","href":"https:\/\/api.w.org\/{rel}","templated":true}]}}