{"id":5828,"date":"2025-01-09T17:10:09","date_gmt":"2025-01-09T16:10:09","guid":{"rendered":"https:\/\/compraencieza.es\/?post_type=product&#038;p=5828"},"modified":"2025-01-09T17:22:59","modified_gmt":"2025-01-09T16:22:59","slug":"estevia-hoja-triturada-40g-naturatal","status":"publish","type":"product","link":"https:\/\/compraencieza.es\/en\/product\/estevia-hoja-triturada-40g-naturatal\/","title":{"rendered":"Estevia hoja triturada 40g &#8211; Naturatal."},"content":{"rendered":"<p>INGREDIENTS:<br \/>\nStevia rebaudiana<\/p>\n<p>INDICATIONS:<br \/>\nLas hojas de la stevia, conocida como hierba dulce, se pueden utilizar para endulzar batidos, helados, postres y dulces de todo tipo como bizcochos, madalenas, tartas, lo podemos usar en infusiones, t\u00e9, caf\u00e9, etc.<br \/>\nDe los principios activos de la stevia podemos destacar el estevi\u00f3sido y diferentes flavonoides. Pero esta planta medicinal tambi\u00e9n aporta vitaminas A y C, y minerales como el hierro, f\u00f3rforo, calcio, potasio y zinc.<\/p>\n<p>DIRECTIONS FOR USE:<br \/>\nVerter el contenido de una cucharada sopera en agua hirviendo y apartar del fuego. Tapar el recipiente y dejar reposar de 5 a 10 minutos. Colar y servir.<\/p>\n<p class=\"h6\">Ficha t\u00e9cnica<\/p>\n<dl class=\"data-sheet\">\n<dt class=\"name\">Apto diabeticos<\/dt>\n<dd class=\"value\">Si<\/dd>\n<dt class=\"name\">Apto veganos<\/dt>\n<dd class=\"value\">Si<\/dd>\n<dt class=\"name\">Bio<\/dt>\n<dd class=\"value\">No<\/dd>\n<dt class=\"name\">Cantidad medida<\/dt>\n<dd class=\"value\">0,040<\/dd>\n<dt class=\"name\">Congelado<\/dt>\n<dd class=\"value\">No<\/dd>\n<dt class=\"name\">Frio<\/dt>\n<dd class=\"value\">No<\/dd>\n<dt class=\"name\">Gluten<\/dt>\n<dd class=\"value\">No<\/dd>\n<dt class=\"name\">Huevo<\/dt>\n<dd class=\"value\">No<\/dd>\n<dt class=\"name\">Lactosa<\/dt>\n<dd class=\"value\">No<\/dd>\n<dt class=\"name\">Unidad medida<\/dt>\n<dd class=\"value\">kilo<\/dd>\n<\/dl>","protected":false},"excerpt":{"rendered":"<p>&#8216;-Propiedades medicinales de la stevia:<br \/>\n-La stevia aporta 0 calor\u00edas<br \/>\n-Posee acci\u00f3n digestiva<br \/>\n-Ejerce efecto hipotensor suave<br \/>\n-La stevia es antimic\u00f3tica<br \/>\n-Ayuda a reducir la ansiedad<br \/>\n-Es diur\u00e9tica<br \/>\n-La stevia regula el az\u00facar en sangre y tiene efecto hipoglucemiante<br \/>\n-Tiene acci\u00f3n diur\u00e9tica<br \/>\n-Es cardiot\u00f3nica<br \/>\n-Combate la fatiga<br \/>\n-La stevia es vasodilatadora<br \/>\n-Es inmunoestimulante<br \/>\n-Tiene acci\u00f3n anticaries<br \/>\n-Posee efecto antibi\u00f3tico<br \/>\n-La stevia tiene acci\u00f3n vulneraria<br \/>\n-Combate el estre\u00f1imiento<\/p>","protected":false},"featured_media":5012,"comment_status":"open","ping_status":"closed","template":"","meta":{"_acf_changed":false,"inline_featured_image":false},"product_cat":[105],"product_tag":[725,726,1209,2058,2400,2401,1339,1859,133,1340,2402,507,1797,1860,1861,2403,2172,895,2387,2404,2323,2027,827,287,1888,1890,1349,346,1891,2405,428,1863,1240,1830,2406,2407,538,767,864,216,1864,1329,740,568,741,1866,1867,2204,150,1202,700,1868,642,337,1336,236,1869,658,2408,2205,2409,1825,1893,1894],"genre":[],"class_list":{"0":"post-5828","1":"product","2":"type-product","3":"status-publish","4":"has-post-thumbnail","6":"product_cat-salud","7":"product_tag-adelgazante","8":"product_tag-adelgazar","9":"product_tag-agua","10":"product_tag-ansiedad","11":"product_tag-anticaries","12":"product_tag-antimicotica","13":"product_tag-azucar","14":"product_tag-bajar","15":"product_tag-bio","16":"product_tag-calorias","17":"product_tag-cardiotonica","18":"product_tag-caries","19":"product_tag-celiacos","20":"product_tag-cortezas","21":"product_tag-diabeticos","22":"product_tag-diavetes","23":"product_tag-digestiva","24":"product_tag-digestivo","25":"product_tag-diuretica","26":"product_tag-estevia","27":"product_tag-estimulante","28":"product_tag-estrenimiento","29":"product_tag-fatiga","30":"product_tag-filtro","31":"product_tag-fria","32":"product_tag-fuego","33":"product_tag-glucosa","34":"product_tag-gluten","35":"product_tag-hervir","36":"product_tag-hipotensor","37":"product_tag-hojas","38":"product_tag-huevo","39":"product_tag-infusion","40":"product_tag-inmune","41":"product_tag-inmuno","42":"product_tag-inmunoestimulante","43":"product_tag-lactosa","44":"product_tag-liquidos","45":"product_tag-magnesio","46":"product_tag-natural","47":"product_tag-naturatal","48":"product_tag-naturcid","49":"product_tag-perder","50":"product_tag-perdida","51":"product_tag-peso","52":"product_tag-plameca","53":"product_tag-raices","54":"product_tag-raiz","55":"product_tag-reduce","56":"product_tag-retencion","57":"product_tag-sangre","58":"product_tag-semillas","59":"product_tag-sport","60":"product_tag-suave","61":"product_tag-taza","62":"product_tag-te","63":"product_tag-teina","64":"product_tag-tension","65":"product_tag-triturada","66":"product_tag-trituradas","67":"product_tag-vasodilatadora","68":"product_tag-vegano","69":"product_tag-veganos","70":"product_tag-vegetariano","72":"first","73":"instock","74":"taxable","75":"shipping-taxable","76":"purchasable","77":"product-type-simple","78":"add-to-wishlist-after_add_to_cart"},"acf":[],"_links":{"self":[{"href":"https:\/\/compraencieza.es\/en\/wp-json\/wp\/v2\/product\/5828","targetHints":{"allow":["GET"]}}],"collection":[{"href":"https:\/\/compraencieza.es\/en\/wp-json\/wp\/v2\/product"}],"about":[{"href":"https:\/\/compraencieza.es\/en\/wp-json\/wp\/v2\/types\/product"}],"replies":[{"embeddable":true,"href":"https:\/\/compraencieza.es\/en\/wp-json\/wp\/v2\/comments?post=5828"}],"wp:featuredmedia":[{"embeddable":true,"href":"https:\/\/compraencieza.es\/en\/wp-json\/wp\/v2\/media\/5012"}],"wp:attachment":[{"href":"https:\/\/compraencieza.es\/en\/wp-json\/wp\/v2\/media?parent=5828"}],"wp:term":[{"taxonomy":"product_cat","embeddable":true,"href":"https:\/\/compraencieza.es\/en\/wp-json\/wp\/v2\/product_cat?post=5828"},{"taxonomy":"product_tag","embeddable":true,"href":"https:\/\/compraencieza.es\/en\/wp-json\/wp\/v2\/product_tag?post=5828"},{"taxonomy":"product_brand","embeddable":true,"href":"https:\/\/compraencieza.es\/en\/wp-json\/wp\/v2\/genre?post=5828"}],"curies":[{"name":"wp","href":"https:\/\/api.w.org\/{rel}","templated":true}]}}