{"id":5831,"date":"2025-01-09T17:10:09","date_gmt":"2025-01-09T16:10:09","guid":{"rendered":"https:\/\/compraencieza.es\/?post_type=product&#038;p=5831"},"modified":"2025-01-09T17:22:58","modified_gmt":"2025-01-09T16:22:58","slug":"algas-fucus-fucus-vesiculosus-100g-naturatal","status":"publish","type":"product","link":"https:\/\/compraencieza.es\/en\/product\/algas-fucus-fucus-vesiculosus-100g-naturatal\/","title":{"rendered":"Fucus algae (fucus vesiculosus) 100g \u2013 Naturatal"},"content":{"rendered":"<p>Talo cortado.<\/p>\n<p>Modo de empleo recomendado para infusiones:<\/p>\n<p>Verter el contenido de una cucharada sopera en agua hirviendo y apartar del fuego. Tapar el recipiente y dejar reposar de 8 a 10 minutos. Si son raices, cortezas o semillas, hervir a fuego lento de 2 a 4 minutos. Colar y endulzar al gusto.c<\/p>\n<p class=\"h6\">Ficha t\u00e9cnica<\/p>\n<dl class=\"data-sheet\">\n<dt class=\"name\">Apto diabeticos<\/dt>\n<dd class=\"value\">Si<\/dd>\n<dt class=\"name\">Apto veganos<\/dt>\n<dd class=\"value\">Si<\/dd>\n<dt class=\"name\">Bio<\/dt>\n<dd class=\"value\">No<\/dd>\n<dt class=\"name\">Cantidad medida<\/dt>\n<dd class=\"value\">0,100<\/dd>\n<dt class=\"name\">Congelado<\/dt>\n<dd class=\"value\">No<\/dd>\n<dt class=\"name\">Frio<\/dt>\n<dd class=\"value\">No<\/dd>\n<dt class=\"name\">Gluten<\/dt>\n<dd class=\"value\">No<\/dd>\n<dt class=\"name\">Huevo<\/dt>\n<dd class=\"value\">No<\/dd>\n<dt class=\"name\">Lactosa<\/dt>\n<dd class=\"value\">No<\/dd>\n<dt class=\"name\">Unidad medida<\/dt>\n<dd class=\"value\">kilo<\/dd>\n<\/dl>","protected":false},"excerpt":{"rendered":"<p>Propiedades: Mineralizante, estimulante tiroideo, diur\u00e9tico. Gran capacidad para aumentar su tama\u00f1o, lo que la convierte en saciante a su paso por el estomago y laxante mec\u00e1nico a su paso por el intestino. Retardadora de la absorci\u00f3n de az\u00facares y reductora de la presencia de grasas en la sangre.<\/p>","protected":false},"featured_media":5015,"comment_status":"open","ping_status":"closed","template":"","meta":{"_acf_changed":false,"inline_featured_image":false},"product_cat":[105],"product_tag":[725,726,1209,2414,1339,2415,1859,133,1797,1860,1341,1342,1861,731,287,1888,2416,1890,1349,346,143,1891,428,1863,1240,912,913,538,1350,767,864,2417,216,1864,1329,740,568,741,1866,1867,2204,1202,2418,700,1868,642,1336,236,1869,2419,2205,1825,1893,1894],"genre":[],"class_list":{"0":"post-5831","1":"product","2":"type-product","3":"status-publish","4":"has-post-thumbnail","6":"product_cat-salud","7":"product_tag-adelgazante","8":"product_tag-adelgazar","9":"product_tag-agua","10":"product_tag-algas","11":"product_tag-azucar","12":"product_tag-azucares","13":"product_tag-bajar","14":"product_tag-bio","15":"product_tag-celiacos","16":"product_tag-cortezas","17":"product_tag-diabetes","18":"product_tag-diabetico","19":"product_tag-diabeticos","20":"product_tag-diuretico","21":"product_tag-filtro","22":"product_tag-fria","23":"product_tag-fucus","24":"product_tag-fuego","25":"product_tag-glucosa","26":"product_tag-gluten","27":"product_tag-grasa","28":"product_tag-hervir","29":"product_tag-hojas","30":"product_tag-huevo","31":"product_tag-infusion","32":"product_tag-intestinal","33":"product_tag-intestino","34":"product_tag-lactosa","35":"product_tag-laxante","36":"product_tag-liquidos","37":"product_tag-magnesio","38":"product_tag-mineralizante","39":"product_tag-natural","40":"product_tag-naturatal","41":"product_tag-naturcid","42":"product_tag-perder","43":"product_tag-perdida","44":"product_tag-peso","45":"product_tag-plameca","46":"product_tag-raices","47":"product_tag-raiz","48":"product_tag-retencion","49":"product_tag-saciante","50":"product_tag-sangre","51":"product_tag-semillas","52":"product_tag-sport","53":"product_tag-taza","54":"product_tag-te","55":"product_tag-teina","56":"product_tag-tiroides","57":"product_tag-trituradas","58":"product_tag-vegano","59":"product_tag-veganos","60":"product_tag-vegetariano","62":"first","63":"instock","64":"taxable","65":"shipping-taxable","66":"purchasable","67":"product-type-simple","68":"add-to-wishlist-after_add_to_cart"},"acf":[],"_links":{"self":[{"href":"https:\/\/compraencieza.es\/en\/wp-json\/wp\/v2\/product\/5831","targetHints":{"allow":["GET"]}}],"collection":[{"href":"https:\/\/compraencieza.es\/en\/wp-json\/wp\/v2\/product"}],"about":[{"href":"https:\/\/compraencieza.es\/en\/wp-json\/wp\/v2\/types\/product"}],"replies":[{"embeddable":true,"href":"https:\/\/compraencieza.es\/en\/wp-json\/wp\/v2\/comments?post=5831"}],"wp:featuredmedia":[{"embeddable":true,"href":"https:\/\/compraencieza.es\/en\/wp-json\/wp\/v2\/media\/5015"}],"wp:attachment":[{"href":"https:\/\/compraencieza.es\/en\/wp-json\/wp\/v2\/media?parent=5831"}],"wp:term":[{"taxonomy":"product_cat","embeddable":true,"href":"https:\/\/compraencieza.es\/en\/wp-json\/wp\/v2\/product_cat?post=5831"},{"taxonomy":"product_tag","embeddable":true,"href":"https:\/\/compraencieza.es\/en\/wp-json\/wp\/v2\/product_tag?post=5831"},{"taxonomy":"product_brand","embeddable":true,"href":"https:\/\/compraencieza.es\/en\/wp-json\/wp\/v2\/genre?post=5831"}],"curies":[{"name":"wp","href":"https:\/\/api.w.org\/{rel}","templated":true}]}}