{"id":5834,"date":"2025-01-09T17:10:10","date_gmt":"2025-01-09T16:10:10","guid":{"rendered":"https:\/\/compraencieza.es\/?post_type=product&#038;p=5834"},"modified":"2025-01-09T17:22:54","modified_gmt":"2025-01-09T16:22:54","slug":"eucalipto-hojas-eucalyptus-globulus-70gr-naturatal","status":"publish","type":"product","link":"https:\/\/compraencieza.es\/en\/product\/eucalipto-hojas-eucalyptus-globulus-70gr-naturatal\/","title":{"rendered":"Eucalipto hojas (eucalyptus globulus) 70gr &#8211; Naturatal"},"content":{"rendered":"<p>Hoja cortada.<\/p>\n<p>Modo de empleo recomendado para infusiones:<\/p>\n<p>Verter el contenido de una cucharada sopera en agua hirviendo y apartar del fuego. Tapar el recipiente y dejar reposar de 8 a 10 minutos. Si son raices, cortezas o semillas, hervir a fuego lento de 2 a 4 minutos. Colar y endulzar al gusto.<\/p>\n<p class=\"h6\">Ficha t\u00e9cnica<\/p>\n<dl class=\"data-sheet\">\n<dt class=\"name\">Apto diabeticos<\/dt>\n<dd class=\"value\">Si<\/dd>\n<dt class=\"name\">Apto veganos<\/dt>\n<dd class=\"value\">Si<\/dd>\n<dt class=\"name\">Bio<\/dt>\n<dd class=\"value\">No<\/dd>\n<dt class=\"name\">Cantidad medida<\/dt>\n<dd class=\"value\">0,070<\/dd>\n<dt class=\"name\">Congelado<\/dt>\n<dd class=\"value\">No<\/dd>\n<dt class=\"name\">Frio<\/dt>\n<dd class=\"value\">No<\/dd>\n<dt class=\"name\">Gluten<\/dt>\n<dd class=\"value\">No<\/dd>\n<dt class=\"name\">Huevo<\/dt>\n<dd class=\"value\">No<\/dd>\n<dt class=\"name\">Lactosa<\/dt>\n<dd class=\"value\">No<\/dd>\n<dt class=\"name\">Unidad medida<\/dt>\n<dd class=\"value\">kilo<\/dd>\n<\/dl>","protected":false},"excerpt":{"rendered":"<p>Funciones: Antimicrobiana y antiinflamatoria de las v\u00edas respiratorias, expectorante, bals\u00e1mica y anticatarral. Hipoglucemiante. En uso externo: astringente, cicatrizante, antis\u00e9ptico.<\/p>\n<p>&nbsp;<\/p>","protected":false},"featured_media":5018,"comment_status":"open","ping_status":"closed","template":"","meta":{"_acf_changed":false,"inline_featured_image":false},"product_cat":[105],"product_tag":[725,726,1209,132,2423,2424,2394,2210,1339,1859,1014,1015,133,2425,2426,1797,2221,1860,1341,1861,1019,1678,287,1888,1890,1347,1349,346,2427,1891,2428,2202,428,1863,1240,538,767,864,2429,2362,216,1864,1329,740,568,741,1866,1867,2204,1048,2430,1202,700,1868,642,1336,236,1869,2205,1825,1893,1894,2057],"genre":[],"class_list":{"0":"post-5834","1":"product","2":"type-product","3":"status-publish","4":"has-post-thumbnail","6":"product_cat-salud","7":"product_tag-adelgazante","8":"product_tag-adelgazar","9":"product_tag-agua","10":"product_tag-anti","11":"product_tag-anticatarral","12":"product_tag-antimicrobianta","13":"product_tag-antiseptico","14":"product_tag-astringente","15":"product_tag-azucar","16":"product_tag-bajar","17":"product_tag-balsamica","18":"product_tag-balsamico","19":"product_tag-bio","20":"product_tag-cataro","21":"product_tag-catarro","22":"product_tag-celiacos","23":"product_tag-cicatrizante","24":"product_tag-cortezas","25":"product_tag-diabetes","26":"product_tag-diabeticos","27":"product_tag-eucalipto","28":"product_tag-eucalyptus","29":"product_tag-filtro","30":"product_tag-fria","31":"product_tag-fuego","32":"product_tag-glucemia","33":"product_tag-glucosa","34":"product_tag-gluten","35":"product_tag-golbulus","36":"product_tag-hervir","37":"product_tag-heucalipto","38":"product_tag-hipoglucemiante","39":"product_tag-hojas","40":"product_tag-huevo","41":"product_tag-infusion","42":"product_tag-lactosa","43":"product_tag-liquidos","44":"product_tag-magnesio","45":"product_tag-microbiana","46":"product_tag-microbios","47":"product_tag-natural","48":"product_tag-naturatal","49":"product_tag-naturcid","50":"product_tag-perder","51":"product_tag-perdida","52":"product_tag-peso","53":"product_tag-plameca","54":"product_tag-raices","55":"product_tag-raiz","56":"product_tag-resfriado","57":"product_tag-respiratorias","58":"product_tag-retencion","59":"product_tag-sangre","60":"product_tag-semillas","61":"product_tag-sport","62":"product_tag-taza","63":"product_tag-te","64":"product_tag-teina","65":"product_tag-trituradas","66":"product_tag-vegano","67":"product_tag-veganos","68":"product_tag-vegetariano","69":"product_tag-vias","71":"first","72":"instock","73":"taxable","74":"shipping-taxable","75":"purchasable","76":"product-type-simple","77":"add-to-wishlist-after_add_to_cart"},"acf":[],"_links":{"self":[{"href":"https:\/\/compraencieza.es\/en\/wp-json\/wp\/v2\/product\/5834","targetHints":{"allow":["GET"]}}],"collection":[{"href":"https:\/\/compraencieza.es\/en\/wp-json\/wp\/v2\/product"}],"about":[{"href":"https:\/\/compraencieza.es\/en\/wp-json\/wp\/v2\/types\/product"}],"replies":[{"embeddable":true,"href":"https:\/\/compraencieza.es\/en\/wp-json\/wp\/v2\/comments?post=5834"}],"wp:featuredmedia":[{"embeddable":true,"href":"https:\/\/compraencieza.es\/en\/wp-json\/wp\/v2\/media\/5018"}],"wp:attachment":[{"href":"https:\/\/compraencieza.es\/en\/wp-json\/wp\/v2\/media?parent=5834"}],"wp:term":[{"taxonomy":"product_cat","embeddable":true,"href":"https:\/\/compraencieza.es\/en\/wp-json\/wp\/v2\/product_cat?post=5834"},{"taxonomy":"product_tag","embeddable":true,"href":"https:\/\/compraencieza.es\/en\/wp-json\/wp\/v2\/product_tag?post=5834"},{"taxonomy":"product_brand","embeddable":true,"href":"https:\/\/compraencieza.es\/en\/wp-json\/wp\/v2\/genre?post=5834"}],"curies":[{"name":"wp","href":"https:\/\/api.w.org\/{rel}","templated":true}]}}