{"id":5835,"date":"2025-01-09T17:10:10","date_gmt":"2025-01-09T16:10:10","guid":{"rendered":"https:\/\/compraencieza.es\/?post_type=product&#038;p=5835"},"modified":"2025-01-09T17:22:55","modified_gmt":"2025-01-09T16:22:55","slug":"sauce-corteza-salix-alba-50gr-naturatal","status":"publish","type":"product","link":"https:\/\/compraencieza.es\/en\/product\/sauce-corteza-salix-alba-50gr-naturatal\/","title":{"rendered":"Sauce corteza (salix alba) 50gr &#8211; Naturatal"},"content":{"rendered":"<p>Corteza cortada.<\/p>\n<p>Modo de empleo recomendado para infusiones:<\/p>\n<p>Verter el contenido de una cucharada sopera en agua hirviendo y apartar del fuego. Tapar el recipiente y dejar reposar de 8 a 10 minutos. Si son raices, cortezas o semillas, hervir a fuego lento de 2 a 4 minutos. Colar y endulzar al gusto.<\/p>","protected":false},"excerpt":{"rendered":"<p>Funciones: Febr\u00edfugo, analg\u00e9sico y antiinflamatorio (contiene salicina que se convierte en \u00e1cido salic\u00edlico),<br \/>\nanticoagulante. Astringente.<\/p>","protected":false},"featured_media":5019,"comment_status":"open","ping_status":"closed","template":"","meta":{"_acf_changed":false,"inline_featured_image":false},"product_cat":[105],"product_tag":[832,725,726,1209,132,2431,578,2432,2210,1339,1859,133,2433,2426,1797,2434,2435,1860,2436,1861,2437,2201,287,1888,1890,346,1891,428,1863,585,1240,538,767,864,216,1864,1329,2438,740,568,741,1866,1867,2204,1048,1202,2439,2440,2441,2442,1163,1868,642,2443,1336,236,1869,357,2205,1825,1893,1894],"genre":[],"class_list":{"0":"post-5835","1":"product","2":"type-product","3":"status-publish","4":"has-post-thumbnail","6":"product_cat-salud","7":"product_tag-acido","8":"product_tag-adelgazante","9":"product_tag-adelgazar","10":"product_tag-agua","11":"product_tag-anti","12":"product_tag-anticoagulante","13":"product_tag-antiinflamatorio","14":"product_tag-antitusigeno","15":"product_tag-astringente","16":"product_tag-azucar","17":"product_tag-bajar","18":"product_tag-bio","19":"product_tag-catarral","20":"product_tag-catarro","21":"product_tag-celiacos","22":"product_tag-coagulante","23":"product_tag-constipado","24":"product_tag-cortezas","25":"product_tag-depurativo","26":"product_tag-diabeticos","27":"product_tag-febriculo","28":"product_tag-fiebre","29":"product_tag-filtro","30":"product_tag-fria","31":"product_tag-fuego","32":"product_tag-gluten","33":"product_tag-hervir","34":"product_tag-hojas","35":"product_tag-huevo","36":"product_tag-inflamatorio","37":"product_tag-infusion","38":"product_tag-lactosa","39":"product_tag-liquidos","40":"product_tag-magnesio","41":"product_tag-natural","42":"product_tag-naturatal","43":"product_tag-naturcid","44":"product_tag-nigra","45":"product_tag-perder","46":"product_tag-perdida","47":"product_tag-peso","48":"product_tag-plameca","49":"product_tag-raices","50":"product_tag-raiz","51":"product_tag-resfriado","52":"product_tag-retencion","53":"product_tag-sacue","54":"product_tag-salicilico","55":"product_tag-salicina","56":"product_tag-sambucus","57":"product_tag-sauce","58":"product_tag-semillas","59":"product_tag-sport","60":"product_tag-sudorifico","61":"product_tag-taza","62":"product_tag-te","63":"product_tag-teina","64":"product_tag-tos","65":"product_tag-trituradas","66":"product_tag-vegano","67":"product_tag-veganos","68":"product_tag-vegetariano","70":"first","71":"instock","72":"taxable","73":"shipping-taxable","74":"purchasable","75":"product-type-simple","76":"add-to-wishlist-after_add_to_cart"},"acf":[],"_links":{"self":[{"href":"https:\/\/compraencieza.es\/en\/wp-json\/wp\/v2\/product\/5835","targetHints":{"allow":["GET"]}}],"collection":[{"href":"https:\/\/compraencieza.es\/en\/wp-json\/wp\/v2\/product"}],"about":[{"href":"https:\/\/compraencieza.es\/en\/wp-json\/wp\/v2\/types\/product"}],"replies":[{"embeddable":true,"href":"https:\/\/compraencieza.es\/en\/wp-json\/wp\/v2\/comments?post=5835"}],"wp:featuredmedia":[{"embeddable":true,"href":"https:\/\/compraencieza.es\/en\/wp-json\/wp\/v2\/media\/5019"}],"wp:attachment":[{"href":"https:\/\/compraencieza.es\/en\/wp-json\/wp\/v2\/media?parent=5835"}],"wp:term":[{"taxonomy":"product_cat","embeddable":true,"href":"https:\/\/compraencieza.es\/en\/wp-json\/wp\/v2\/product_cat?post=5835"},{"taxonomy":"product_tag","embeddable":true,"href":"https:\/\/compraencieza.es\/en\/wp-json\/wp\/v2\/product_tag?post=5835"},{"taxonomy":"product_brand","embeddable":true,"href":"https:\/\/compraencieza.es\/en\/wp-json\/wp\/v2\/genre?post=5835"}],"curies":[{"name":"wp","href":"https:\/\/api.w.org\/{rel}","templated":true}]}}