{"id":5838,"date":"2025-01-09T17:10:18","date_gmt":"2025-01-09T16:10:18","guid":{"rendered":"https:\/\/compraencieza.es\/?post_type=product&#038;p=5838"},"modified":"2025-01-09T17:22:08","modified_gmt":"2025-01-09T16:22:08","slug":"frambuesa-hojas-rubus-idaeus-50gr-naturatal","status":"publish","type":"product","link":"https:\/\/compraencieza.es\/en\/product\/frambuesa-hojas-rubus-idaeus-50gr-naturatal\/","title":{"rendered":"Frambuesa hojas (rubus idaeus) 50gr &#8211; Naturatal."},"content":{"rendered":"<p>Hoja cortada.<\/p>\n<p>Modo de empleo recomendado para infusiones:<\/p>\n<p>Verter el contenido de una cucharada sopera en agua hirviendo y apartar del fuego. Tapar el recipiente y dejar reposar de 8 a 10 minutos. Si son raices, cortezas o semillas, hervir a fuego lento de 2 a 4 minutos. Colar y endulzar al gusto.<\/p>","protected":false},"excerpt":{"rendered":"<p>Funciones: Astringente, aunque sus principales virtudes se sit\u00faan en el embarazo y el posparto: facilita el parto (dando efectividad a las contracciones) y ayuda a la recuperaci\u00f3n de la madre y a la producci\u00f3n de leche.<\/p>","protected":false},"featured_media":5022,"comment_status":"open","ping_status":"closed","template":"","meta":{"_acf_changed":false,"inline_featured_image":false},"product_cat":[105],"product_tag":[725,726,1209,2210,1339,1859,133,1797,2453,2454,1860,1861,2062,287,1839,1888,1890,346,1891,428,1863,1240,2100,538,161,767,163,864,216,1864,1329,2455,740,568,741,1866,2456,2457,2458,1867,2204,2459,1202,1868,642,1336,236,1869,2205,1825,1893,1894],"genre":[],"class_list":{"0":"post-5838","1":"product","2":"type-product","3":"status-publish","4":"has-post-thumbnail","6":"product_cat-salud","7":"product_tag-adelgazante","8":"product_tag-adelgazar","9":"product_tag-agua","10":"product_tag-astringente","11":"product_tag-azucar","12":"product_tag-bajar","13":"product_tag-bio","14":"product_tag-celiacos","15":"product_tag-contracciones","16":"product_tag-contraer","17":"product_tag-cortezas","18":"product_tag-diabeticos","19":"product_tag-embarazo","20":"product_tag-filtro","21":"product_tag-frambuesa","22":"product_tag-fria","23":"product_tag-fuego","24":"product_tag-gluten","25":"product_tag-hervir","26":"product_tag-hojas","27":"product_tag-huevo","28":"product_tag-infusion","29":"product_tag-lactancia","30":"product_tag-lactosa","31":"product_tag-leche","32":"product_tag-liquidos","33":"product_tag-madre","34":"product_tag-magnesio","35":"product_tag-natural","36":"product_tag-naturatal","37":"product_tag-naturcid","38":"product_tag-parto","39":"product_tag-perder","40":"product_tag-perdida","41":"product_tag-peso","42":"product_tag-plameca","43":"product_tag-posparto","44":"product_tag-post","45":"product_tag-postparto","46":"product_tag-raices","47":"product_tag-raiz","48":"product_tag-recuperacion","49":"product_tag-retencion","50":"product_tag-semillas","51":"product_tag-sport","52":"product_tag-taza","53":"product_tag-te","54":"product_tag-teina","55":"product_tag-trituradas","56":"product_tag-vegano","57":"product_tag-veganos","58":"product_tag-vegetariano","60":"first","61":"instock","62":"taxable","63":"shipping-taxable","64":"purchasable","65":"product-type-simple","66":"add-to-wishlist-after_add_to_cart"},"acf":[],"_links":{"self":[{"href":"https:\/\/compraencieza.es\/en\/wp-json\/wp\/v2\/product\/5838","targetHints":{"allow":["GET"]}}],"collection":[{"href":"https:\/\/compraencieza.es\/en\/wp-json\/wp\/v2\/product"}],"about":[{"href":"https:\/\/compraencieza.es\/en\/wp-json\/wp\/v2\/types\/product"}],"replies":[{"embeddable":true,"href":"https:\/\/compraencieza.es\/en\/wp-json\/wp\/v2\/comments?post=5838"}],"wp:featuredmedia":[{"embeddable":true,"href":"https:\/\/compraencieza.es\/en\/wp-json\/wp\/v2\/media\/5022"}],"wp:attachment":[{"href":"https:\/\/compraencieza.es\/en\/wp-json\/wp\/v2\/media?parent=5838"}],"wp:term":[{"taxonomy":"product_cat","embeddable":true,"href":"https:\/\/compraencieza.es\/en\/wp-json\/wp\/v2\/product_cat?post=5838"},{"taxonomy":"product_tag","embeddable":true,"href":"https:\/\/compraencieza.es\/en\/wp-json\/wp\/v2\/product_tag?post=5838"},{"taxonomy":"product_brand","embeddable":true,"href":"https:\/\/compraencieza.es\/en\/wp-json\/wp\/v2\/genre?post=5838"}],"curies":[{"name":"wp","href":"https:\/\/api.w.org\/{rel}","templated":true}]}}