{"id":5842,"date":"2025-01-09T17:10:18","date_gmt":"2025-01-09T16:10:18","guid":{"rendered":"https:\/\/compraencieza.es\/?post_type=product&#038;p=5842"},"modified":"2025-01-09T17:22:06","modified_gmt":"2025-01-09T16:22:06","slug":"amapola-flor-b-17-gr-naturcid","status":"publish","type":"product","link":"https:\/\/compraencieza.es\/en\/product\/amapola-flor-b-17-gr-naturcid\/","title":{"rendered":"Poppy flower b 17 gr. Naturcid"},"content":{"rendered":"<p>AMAPOLA FLOR 17 GR<br \/>\nMultiples beneficios para el sistema nervioso<\/p>\n<p>INGREDIENTS:<br \/>\nFlores de Amapola<\/p>\n<p>MODO DE EMPLEO<br \/>\nInfusi\u00f3n (hervir durante unos instantes) 1 cucharada por taza de agua. Dejar reposar unos minutos, colar y tomar 2-3 veces al d\u00eda. Contraindicado en caso de embarazo y lactancia<\/p>\n<p>CONSERVACI\u00d3N<br \/>\nStore at room temperature, in a cool, dry place protected from light.<\/p>\n<p>PRESENTACI\u00d3N<br \/>\n17g<\/p>\n<div class=\"product-manufacturer\"><label class=\"label\">Brand<\/label>\u00a0<a href=\"https:\/\/www.naturatal.com\/brand\/98-naturcid\" target=\"_blank\" rel=\"noopener\">NATURCID<\/a><\/div>\n<div class=\"product-reference\"><label class=\"label\">Referencia<\/label>\u00a006244<\/div>\n<div class=\"product-out-of-stock\"><\/div>\n<section class=\"product-features\">\n<p class=\"h6\">Ficha t\u00e9cnica<\/p>\n<dl class=\"data-sheet\">\n<dt class=\"name\">Apto diabeticos<\/dt>\n<dd class=\"value\">&#8212;<\/dd>\n<dt class=\"name\">Apto veganos<\/dt>\n<dd class=\"value\">Si<\/dd>\n<dt class=\"name\">Bio<\/dt>\n<dd class=\"value\">No<\/dd>\n<dt class=\"name\">Cantidad medida<\/dt>\n<dd class=\"value\">0,017<\/dd>\n<dt class=\"name\">Congelado<\/dt>\n<dd class=\"value\">No<\/dd>\n<dt class=\"name\">Frio<\/dt>\n<dd class=\"value\">No<\/dd>\n<dt class=\"name\">Gluten<\/dt>\n<dd class=\"value\">&#8212;<\/dd>\n<dt class=\"name\">Huevo<\/dt>\n<dd class=\"value\">No<\/dd>\n<dt class=\"name\">Lactosa<\/dt>\n<dd class=\"value\">No<\/dd>\n<dt class=\"name\">Unidad medida<\/dt>\n<dd class=\"value\">kilo<\/dd>\n<\/dl>\n<\/section>","protected":false},"excerpt":{"rendered":"<p>Functions:<\/p>\n<p>1. Efecto calmante: La infusi\u00f3n de amapola se ha utilizado para ayudar a reducir la ansiedad y el estr\u00e9s, proporcionando un efecto relajante.<\/p>\n<p>2. Mejora del sue\u00f1o: Puede ser \u00fatil para combatir el insomnio y mejorar la calidad del sue\u00f1o, gracias a sus propiedades sedantes.<\/p>\n<p>3. Alivio del dolor: Algunas personas utilizan la infusi\u00f3n de amapola para aliviar dolores leves, como dolores de cabeza o c\u00f3licos.<\/p>\n<p>4. Propiedades antiespasm\u00f3dicas: Puede ayudar a relajar los m\u00fasculos y aliviar espasmos, lo que la hace \u00fatil en casos de malestar gastrointestinal.<\/p>\n<p>5. Efecto diur\u00e9tico: Se ha mencionado que la infusi\u00f3n de amapola puede tener propiedades diur\u00e9ticas, ayudando a eliminar toxinas del cuerpo.<\/p>","protected":false},"featured_media":5026,"comment_status":"open","ping_status":"closed","template":"","meta":{"_acf_changed":false,"inline_featured_image":false},"product_cat":[105],"product_tag":[725,726,1209,1035,114,2388,1339,1859,133,1729,1797,1860,1861,731,712,1371,1888,1890,346,1891,428,1863,1240,538,767,864,216,1864,1329,740,568,741,1866,1867,2204,1202,1868,642,256,236,1869,2205,1825,1893,1894],"genre":[],"class_list":{"0":"post-5842","1":"product","2":"type-product","3":"status-publish","4":"has-post-thumbnail","6":"product_cat-salud","7":"product_tag-adelgazante","8":"product_tag-adelgazar","9":"product_tag-agua","10":"product_tag-alivio","11":"product_tag-amapola","12":"product_tag-antiespasmodico","13":"product_tag-azucar","14":"product_tag-bajar","15":"product_tag-bio","16":"product_tag-calmante","17":"product_tag-celiacos","18":"product_tag-cortezas","19":"product_tag-diabeticos","20":"product_tag-diuretico","21":"product_tag-dolor","22":"product_tag-flor","23":"product_tag-fria","24":"product_tag-fuego","25":"product_tag-gluten","26":"product_tag-hervir","27":"product_tag-hojas","28":"product_tag-huevo","29":"product_tag-infusion","30":"product_tag-lactosa","31":"product_tag-liquidos","32":"product_tag-magnesio","33":"product_tag-natural","34":"product_tag-naturatal","35":"product_tag-naturcid","36":"product_tag-perder","37":"product_tag-perdida","38":"product_tag-peso","39":"product_tag-plameca","40":"product_tag-raices","41":"product_tag-raiz","42":"product_tag-retencion","43":"product_tag-semillas","44":"product_tag-sport","45":"product_tag-sueno","46":"product_tag-te","47":"product_tag-teina","48":"product_tag-trituradas","49":"product_tag-vegano","50":"product_tag-veganos","51":"product_tag-vegetariano","53":"first","54":"instock","55":"taxable","56":"shipping-taxable","57":"purchasable","58":"product-type-simple","59":"add-to-wishlist-after_add_to_cart"},"acf":[],"_links":{"self":[{"href":"https:\/\/compraencieza.es\/en\/wp-json\/wp\/v2\/product\/5842","targetHints":{"allow":["GET"]}}],"collection":[{"href":"https:\/\/compraencieza.es\/en\/wp-json\/wp\/v2\/product"}],"about":[{"href":"https:\/\/compraencieza.es\/en\/wp-json\/wp\/v2\/types\/product"}],"replies":[{"embeddable":true,"href":"https:\/\/compraencieza.es\/en\/wp-json\/wp\/v2\/comments?post=5842"}],"wp:featuredmedia":[{"embeddable":true,"href":"https:\/\/compraencieza.es\/en\/wp-json\/wp\/v2\/media\/5026"}],"wp:attachment":[{"href":"https:\/\/compraencieza.es\/en\/wp-json\/wp\/v2\/media?parent=5842"}],"wp:term":[{"taxonomy":"product_cat","embeddable":true,"href":"https:\/\/compraencieza.es\/en\/wp-json\/wp\/v2\/product_cat?post=5842"},{"taxonomy":"product_tag","embeddable":true,"href":"https:\/\/compraencieza.es\/en\/wp-json\/wp\/v2\/product_tag?post=5842"},{"taxonomy":"product_brand","embeddable":true,"href":"https:\/\/compraencieza.es\/en\/wp-json\/wp\/v2\/genre?post=5842"}],"curies":[{"name":"wp","href":"https:\/\/api.w.org\/{rel}","templated":true}]}}