{"id":5846,"date":"2025-01-09T17:10:18","date_gmt":"2025-01-09T16:10:18","guid":{"rendered":"https:\/\/compraencieza.es\/?post_type=product&#038;p=5846"},"modified":"2025-01-09T17:22:08","modified_gmt":"2025-01-09T16:22:08","slug":"melisa-bio-b-30-gr-naturcid","status":"publish","type":"product","link":"https:\/\/compraencieza.es\/en\/product\/melisa-bio-b-30-gr-naturcid\/","title":{"rendered":"Melisa BIO b 30 gr. &#8211; Naturcid"},"content":{"rendered":"<p>Melisa BIO<\/p>\n<p>INGREDIENTS:<br \/>\n100% hojas de melisa*.<br \/>\n*Procedente de agricultura ecol\u00f3gica.<\/p>\n<p>INDICATIONS:<br \/>\nAllergen-free.<\/p>\n<p>DIRECTIONS FOR USE:<br \/>\nInfusi\u00f3n (hervir durante unos instantes) 1 cucharada sopera de planta por vaso de agua. Dejar resposar unos minutos, colar y tomar 2-3 veces al d\u00eda. Puede afectar a la capacidad para conducir o manejar m\u00e1quinas.<\/p>\n<p>CONSERVATION:<br \/>\nStore at room temperature, in a cool, dry place protected from light.<\/p>\n<p>PRESENTATION:<br \/>\nBolsa 30gr<\/p>\n<p>ADDITIONAL INFORMATION:<br \/>\nNo contiene organismos modificados gen\u00e9ticamente (No GMO) ni irradiados.<br \/>\nBPA free packaging.<\/p>\n<p class=\"h6\">Ficha t\u00e9cnica<\/p>\n<dl class=\"data-sheet\">\n<dt class=\"name\">Apto diabeticos<\/dt>\n<dd class=\"value\">No<\/dd>\n<dt class=\"name\">Apto veganos<\/dt>\n<dd class=\"value\">Si<\/dd>\n<dt class=\"name\">Bio<\/dt>\n<dd class=\"value\">Si<\/dd>\n<dt class=\"name\">Cantidad medida<\/dt>\n<dd class=\"value\">0,030<\/dd>\n<dt class=\"name\">Congelado<\/dt>\n<dd class=\"value\">No<\/dd>\n<dt class=\"name\">Frio<\/dt>\n<dd class=\"value\">No<\/dd>\n<dt class=\"name\">Gluten<\/dt>\n<dd class=\"value\">No<\/dd>\n<dt class=\"name\">Huevo<\/dt>\n<dd class=\"value\">No<\/dd>\n<dt class=\"name\">Lactosa<\/dt>\n<dd class=\"value\">No<\/dd>\n<\/dl>","protected":false},"excerpt":{"rendered":"<p>Functions:<\/p>\n<p>1. Efecto calmante: La melisa es conocida por sus propiedades sedantes y relajantes, lo que la hace \u00fatil para reducir la ansiedad y el estr\u00e9s.<\/p>\n<p>2. Mejora del sue\u00f1o: Se utiliza a menudo para ayudar a combatir el insomnio y mejorar la calidad del sue\u00f1o, gracias a su capacidad para inducir la relajaci\u00f3n.<\/p>\n<p>3. Alivio de problemas digestivos: La infusi\u00f3n de melisa puede ayudar a aliviar malestares gastrointestinales, como la indigesti\u00f3n, los gases y los c\u00f3licos.<\/p>\n<p>4. Propiedades antioxidantes: La melisa contiene compuestos antioxidantes que pueden ayudar a combatir el da\u00f1o celular y reducir la inflamaci\u00f3n en el cuerpo.<\/p>\n<p>5. Apoyo en la salud mental: Algunos estudios sugieren que la melisa puede tener efectos positivos en el estado de \u00e1nimo y la memoria, lo que la hace \u00fatil en el manejo de trastornos como la depresi\u00f3n leve.<\/p>\n<p>6. Alivio de dolores de cabeza: Gracias a sus propiedades relajantes, la melisa puede ayudar a aliviar dolores de cabeza tensionales.<\/p>\n<p>7. Efecto antiviral: Hay investigaciones que sugieren que la melisa puede tener propiedades antivirales, lo que podr\u00eda ayudar en la lucha contra ciertos virus.<\/p>","protected":false},"featured_media":5030,"comment_status":"open","ping_status":"closed","template":"","meta":{"_acf_changed":false,"inline_featured_image":false},"product_cat":[105],"product_tag":[725,726,1209,132,1599,2444,1339,1859,133,2471,2472,365,1729,1797,1860,1861,1320,895,896,905,1888,1890,346,1891,428,1863,1240,1091,538,767,864,123,124,1093,1095,216,1864,1329,1330,740,568,741,1866,1867,2204,128,1202,590,1868,642,256,236,1869,2205,1825,1893,1894,1690],"genre":[],"class_list":{"0":"post-5846","1":"product","2":"type-product","3":"status-publish","4":"has-post-thumbnail","6":"product_cat-salud","7":"product_tag-adelgazante","8":"product_tag-adelgazar","9":"product_tag-agua","10":"product_tag-anti","11":"product_tag-antioxidante","12":"product_tag-antiviral","13":"product_tag-azucar","14":"product_tag-bajar","15":"product_tag-bio","16":"product_tag-cabeza","17":"product_tag-calamante","18":"product_tag-calma","19":"product_tag-calmante","20":"product_tag-celiacos","21":"product_tag-cortezas","22":"product_tag-diabeticos","23":"product_tag-digestion","24":"product_tag-digestivo","25":"product_tag-dolores","26":"product_tag-estomago","27":"product_tag-fria","28":"product_tag-fuego","29":"product_tag-gluten","30":"product_tag-hervir","31":"product_tag-hojas","32":"product_tag-huevo","33":"product_tag-infusion","34":"product_tag-insomnio","35":"product_tag-lactosa","36":"product_tag-liquidos","37":"product_tag-magnesio","38":"product_tag-melisa","39":"product_tag-melissa","40":"product_tag-mental","41":"product_tag-mente","42":"product_tag-natural","43":"product_tag-naturatal","44":"product_tag-naturcid","45":"product_tag-oxidante","46":"product_tag-perder","47":"product_tag-perdida","48":"product_tag-peso","49":"product_tag-plameca","50":"product_tag-raices","51":"product_tag-raiz","52":"product_tag-relajante","53":"product_tag-retencion","54":"product_tag-salud","55":"product_tag-semillas","56":"product_tag-sport","57":"product_tag-sueno","58":"product_tag-te","59":"product_tag-teina","60":"product_tag-trituradas","61":"product_tag-vegano","62":"product_tag-veganos","63":"product_tag-vegetariano","64":"product_tag-virus","66":"first","67":"instock","68":"taxable","69":"shipping-taxable","70":"purchasable","71":"product-type-simple","72":"add-to-wishlist-after_add_to_cart"},"acf":[],"_links":{"self":[{"href":"https:\/\/compraencieza.es\/en\/wp-json\/wp\/v2\/product\/5846","targetHints":{"allow":["GET"]}}],"collection":[{"href":"https:\/\/compraencieza.es\/en\/wp-json\/wp\/v2\/product"}],"about":[{"href":"https:\/\/compraencieza.es\/en\/wp-json\/wp\/v2\/types\/product"}],"replies":[{"embeddable":true,"href":"https:\/\/compraencieza.es\/en\/wp-json\/wp\/v2\/comments?post=5846"}],"wp:featuredmedia":[{"embeddable":true,"href":"https:\/\/compraencieza.es\/en\/wp-json\/wp\/v2\/media\/5030"}],"wp:attachment":[{"href":"https:\/\/compraencieza.es\/en\/wp-json\/wp\/v2\/media?parent=5846"}],"wp:term":[{"taxonomy":"product_cat","embeddable":true,"href":"https:\/\/compraencieza.es\/en\/wp-json\/wp\/v2\/product_cat?post=5846"},{"taxonomy":"product_tag","embeddable":true,"href":"https:\/\/compraencieza.es\/en\/wp-json\/wp\/v2\/product_tag?post=5846"},{"taxonomy":"product_brand","embeddable":true,"href":"https:\/\/compraencieza.es\/en\/wp-json\/wp\/v2\/genre?post=5846"}],"curies":[{"name":"wp","href":"https:\/\/api.w.org\/{rel}","templated":true}]}}