{"id":5848,"date":"2025-01-09T17:10:18","date_gmt":"2025-01-09T16:10:18","guid":{"rendered":"https:\/\/compraencieza.es\/?post_type=product&#038;p=5848"},"modified":"2025-01-09T17:22:06","modified_gmt":"2025-01-09T16:22:06","slug":"bardana-arctium-lappa-75gr-naturatal","status":"publish","type":"product","link":"https:\/\/compraencieza.es\/en\/product\/bardana-arctium-lappa-75gr-naturatal\/","title":{"rendered":"Bardana (arctium lappa) 75gr &#8211; Naturatal"},"content":{"rendered":"<p>Ra\u00edz cortada.<\/p>\n<p>Modo de empleo recomendado para infusiones:<\/p>\n<p>Verter el contenido de una cucharada sopera en agua hirviendo y apartar del fuego. Tapar el recipiente y dejar reposar de 8 a 10 minutos. Si son raices, cortezas o semillas, hervir a fuego lento de 2 a 4 minutos. Colar y endulzar al gusto.<\/p>","protected":false},"excerpt":{"rendered":"<p>Funciones: Depurativa en procesos cut\u00e1neos, diur\u00e9tica y sudor\u00edfica. Digestiva.<\/p>","protected":false},"featured_media":5032,"comment_status":"open","ping_status":"closed","template":"","meta":{"_acf_changed":false,"inline_featured_image":false},"product_cat":[105],"product_tag":[725,726,1209,2475,1339,1859,2476,133,1797,1860,1107,2477,2412,1861,2172,2387,1888,1890,346,1891,428,1863,1240,538,2478,767,864,216,1864,1329,740,568,741,1866,1867,2204,1202,1868,2479,642,236,1869,2205,1825,1893,1894],"genre":[],"class_list":{"0":"post-5848","1":"product","2":"type-product","3":"status-publish","4":"has-post-thumbnail","6":"product_cat-salud","7":"product_tag-adelgazante","8":"product_tag-adelgazar","9":"product_tag-agua","10":"product_tag-artium","11":"product_tag-azucar","12":"product_tag-bajar","13":"product_tag-bardana","14":"product_tag-bio","15":"product_tag-celiacos","16":"product_tag-cortezas","17":"product_tag-cutanea","18":"product_tag-cutaneos","19":"product_tag-depurativa","20":"product_tag-diabeticos","21":"product_tag-digestiva","22":"product_tag-diuretica","23":"product_tag-fria","24":"product_tag-fuego","25":"product_tag-gluten","26":"product_tag-hervir","27":"product_tag-hojas","28":"product_tag-huevo","29":"product_tag-infusion","30":"product_tag-lactosa","31":"product_tag-lappa","32":"product_tag-liquidos","33":"product_tag-magnesio","34":"product_tag-natural","35":"product_tag-naturatal","36":"product_tag-naturcid","37":"product_tag-perder","38":"product_tag-perdida","39":"product_tag-peso","40":"product_tag-plameca","41":"product_tag-raices","42":"product_tag-raiz","43":"product_tag-retencion","44":"product_tag-semillas","45":"product_tag-sodorifica","46":"product_tag-sport","47":"product_tag-te","48":"product_tag-teina","49":"product_tag-trituradas","50":"product_tag-vegano","51":"product_tag-veganos","52":"product_tag-vegetariano","54":"first","55":"instock","56":"taxable","57":"shipping-taxable","58":"purchasable","59":"product-type-simple","60":"add-to-wishlist-after_add_to_cart"},"acf":[],"_links":{"self":[{"href":"https:\/\/compraencieza.es\/en\/wp-json\/wp\/v2\/product\/5848","targetHints":{"allow":["GET"]}}],"collection":[{"href":"https:\/\/compraencieza.es\/en\/wp-json\/wp\/v2\/product"}],"about":[{"href":"https:\/\/compraencieza.es\/en\/wp-json\/wp\/v2\/types\/product"}],"replies":[{"embeddable":true,"href":"https:\/\/compraencieza.es\/en\/wp-json\/wp\/v2\/comments?post=5848"}],"wp:featuredmedia":[{"embeddable":true,"href":"https:\/\/compraencieza.es\/en\/wp-json\/wp\/v2\/media\/5032"}],"wp:attachment":[{"href":"https:\/\/compraencieza.es\/en\/wp-json\/wp\/v2\/media?parent=5848"}],"wp:term":[{"taxonomy":"product_cat","embeddable":true,"href":"https:\/\/compraencieza.es\/en\/wp-json\/wp\/v2\/product_cat?post=5848"},{"taxonomy":"product_tag","embeddable":true,"href":"https:\/\/compraencieza.es\/en\/wp-json\/wp\/v2\/product_tag?post=5848"},{"taxonomy":"product_brand","embeddable":true,"href":"https:\/\/compraencieza.es\/en\/wp-json\/wp\/v2\/genre?post=5848"}],"curies":[{"name":"wp","href":"https:\/\/api.w.org\/{rel}","templated":true}]}}