{"id":5852,"date":"2025-01-09T17:10:18","date_gmt":"2025-01-09T16:10:18","guid":{"rendered":"https:\/\/compraencieza.es\/?post_type=product&#038;p=5852"},"modified":"2025-01-09T17:10:23","modified_gmt":"2025-01-09T16:10:23","slug":"fresno-hojas-fraxinus-excelsior-40gr-naturatal","status":"publish","type":"product","link":"https:\/\/compraencieza.es\/en\/product\/fresno-hojas-fraxinus-excelsior-40gr-naturatal\/","title":{"rendered":"Fresno hojas (fraxinus excelsior) 40gr &#8211; Naturatal"},"content":{"rendered":"<p>Hoja cortada.<\/p>\n<p>Modo de empleo recomendado para infusiones:<\/p>\n<p>Verter el contenido de una cucharada sopera en agua hirviendo y apartar del fuego. Tapar el recipiente y dejar reposar de 8 a 10 minutos. Si son raices, cortezas o semillas, hervir a fuego lento de 2 a 4 minutos. Colar y endulzar al gusto.<\/p>","protected":false},"excerpt":{"rendered":"<p>Principalmente diur\u00e9tico y antirreum\u00e1tico, aunque tambi\u00e9n tiene propiedades vasoprotectoras y venot\u00f3nicas, antiinflamatorias y astringentes.<\/p>","protected":false},"featured_media":5066,"comment_status":"open","ping_status":"closed","template":"","meta":{"_acf_changed":false,"inline_featured_image":false},"product_cat":[105],"product_tag":[725,726,1209,2489,1339,1859,133,1797,1860,1861,731,2490,2491,2492,1888,1890,346,1891,428,1863,1240,538,767,864,216,1864,1329,740,568,741,1866,1867,2204,1202,1868,642,236,1869,2205,2493,1825,1893,1894,2494],"genre":[],"class_list":{"0":"post-5852","1":"product","2":"type-product","3":"status-publish","4":"has-post-thumbnail","6":"product_cat-salud","7":"product_tag-adelgazante","8":"product_tag-adelgazar","9":"product_tag-agua","10":"product_tag-antirreumatico","11":"product_tag-azucar","12":"product_tag-bajar","13":"product_tag-bio","14":"product_tag-celiacos","15":"product_tag-cortezas","16":"product_tag-diabeticos","17":"product_tag-diuretico","18":"product_tag-excelsior","19":"product_tag-fraxinus","20":"product_tag-fresno","21":"product_tag-fria","22":"product_tag-fuego","23":"product_tag-gluten","24":"product_tag-hervir","25":"product_tag-hojas","26":"product_tag-huevo","27":"product_tag-infusion","28":"product_tag-lactosa","29":"product_tag-liquidos","30":"product_tag-magnesio","31":"product_tag-natural","32":"product_tag-naturatal","33":"product_tag-naturcid","34":"product_tag-perder","35":"product_tag-perdida","36":"product_tag-peso","37":"product_tag-plameca","38":"product_tag-raices","39":"product_tag-raiz","40":"product_tag-retencion","41":"product_tag-semillas","42":"product_tag-sport","43":"product_tag-te","44":"product_tag-teina","45":"product_tag-trituradas","46":"product_tag-vasoprotector","47":"product_tag-vegano","48":"product_tag-veganos","49":"product_tag-vegetariano","50":"product_tag-venotonico","52":"first","53":"instock","54":"taxable","55":"shipping-taxable","56":"purchasable","57":"product-type-simple","58":"add-to-wishlist-after_add_to_cart"},"acf":[],"_links":{"self":[{"href":"https:\/\/compraencieza.es\/en\/wp-json\/wp\/v2\/product\/5852","targetHints":{"allow":["GET"]}}],"collection":[{"href":"https:\/\/compraencieza.es\/en\/wp-json\/wp\/v2\/product"}],"about":[{"href":"https:\/\/compraencieza.es\/en\/wp-json\/wp\/v2\/types\/product"}],"replies":[{"embeddable":true,"href":"https:\/\/compraencieza.es\/en\/wp-json\/wp\/v2\/comments?post=5852"}],"wp:featuredmedia":[{"embeddable":true,"href":"https:\/\/compraencieza.es\/en\/wp-json\/wp\/v2\/media\/5066"}],"wp:attachment":[{"href":"https:\/\/compraencieza.es\/en\/wp-json\/wp\/v2\/media?parent=5852"}],"wp:term":[{"taxonomy":"product_cat","embeddable":true,"href":"https:\/\/compraencieza.es\/en\/wp-json\/wp\/v2\/product_cat?post=5852"},{"taxonomy":"product_tag","embeddable":true,"href":"https:\/\/compraencieza.es\/en\/wp-json\/wp\/v2\/product_tag?post=5852"},{"taxonomy":"product_brand","embeddable":true,"href":"https:\/\/compraencieza.es\/en\/wp-json\/wp\/v2\/genre?post=5852"}],"curies":[{"name":"wp","href":"https:\/\/api.w.org\/{rel}","templated":true}]}}