{"id":5854,"date":"2025-01-09T17:10:18","date_gmt":"2025-01-09T16:10:18","guid":{"rendered":"https:\/\/compraencieza.es\/?post_type=product&#038;p=5854"},"modified":"2025-01-09T17:22:52","modified_gmt":"2025-01-09T16:22:52","slug":"sen-hojas-enteras-bolsa-50-gr-plameca","status":"publish","type":"product","link":"https:\/\/compraencieza.es\/en\/product\/sen-hojas-enteras-bolsa-50-gr-plameca\/","title":{"rendered":"Sen hojas enteras bolsa 50 gr &#8211; Plameca"},"content":{"rendered":"<p>INGREDIENTS:<br \/>\nSen hoja entera<\/p>\n<p>INDICATIONS:<br \/>\nAll Plameca plants are selected from the best sources, followed by strict internal quality control prior to marketing. To preserve their natural properties, we use a packaging process in rooms with controlled ambient conditions, which is respectful of the environment.<br \/>\nPackaged in a protective atmosphere.<\/p>\n<p>DIRECTIONS FOR USE:<br \/>\nRecommended for infusions: Pour the contents of a tablespoon into boiling water and remove from heat. Cover the container and let it sit for 8 to 10 minutes. If the ingredients are roots, bark or seeds, simmer for 2 to 4 minutes. Strain and sweeten to taste.<\/p>\n<p>PRESENTATION:<br \/>\n50 gr bag<\/p>\n<p class=\"h6\">Ficha t\u00e9cnica<\/p>\n<dl class=\"data-sheet\">\n<dt class=\"name\">Apto diabeticos<\/dt>\n<dd class=\"value\">Si<\/dd>\n<dt class=\"name\">Apto veganos<\/dt>\n<dd class=\"value\">Si<\/dd>\n<dt class=\"name\">Bio<\/dt>\n<dd class=\"value\">No<\/dd>\n<dt class=\"name\">Cantidad medida<\/dt>\n<dd class=\"value\">0,050<\/dd>\n<dt class=\"name\">Congelado<\/dt>\n<dd class=\"value\">No<\/dd>\n<dt class=\"name\">Frio<\/dt>\n<dd class=\"value\">No<\/dd>\n<dt class=\"name\">Gluten<\/dt>\n<dd class=\"value\">No<\/dd>\n<dt class=\"name\">Huevo<\/dt>\n<dd class=\"value\">No<\/dd>\n<dt class=\"name\">Lactosa<\/dt>\n<dd class=\"value\">No<\/dd>\n<dt class=\"name\">Unidad medida<\/dt>\n<dd class=\"value\">kilo<\/dd>\n<\/dl>","protected":false},"excerpt":{"rendered":"<p>Functions:<\/p>\n<p>1. Alivio del estre\u00f1imiento: El sen act\u00faa como un laxante natural, estimulando el movimiento intestinal y ayudando a aliviar el estre\u00f1imiento ocasional.<\/p>\n<p>2. Estimulaci\u00f3n del sistema digestivo: Puede ayudar a mejorar la digesti\u00f3n y promover la regularidad intestinal.<\/p>\n<p>3. Desintoxicaci\u00f3n: Algunas personas lo utilizan como parte de un r\u00e9gimen de desintoxicaci\u00f3n, ya que puede ayudar a eliminar toxinas del cuerpo.<\/p>\n<p>4. Apoyo en dietas de p\u00e9rdida de peso: Aunque no es un m\u00e9todo sostenible, algunas personas lo utilizan para ayudar a perder peso temporalmente debido a su efecto laxante.<\/p>","protected":false},"featured_media":5068,"comment_status":"open","ping_status":"closed","template":"","meta":{"_acf_changed":false,"inline_featured_image":false},"product_cat":[105],"product_tag":[725,726,1209,1339,1859,133,1797,1860,1861,895,2498,2499,2500,2027,1888,1890,346,1891,428,1863,1240,538,2496,1350,767,864,216,1864,1329,740,568,741,1866,1867,2204,1202,1868,2244,642,236,1869,2205,1825,1893,1894],"genre":[],"class_list":{"0":"post-5854","1":"product","2":"type-product","3":"status-publish","4":"has-post-thumbnail","6":"product_cat-salud","7":"product_tag-adelgazante","8":"product_tag-adelgazar","9":"product_tag-agua","10":"product_tag-azucar","11":"product_tag-bajar","12":"product_tag-bio","13":"product_tag-celiacos","14":"product_tag-cortezas","15":"product_tag-diabeticos","16":"product_tag-digestivo","17":"product_tag-entera","18":"product_tag-enteras","19":"product_tag-entero","20":"product_tag-estrenimiento","21":"product_tag-fria","22":"product_tag-fuego","23":"product_tag-gluten","24":"product_tag-hervir","25":"product_tag-hojas","26":"product_tag-huevo","27":"product_tag-infusion","28":"product_tag-lactosa","29":"product_tag-lax","30":"product_tag-laxante","31":"product_tag-liquidos","32":"product_tag-magnesio","33":"product_tag-natural","34":"product_tag-naturatal","35":"product_tag-naturcid","36":"product_tag-perder","37":"product_tag-perdida","38":"product_tag-peso","39":"product_tag-plameca","40":"product_tag-raices","41":"product_tag-raiz","42":"product_tag-retencion","43":"product_tag-semillas","44":"product_tag-sen","45":"product_tag-sport","46":"product_tag-te","47":"product_tag-teina","48":"product_tag-trituradas","49":"product_tag-vegano","50":"product_tag-veganos","51":"product_tag-vegetariano","53":"first","54":"instock","55":"taxable","56":"shipping-taxable","57":"purchasable","58":"product-type-simple","59":"add-to-wishlist-after_add_to_cart"},"acf":[],"_links":{"self":[{"href":"https:\/\/compraencieza.es\/en\/wp-json\/wp\/v2\/product\/5854","targetHints":{"allow":["GET"]}}],"collection":[{"href":"https:\/\/compraencieza.es\/en\/wp-json\/wp\/v2\/product"}],"about":[{"href":"https:\/\/compraencieza.es\/en\/wp-json\/wp\/v2\/types\/product"}],"replies":[{"embeddable":true,"href":"https:\/\/compraencieza.es\/en\/wp-json\/wp\/v2\/comments?post=5854"}],"wp:featuredmedia":[{"embeddable":true,"href":"https:\/\/compraencieza.es\/en\/wp-json\/wp\/v2\/media\/5068"}],"wp:attachment":[{"href":"https:\/\/compraencieza.es\/en\/wp-json\/wp\/v2\/media?parent=5854"}],"wp:term":[{"taxonomy":"product_cat","embeddable":true,"href":"https:\/\/compraencieza.es\/en\/wp-json\/wp\/v2\/product_cat?post=5854"},{"taxonomy":"product_tag","embeddable":true,"href":"https:\/\/compraencieza.es\/en\/wp-json\/wp\/v2\/product_tag?post=5854"},{"taxonomy":"product_brand","embeddable":true,"href":"https:\/\/compraencieza.es\/en\/wp-json\/wp\/v2\/genre?post=5854"}],"curies":[{"name":"wp","href":"https:\/\/api.w.org\/{rel}","templated":true}]}}