{"id":5856,"date":"2025-01-09T17:10:18","date_gmt":"2025-01-09T16:10:18","guid":{"rendered":"https:\/\/compraencieza.es\/?post_type=product&#038;p=5856"},"modified":"2025-01-09T17:22:52","modified_gmt":"2025-01-09T16:22:52","slug":"espino-blanco-crataegus-oxyacantha-50gr-naturatal","status":"publish","type":"product","link":"https:\/\/compraencieza.es\/en\/product\/espino-blanco-crataegus-oxyacantha-50gr-naturatal\/","title":{"rendered":"Espino blanco (crataegus oxyacantha) 50gr &#8211; Naturatal"},"content":{"rendered":"<p>Flor y hoja cortadas.<\/p>\n<p>Modo de empleo recomendado para infusiones:<\/p>\n<p>Verter el contenido de una cucharada sopera en agua hirviendo y apartar del fuego. Tapar el recipiente y dejar reposar de 8 a 10 minutos. Si son raices, cortezas o semillas, hervir a fuego lento de 2 a 4 minutos. Colar y endulzar al gusto.<\/p>","protected":false},"excerpt":{"rendered":"<p>Funciones: T\u00f3nico circulatorio y en especial card\u00edaco. Reguladora de la presi\u00f3n arterial (compensadora).<br \/>\nLigeramente sedante.<\/p>","protected":false},"featured_media":5070,"comment_status":"open","ping_status":"closed","template":"","meta":{"_acf_changed":false,"inline_featured_image":false},"product_cat":[105],"product_tag":[725,726,1209,2502,1339,1859,133,674,1797,1860,1861,1888,1890,346,1891,428,1863,1240,538,767,864,216,1864,1329,740,568,741,1866,544,1867,2204,1202,2306,1868,642,236,1869,2315,2205,1825,1893,1894],"genre":[],"class_list":{"0":"post-5856","1":"product","2":"type-product","3":"status-publish","4":"has-post-thumbnail","6":"product_cat-salud","7":"product_tag-adelgazante","8":"product_tag-adelgazar","9":"product_tag-agua","10":"product_tag-arterial","11":"product_tag-azucar","12":"product_tag-bajar","13":"product_tag-bio","14":"product_tag-cardiaco","15":"product_tag-celiacos","16":"product_tag-cortezas","17":"product_tag-diabeticos","18":"product_tag-fria","19":"product_tag-fuego","20":"product_tag-gluten","21":"product_tag-hervir","22":"product_tag-hojas","23":"product_tag-huevo","24":"product_tag-infusion","25":"product_tag-lactosa","26":"product_tag-liquidos","27":"product_tag-magnesio","28":"product_tag-natural","29":"product_tag-naturatal","30":"product_tag-naturcid","31":"product_tag-perder","32":"product_tag-perdida","33":"product_tag-peso","34":"product_tag-plameca","35":"product_tag-presion","36":"product_tag-raices","37":"product_tag-raiz","38":"product_tag-retencion","39":"product_tag-sedante","40":"product_tag-semillas","41":"product_tag-sport","42":"product_tag-te","43":"product_tag-teina","44":"product_tag-tonico","45":"product_tag-trituradas","46":"product_tag-vegano","47":"product_tag-veganos","48":"product_tag-vegetariano","50":"first","51":"instock","52":"taxable","53":"shipping-taxable","54":"purchasable","55":"product-type-simple","56":"add-to-wishlist-after_add_to_cart"},"acf":[],"_links":{"self":[{"href":"https:\/\/compraencieza.es\/en\/wp-json\/wp\/v2\/product\/5856","targetHints":{"allow":["GET"]}}],"collection":[{"href":"https:\/\/compraencieza.es\/en\/wp-json\/wp\/v2\/product"}],"about":[{"href":"https:\/\/compraencieza.es\/en\/wp-json\/wp\/v2\/types\/product"}],"replies":[{"embeddable":true,"href":"https:\/\/compraencieza.es\/en\/wp-json\/wp\/v2\/comments?post=5856"}],"wp:featuredmedia":[{"embeddable":true,"href":"https:\/\/compraencieza.es\/en\/wp-json\/wp\/v2\/media\/5070"}],"wp:attachment":[{"href":"https:\/\/compraencieza.es\/en\/wp-json\/wp\/v2\/media?parent=5856"}],"wp:term":[{"taxonomy":"product_cat","embeddable":true,"href":"https:\/\/compraencieza.es\/en\/wp-json\/wp\/v2\/product_cat?post=5856"},{"taxonomy":"product_tag","embeddable":true,"href":"https:\/\/compraencieza.es\/en\/wp-json\/wp\/v2\/product_tag?post=5856"},{"taxonomy":"product_brand","embeddable":true,"href":"https:\/\/compraencieza.es\/en\/wp-json\/wp\/v2\/genre?post=5856"}],"curies":[{"name":"wp","href":"https:\/\/api.w.org\/{rel}","templated":true}]}}