{"id":5859,"date":"2025-01-09T17:10:19","date_gmt":"2025-01-09T16:10:19","guid":{"rendered":"https:\/\/compraencieza.es\/?post_type=product&#038;p=5859"},"modified":"2025-01-09T17:22:03","modified_gmt":"2025-01-09T16:22:03","slug":"cola-de-caballo-b-40-gr-naturcid","status":"publish","type":"product","link":"https:\/\/compraencieza.es\/en\/product\/cola-de-caballo-b-40-gr-naturcid\/","title":{"rendered":"Cola de caballo b.40 gr. Naturcid"},"content":{"rendered":"<p>COLA DE CABALLO 40 GR<\/p>\n<p>INGREDIENTS:<br \/>\nPlanta Cola de Caballo<\/p>\n<p>INDICATIONS:<br \/>\nEn caso de hipertensi\u00f3n, cardiopat\u00edas graves y durante el embarazo y lactancia.<\/p>\n<p>DIRECTIONS FOR USE:<br \/>\nSe recomienda hervir durante unos instantes 1 cucharada de planta por vaso de agua. Dejar reposar unos minutos, colar y tomar 3-4 veces al d\u00eda.<\/p>\n<p>CONSERVATION:<br \/>\nConservar en un lugar seco y fresco<\/p>\n<p>PRESENTATION:<br \/>\n40g<\/p>\n<p class=\"h6\">Ficha t\u00e9cnica<\/p>\n<dl class=\"data-sheet\">\n<dt class=\"name\">Apto diabeticos<\/dt>\n<dd class=\"value\">No<\/dd>\n<dt class=\"name\">Apto veganos<\/dt>\n<dd class=\"value\">Si<\/dd>\n<dt class=\"name\">Bio<\/dt>\n<dd class=\"value\">No<\/dd>\n<dt class=\"name\">Cantidad medida<\/dt>\n<dd class=\"value\">0,040<\/dd>\n<dt class=\"name\">Congelado<\/dt>\n<dd class=\"value\">No<\/dd>\n<dt class=\"name\">Frio<\/dt>\n<dd class=\"value\">No<\/dd>\n<dt class=\"name\">Gluten<\/dt>\n<dd class=\"value\">&#8212;<\/dd>\n<dt class=\"name\">Huevo<\/dt>\n<dd class=\"value\">No<\/dd>\n<dt class=\"name\">Lactosa<\/dt>\n<dd class=\"value\">No<\/dd>\n<dt class=\"name\">Unidad medida<\/dt>\n<dd class=\"value\">kilo<\/dd>\n<\/dl>","protected":false},"excerpt":{"rendered":"<p>1. Diur\u00e9tica: Ayuda a aumentar la producci\u00f3n de orina, lo que puede ser \u00fatil para eliminar toxinas del cuerpo y reducir la retenci\u00f3n de l\u00edquidos.<\/p>\n<p>2. Rica en Silicio: Contiene silicio, un mineral que puede contribuir a la salud de los huesos, piel, cabello y u\u00f1as.<\/p>\n<p>3. Antiinflamatoria: Puede ayudar a reducir la inflamaci\u00f3n en el cuerpo, lo que es beneficioso para condiciones como la artritis.<\/p>\n<p>4. Cicatrizante: Se ha utilizado para ayudar en la curaci\u00f3n de heridas y mejorar la salud de la piel.<\/p>\n<p>5. Fortalecimiento del cabello: Algunas personas la utilizan para mejorar la salud del cabello y prevenir la ca\u00edda.<\/p>","protected":false},"featured_media":5073,"comment_status":"open","ping_status":"closed","template":"","meta":{"_acf_changed":false,"inline_featured_image":false},"product_cat":[105],"product_tag":[2514,725,726,1209,1339,1859,133,2079,195,1797,2221,2080,1860,1861,1888,1890,346,1891,428,1863,1240,538,767,864,216,1864,1329,740,568,741,1866,1867,2204,1202,1868,867,642,236,1869,2205,1825,1893,1894],"genre":[],"class_list":{"0":"post-5859","1":"product","2":"type-product","3":"status-publish","4":"has-post-thumbnail","6":"product_cat-salud","7":"product_tag-2514","8":"product_tag-adelgazante","9":"product_tag-adelgazar","10":"product_tag-agua","11":"product_tag-azucar","12":"product_tag-bajar","13":"product_tag-bio","14":"product_tag-caballo","15":"product_tag-cabello","16":"product_tag-celiacos","17":"product_tag-cicatrizante","18":"product_tag-cola","19":"product_tag-cortezas","20":"product_tag-diabeticos","21":"product_tag-fria","22":"product_tag-fuego","23":"product_tag-gluten","24":"product_tag-hervir","25":"product_tag-hojas","26":"product_tag-huevo","27":"product_tag-infusion","28":"product_tag-lactosa","29":"product_tag-liquidos","30":"product_tag-magnesio","31":"product_tag-natural","32":"product_tag-naturatal","33":"product_tag-naturcid","34":"product_tag-perder","35":"product_tag-perdida","36":"product_tag-peso","37":"product_tag-plameca","38":"product_tag-raices","39":"product_tag-raiz","40":"product_tag-retencion","41":"product_tag-semillas","42":"product_tag-silicio","43":"product_tag-sport","44":"product_tag-te","45":"product_tag-teina","46":"product_tag-trituradas","47":"product_tag-vegano","48":"product_tag-veganos","49":"product_tag-vegetariano","51":"first","52":"instock","53":"taxable","54":"shipping-taxable","55":"purchasable","56":"product-type-simple","57":"add-to-wishlist-after_add_to_cart"},"acf":[],"_links":{"self":[{"href":"https:\/\/compraencieza.es\/en\/wp-json\/wp\/v2\/product\/5859","targetHints":{"allow":["GET"]}}],"collection":[{"href":"https:\/\/compraencieza.es\/en\/wp-json\/wp\/v2\/product"}],"about":[{"href":"https:\/\/compraencieza.es\/en\/wp-json\/wp\/v2\/types\/product"}],"replies":[{"embeddable":true,"href":"https:\/\/compraencieza.es\/en\/wp-json\/wp\/v2\/comments?post=5859"}],"wp:featuredmedia":[{"embeddable":true,"href":"https:\/\/compraencieza.es\/en\/wp-json\/wp\/v2\/media\/5073"}],"wp:attachment":[{"href":"https:\/\/compraencieza.es\/en\/wp-json\/wp\/v2\/media?parent=5859"}],"wp:term":[{"taxonomy":"product_cat","embeddable":true,"href":"https:\/\/compraencieza.es\/en\/wp-json\/wp\/v2\/product_cat?post=5859"},{"taxonomy":"product_tag","embeddable":true,"href":"https:\/\/compraencieza.es\/en\/wp-json\/wp\/v2\/product_tag?post=5859"},{"taxonomy":"product_brand","embeddable":true,"href":"https:\/\/compraencieza.es\/en\/wp-json\/wp\/v2\/genre?post=5859"}],"curies":[{"name":"wp","href":"https:\/\/api.w.org\/{rel}","templated":true}]}}