{"id":5861,"date":"2025-01-09T17:10:19","date_gmt":"2025-01-09T16:10:19","guid":{"rendered":"https:\/\/compraencieza.es\/?post_type=product&#038;p=5861"},"modified":"2025-01-09T17:22:04","modified_gmt":"2025-01-09T16:22:04","slug":"pack-locion-desprende-lendres-vinagre-de-quassia-nosa150ml","status":"publish","type":"product","link":"https:\/\/compraencieza.es\/en\/product\/pack-locion-desprende-lendres-vinagre-de-quassia-nosa150ml\/","title":{"rendered":"Pack Lotion Removes Lendres Vinegar from Quassia Nosa 150ml"},"content":{"rendered":"<ul id=\"moreinfo\" class=\"tm_productinner tab-pane active\">\n<li>El Vinagre de Quassia ha sido tradicionalmente usado como inhibidor de la formaci\u00f3n de quitina que impide que las liendres se peguen al pelo y a la vez ayuda a disolverlas favoreciendo el desprendimiento.La dimeticona protege y aporta suavidad al cabello facilitando el peinado y el uso de la lendrera. Se recomienda usar la Loci\u00f3n de Vinagre de Quassia Nosaattack despu\u00e9s de una infestaci\u00f3n, si se observan liendres adheridas al cabello o para pasar la lendrera Nosaattack y detectar si hay liendres o huevos. Sin insecticidas. Sin parabenos.<br \/>Modo Empleo: Aplicar la loci\u00f3n Vinagre de Quassia Nosaattack durante 7 d\u00edas seguidos sobre el cabello seco. Primero vaporizar en general y peinar el cabello para desenredarlo. Despu\u00e9s aplicar el producto en mechones del cabello y pasar el peine lendrera Nosaattack cuidadosamente desde la ra\u00edz hasta las puntas. Despu\u00e9s lavar el cabello. Si se desea puede dejar actuar la loci\u00f3n durante la noche o durante unas horas antes de peinar y lavar. Para mayor eficacia se recomienda el uso del peine Nosaattack Premium de doble canal.<\/li>\n<\/ul>\n<p><\/p>\n<ul id=\"moreinfo\" class=\"tm_productinner tab-pane active\">\n<li>Ingredientes: AQUA, CYCLOPENTASILOXANE, CYCLOHEXASILOXANE, DIMETHICONE, ACETUM, PROPYLENE GLYCOL, QUASSIA AM-ARA WOOD EXTRACT, PRUNUS ARMENIACA FRUIT EXTRACT, PRUNUS PERSICA FRUIT EXTRACT, PYRUS MALUS FRUIT EX-TRACT, PARFUM, DIAZOLIDINYL UREA, SODIUM BENZOATE, POTASSIUM SORBATE, PEG-60 HYDROGENATED CASTOR OIL, POLYSORBATE 80, ALCOHOL DENAT, IMIDAZOLIDINYL UREA, CI 42045, CI 16255.<br \/>Presentaci\u00f3n: Loci\u00f3n 150 ml<\/li>\n<\/ul>","protected":false},"excerpt":{"rendered":"<p>La loci\u00f3n Vinagre de Quassia Nosaattack est\u00e1 indicada para peinar el cabello sin tirones y ayudar a desprender las liendres adheridas al cabello. Est\u00e1 formulado con Vinagre y Dimeticona.<\/p>\n<p>Lendrera y tatoo gratis con la loci\u00f3n.<\/p>","protected":false},"featured_media":5075,"comment_status":"open","ping_status":"closed","template":"","meta":{"_acf_changed":false,"inline_featured_image":false},"product_cat":[105],"product_tag":[2376,219,195,2517,2518,2519,2520,2521,2522,2081,2523,1123,1124,2524,2383,2384,1244,200,231,2525,2526,233,2527,2528,2529,2530,171,206,743],"genre":[],"class_list":{"0":"post-5861","1":"product","2":"type-product","3":"status-publish","4":"has-post-thumbnail","6":"product_cat-salud","7":"product_tag-atack","8":"product_tag-attack","9":"product_tag-cabello","10":"product_tag-cuasia","11":"product_tag-cuassia","12":"product_tag-desenreda","13":"product_tag-dimeticonas","14":"product_tag-enredo","15":"product_tag-huevos","16":"product_tag-infeccion","17":"product_tag-infestacion","18":"product_tag-insecto","19":"product_tag-insectos","20":"product_tag-lendrera","21":"product_tag-lendres","22":"product_tag-liendres","23":"product_tag-locion","24":"product_tag-nosa","25":"product_tag-pediculosis","26":"product_tag-peinar","27":"product_tag-pijojos","28":"product_tag-piojos","29":"product_tag-premium","30":"product_tag-quasia","31":"product_tag-quassia","32":"product_tag-quitina","33":"product_tag-silicona","34":"product_tag-tirones","35":"product_tag-vinagre","37":"first","38":"onbackorder","39":"taxable","40":"shipping-taxable","41":"purchasable","42":"product-type-simple","43":"add-to-wishlist-after_add_to_cart"},"acf":[],"_links":{"self":[{"href":"https:\/\/compraencieza.es\/en\/wp-json\/wp\/v2\/product\/5861","targetHints":{"allow":["GET"]}}],"collection":[{"href":"https:\/\/compraencieza.es\/en\/wp-json\/wp\/v2\/product"}],"about":[{"href":"https:\/\/compraencieza.es\/en\/wp-json\/wp\/v2\/types\/product"}],"replies":[{"embeddable":true,"href":"https:\/\/compraencieza.es\/en\/wp-json\/wp\/v2\/comments?post=5861"}],"wp:featuredmedia":[{"embeddable":true,"href":"https:\/\/compraencieza.es\/en\/wp-json\/wp\/v2\/media\/5075"}],"wp:attachment":[{"href":"https:\/\/compraencieza.es\/en\/wp-json\/wp\/v2\/media?parent=5861"}],"wp:term":[{"taxonomy":"product_cat","embeddable":true,"href":"https:\/\/compraencieza.es\/en\/wp-json\/wp\/v2\/product_cat?post=5861"},{"taxonomy":"product_tag","embeddable":true,"href":"https:\/\/compraencieza.es\/en\/wp-json\/wp\/v2\/product_tag?post=5861"},{"taxonomy":"product_brand","embeddable":true,"href":"https:\/\/compraencieza.es\/en\/wp-json\/wp\/v2\/genre?post=5861"}],"curies":[{"name":"wp","href":"https:\/\/api.w.org\/{rel}","templated":true}]}}